{"id":3344,"date":"2026-03-27T17:19:16","date_gmt":"2026-03-27T17:19:16","guid":{"rendered":"https:\/\/worldacademyofhumanmovement.com\/?page_id=3344"},"modified":"2026-03-27T17:30:49","modified_gmt":"2026-03-27T17:30:49","slug":"deposer-mes-videos","status":"publish","type":"page","link":"https:\/\/worldacademyofhumanmovement.com\/fr\/deposer-mes-videos\/","title":{"rendered":"D\u00e9poser mes vid\u00e9os"},"content":{"rendered":"<!--themify_builder_content-->\n<div id=\"themify_builder_content-3344\" data-postid=\"3344\" class=\"themify_builder_content themify_builder_content-3344 themify_builder tf_clear\">\n                    <div  data-lazy=\"1\" class=\"module_row themify_builder_row tb_5yzr210 tb_first tf_w\">\n                        <div class=\"row_inner col_align_top tb_col_count_1 tf_box tf_rel\">\n                        <div  data-lazy=\"1\" class=\"module_column tb-column col-full tb_uyds211 first\">\n                    <!-- module image -->\n<div  class=\"module module-image tb_5o9l826 image-top rounded bordered  tf_mw\" data-lazy=\"1\">\n        <div class=\"image-wrap tf_rel tf_mw\">\n            <img loading=\"lazy\" decoding=\"async\" src=\"https:\/\/worldacademyofhumanmovement.com\/wp-content\/uploads\/2026\/01\/World-Academy-of-Human-Movement-Logo-120x90.webp\" width=\"120\" height=\"90\" class=\"wp-post-image wp-image-921\" title=\"WAHM - Logo\" alt=\"WAHM - Logo\" srcset=\"https:\/\/worldacademyofhumanmovement.com\/wp-content\/uploads\/2026\/01\/World-Academy-of-Human-Movement-Logo-120x90.webp 120w, https:\/\/worldacademyofhumanmovement.com\/wp-content\/uploads\/2026\/01\/World-Academy-of-Human-Movement-Logo-600x450.webp 600w, https:\/\/worldacademyofhumanmovement.com\/wp-content\/uploads\/2026\/01\/World-Academy-of-Human-Movement-Logo-300x225.webp 300w, https:\/\/worldacademyofhumanmovement.com\/wp-content\/uploads\/2026\/01\/World-Academy-of-Human-Movement-Logo-768x576.webp 768w, https:\/\/worldacademyofhumanmovement.com\/wp-content\/uploads\/2026\/01\/World-Academy-of-Human-Movement-Logo-100x75.webp 100w, https:\/\/worldacademyofhumanmovement.com\/wp-content\/uploads\/2026\/01\/World-Academy-of-Human-Movement-Logo-50x37.webp 50w, https:\/\/worldacademyofhumanmovement.com\/wp-content\/uploads\/2026\/01\/World-Academy-of-Human-Movement-Logo-70x52.webp 70w, https:\/\/worldacademyofhumanmovement.com\/wp-content\/uploads\/2026\/01\/World-Academy-of-Human-Movement-Logo-80x60.webp 80w, https:\/\/worldacademyofhumanmovement.com\/wp-content\/uploads\/2026\/01\/World-Academy-of-Human-Movement-Logo-90x67.webp 90w, https:\/\/worldacademyofhumanmovement.com\/wp-content\/uploads\/2026\/01\/World-Academy-of-Human-Movement-Logo-150x112.webp 150w, https:\/\/worldacademyofhumanmovement.com\/wp-content\/uploads\/2026\/01\/World-Academy-of-Human-Movement-Logo.webp 800w\" sizes=\"auto, (max-width: 120px) 100vw, 120px\" \/>    \n        <\/div>\n    <!-- \/image-wrap -->\n    \n        <\/div>\n<!-- \/module image --><!-- module plain text -->\n<div  class=\"module module-plain-text tb_5uaw325 \" data-lazy=\"1\">\n        <div class=\"tb_text_wrap\">\n    <p>Vous devez \u00eatre connect\u00e9 pour acc\u00e9der \u00e0 cette page.<\/p>    <\/div>\n<\/div>\n<!-- \/module plain text -->        <\/div>\n                        <\/div>\n        <\/div>\n        <\/div>\n<!--\/themify_builder_content-->","protected":false},"excerpt":{"rendered":"","protected":false},"author":1,"featured_media":0,"parent":0,"menu_order":0,"comment_status":"closed","ping_status":"closed","template":"","meta":{"footnotes":""},"class_list":["post-3344","page","type-page","status-publish","hentry","has-post-title","has-post-date","has-post-category","has-post-tag","has-post-comment","has-post-author",""],"yoast_head":"<!-- This site is optimized with the Yoast SEO plugin v27.3 - https:\/\/yoast.com\/product\/yoast-seo-wordpress\/ -->\n<title>D\u00e9poser mes vid\u00e9os - WAHM<\/title>\n<meta name=\"robots\" content=\"index, follow, max-snippet:-1, max-image-preview:large, max-video-preview:-1\" \/>\n<link rel=\"canonical\" href=\"https:\/\/worldacademyofhumanmovement.com\/fr\/deposer-mes-videos\/\" \/>\n<meta property=\"og:locale\" content=\"fr_FR\" \/>\n<meta property=\"og:type\" content=\"article\" \/>\n<meta property=\"og:title\" content=\"D\u00e9poser mes vid\u00e9os - WAHM\" \/>\n<meta property=\"og:url\" content=\"https:\/\/worldacademyofhumanmovement.com\/fr\/deposer-mes-videos\/\" \/>\n<meta property=\"og:site_name\" content=\"WAHM\" \/>\n<meta property=\"article:modified_time\" content=\"2026-03-27T17:30:49+00:00\" \/>\n<meta property=\"og:image\" content=\"https:\/\/worldacademyofhumanmovement.com\/wp-content\/uploads\/2026\/01\/World-Academy-of-Human-Movement-Logo.webp\" \/>\n\t<meta property=\"og:image:width\" content=\"800\" \/>\n\t<meta property=\"og:image:height\" content=\"600\" \/>\n\t<meta property=\"og:image:type\" content=\"image\/webp\" \/>\n<meta name=\"twitter:card\" content=\"summary_large_image\" \/>\n<script type=\"application\/ld+json\" class=\"yoast-schema-graph\">{\"@context\":\"https:\\\/\\\/schema.org\",\"@graph\":[{\"@type\":\"WebPage\",\"@id\":\"https:\\\/\\\/worldacademyofhumanmovement.com\\\/fr\\\/deposer-mes-videos\\\/\",\"url\":\"https:\\\/\\\/worldacademyofhumanmovement.com\\\/fr\\\/deposer-mes-videos\\\/\",\"name\":\"D\u00e9poser mes vid\u00e9os - WAHM\",\"isPartOf\":{\"@id\":\"https:\\\/\\\/worldacademyofhumanmovement.com\\\/fr\\\/#website\"},\"primaryImageOfPage\":{\"@id\":\"https:\\\/\\\/worldacademyofhumanmovement.com\\\/fr\\\/deposer-mes-videos\\\/#primaryimage\"},\"image\":{\"@id\":\"https:\\\/\\\/worldacademyofhumanmovement.com\\\/fr\\\/deposer-mes-videos\\\/#primaryimage\"},\"thumbnailUrl\":\"https:\\\/\\\/worldacademyofhumanmovement.com\\\/wp-content\\\/uploads\\\/2026\\\/01\\\/World-Academy-of-Human-Movement-Logo-120x90.webp\",\"datePublished\":\"2026-03-27T17:19:16+00:00\",\"dateModified\":\"2026-03-27T17:30:49+00:00\",\"breadcrumb\":{\"@id\":\"https:\\\/\\\/worldacademyofhumanmovement.com\\\/fr\\\/deposer-mes-videos\\\/#breadcrumb\"},\"inLanguage\":\"fr-FR\",\"potentialAction\":[{\"@type\":\"ReadAction\",\"target\":[\"https:\\\/\\\/worldacademyofhumanmovement.com\\\/fr\\\/deposer-mes-videos\\\/\"]}]},{\"@type\":\"ImageObject\",\"inLanguage\":\"fr-FR\",\"@id\":\"https:\\\/\\\/worldacademyofhumanmovement.com\\\/fr\\\/deposer-mes-videos\\\/#primaryimage\",\"url\":\"https:\\\/\\\/worldacademyofhumanmovement.com\\\/wp-content\\\/uploads\\\/2026\\\/01\\\/World-Academy-of-Human-Movement-Logo-120x90.webp\",\"contentUrl\":\"https:\\\/\\\/worldacademyofhumanmovement.com\\\/wp-content\\\/uploads\\\/2026\\\/01\\\/World-Academy-of-Human-Movement-Logo-120x90.webp\"},{\"@type\":\"BreadcrumbList\",\"@id\":\"https:\\\/\\\/worldacademyofhumanmovement.com\\\/fr\\\/deposer-mes-videos\\\/#breadcrumb\",\"itemListElement\":[{\"@type\":\"ListItem\",\"position\":1,\"name\":\"Accueil\",\"item\":\"https:\\\/\\\/worldacademyofhumanmovement.com\\\/fr\\\/\"},{\"@type\":\"ListItem\",\"position\":2,\"name\":\"D\u00e9poser mes vid\u00e9os\"}]},{\"@type\":\"WebSite\",\"@id\":\"https:\\\/\\\/worldacademyofhumanmovement.com\\\/fr\\\/#website\",\"url\":\"https:\\\/\\\/worldacademyofhumanmovement.com\\\/fr\\\/\",\"name\":\"WAHM\",\"description\":\"La plateforme mondiale qui r\u00e9unit les meilleures formations en sant\u00e9, coaching, bien-\u00eatre et performance.\",\"potentialAction\":[{\"@type\":\"SearchAction\",\"target\":{\"@type\":\"EntryPoint\",\"urlTemplate\":\"https:\\\/\\\/worldacademyofhumanmovement.com\\\/fr\\\/?s={search_term_string}\"},\"query-input\":{\"@type\":\"PropertyValueSpecification\",\"valueRequired\":true,\"valueName\":\"search_term_string\"}}],\"inLanguage\":\"fr-FR\"}]}<\/script>\n<!-- \/ Yoast SEO plugin. -->","yoast_head_json":{"title":"D\u00e9poser mes vid\u00e9os - WAHM","robots":{"index":"index","follow":"follow","max-snippet":"max-snippet:-1","max-image-preview":"max-image-preview:large","max-video-preview":"max-video-preview:-1"},"canonical":"https:\/\/worldacademyofhumanmovement.com\/fr\/deposer-mes-videos\/","og_locale":"fr_FR","og_type":"article","og_title":"D\u00e9poser mes vid\u00e9os - WAHM","og_url":"https:\/\/worldacademyofhumanmovement.com\/fr\/deposer-mes-videos\/","og_site_name":"WAHM","article_modified_time":"2026-03-27T17:30:49+00:00","og_image":[{"width":800,"height":600,"url":"https:\/\/worldacademyofhumanmovement.com\/wp-content\/uploads\/2026\/01\/World-Academy-of-Human-Movement-Logo.webp","type":"image\/webp"}],"twitter_card":"summary_large_image","schema":{"@context":"https:\/\/schema.org","@graph":[{"@type":"WebPage","@id":"https:\/\/worldacademyofhumanmovement.com\/fr\/deposer-mes-videos\/","url":"https:\/\/worldacademyofhumanmovement.com\/fr\/deposer-mes-videos\/","name":"D\u00e9poser mes vid\u00e9os - WAHM","isPartOf":{"@id":"https:\/\/worldacademyofhumanmovement.com\/fr\/#website"},"primaryImageOfPage":{"@id":"https:\/\/worldacademyofhumanmovement.com\/fr\/deposer-mes-videos\/#primaryimage"},"image":{"@id":"https:\/\/worldacademyofhumanmovement.com\/fr\/deposer-mes-videos\/#primaryimage"},"thumbnailUrl":"https:\/\/worldacademyofhumanmovement.com\/wp-content\/uploads\/2026\/01\/World-Academy-of-Human-Movement-Logo-120x90.webp","datePublished":"2026-03-27T17:19:16+00:00","dateModified":"2026-03-27T17:30:49+00:00","breadcrumb":{"@id":"https:\/\/worldacademyofhumanmovement.com\/fr\/deposer-mes-videos\/#breadcrumb"},"inLanguage":"fr-FR","potentialAction":[{"@type":"ReadAction","target":["https:\/\/worldacademyofhumanmovement.com\/fr\/deposer-mes-videos\/"]}]},{"@type":"ImageObject","inLanguage":"fr-FR","@id":"https:\/\/worldacademyofhumanmovement.com\/fr\/deposer-mes-videos\/#primaryimage","url":"https:\/\/worldacademyofhumanmovement.com\/wp-content\/uploads\/2026\/01\/World-Academy-of-Human-Movement-Logo-120x90.webp","contentUrl":"https:\/\/worldacademyofhumanmovement.com\/wp-content\/uploads\/2026\/01\/World-Academy-of-Human-Movement-Logo-120x90.webp"},{"@type":"BreadcrumbList","@id":"https:\/\/worldacademyofhumanmovement.com\/fr\/deposer-mes-videos\/#breadcrumb","itemListElement":[{"@type":"ListItem","position":1,"name":"Accueil","item":"https:\/\/worldacademyofhumanmovement.com\/fr\/"},{"@type":"ListItem","position":2,"name":"D\u00e9poser mes vid\u00e9os"}]},{"@type":"WebSite","@id":"https:\/\/worldacademyofhumanmovement.com\/fr\/#website","url":"https:\/\/worldacademyofhumanmovement.com\/fr\/","name":"WAHM","description":"La plateforme mondiale qui r\u00e9unit les meilleures formations en sant\u00e9, coaching, bien-\u00eatre et performance.","potentialAction":[{"@type":"SearchAction","target":{"@type":"EntryPoint","urlTemplate":"https:\/\/worldacademyofhumanmovement.com\/fr\/?s={search_term_string}"},"query-input":{"@type":"PropertyValueSpecification","valueRequired":true,"valueName":"search_term_string"}}],"inLanguage":"fr-FR"}]}},"builder_content":"<img src=\"https:\/\/worldacademyofhumanmovement.com\/wp-content\/uploads\/2026\/01\/World-Academy-of-Human-Movement-Logo-120x90.webp\" width=\"120\" height=\"90\" title=\"WAHM - Logo\" alt=\"WAHM - Logo\" srcset=\"https:\/\/worldacademyofhumanmovement.com\/wp-content\/uploads\/2026\/01\/World-Academy-of-Human-Movement-Logo-120x90.webp 120w, https:\/\/worldacademyofhumanmovement.com\/wp-content\/uploads\/2026\/01\/World-Academy-of-Human-Movement-Logo-600x450.webp 600w, https:\/\/worldacademyofhumanmovement.com\/wp-content\/uploads\/2026\/01\/World-Academy-of-Human-Movement-Logo-300x225.webp 300w, https:\/\/worldacademyofhumanmovement.com\/wp-content\/uploads\/2026\/01\/World-Academy-of-Human-Movement-Logo-768x576.webp 768w, https:\/\/worldacademyofhumanmovement.com\/wp-content\/uploads\/2026\/01\/World-Academy-of-Human-Movement-Logo-100x75.webp 100w, https:\/\/worldacademyofhumanmovement.com\/wp-content\/uploads\/2026\/01\/World-Academy-of-Human-Movement-Logo-50x37.webp 50w, https:\/\/worldacademyofhumanmovement.com\/wp-content\/uploads\/2026\/01\/World-Academy-of-Human-Movement-Logo-70x52.webp 70w, https:\/\/worldacademyofhumanmovement.com\/wp-content\/uploads\/2026\/01\/World-Academy-of-Human-Movement-Logo-80x60.webp 80w, https:\/\/worldacademyofhumanmovement.com\/wp-content\/uploads\/2026\/01\/World-Academy-of-Human-Movement-Logo-90x67.webp 90w, https:\/\/worldacademyofhumanmovement.com\/wp-content\/uploads\/2026\/01\/World-Academy-of-Human-Movement-Logo-150x112.webp 150w, https:\/\/worldacademyofhumanmovement.com\/wp-content\/uploads\/2026\/01\/World-Academy-of-Human-Movement-Logo.webp 800w\" sizes=\"(max-width: 120px) 100vw, 120px\" \/>\n[wahm_video_upload]","_links":{"self":[{"href":"https:\/\/worldacademyofhumanmovement.com\/fr\/wp-json\/wp\/v2\/pages\/3344","targetHints":{"allow":["GET"]}}],"collection":[{"href":"https:\/\/worldacademyofhumanmovement.com\/fr\/wp-json\/wp\/v2\/pages"}],"about":[{"href":"https:\/\/worldacademyofhumanmovement.com\/fr\/wp-json\/wp\/v2\/types\/page"}],"author":[{"embeddable":true,"href":"https:\/\/worldacademyofhumanmovement.com\/fr\/wp-json\/wp\/v2\/users\/1"}],"replies":[{"embeddable":true,"href":"https:\/\/worldacademyofhumanmovement.com\/fr\/wp-json\/wp\/v2\/comments?post=3344"}],"version-history":[{"count":18,"href":"https:\/\/worldacademyofhumanmovement.com\/fr\/wp-json\/wp\/v2\/pages\/3344\/revisions"}],"predecessor-version":[{"id":3362,"href":"https:\/\/worldacademyofhumanmovement.com\/fr\/wp-json\/wp\/v2\/pages\/3344\/revisions\/3362"}],"wp:attachment":[{"href":"https:\/\/worldacademyofhumanmovement.com\/fr\/wp-json\/wp\/v2\/media?parent=3344"}],"curies":[{"name":"wp","href":"https:\/\/api.w.org\/{rel}","templated":true}]}}