{"id":2942,"date":"2026-03-14T18:08:30","date_gmt":"2026-03-14T18:08:30","guid":{"rendered":"https:\/\/worldacademyofhumanmovement.com\/mon-compte-2\/"},"modified":"2026-03-14T19:52:21","modified_gmt":"2026-03-14T19:52:21","slug":"mon-compte-2","status":"publish","type":"page","link":"https:\/\/worldacademyofhumanmovement.com\/fr\/mon-compte-2\/","title":{"rendered":"Mon compte"},"content":{"rendered":"<div class=\"woocommerce\"><\/div>\n\n\n<!-- wp:themify-builder\/canvas \/-->","protected":false},"excerpt":{"rendered":"","protected":false},"author":1,"featured_media":0,"parent":0,"menu_order":0,"comment_status":"closed","ping_status":"closed","template":"","meta":{"footnotes":""},"class_list":["post-2942","page","type-page","status-publish","hentry","has-post-title","has-post-date","has-post-category","has-post-tag","has-post-comment","has-post-author",""],"yoast_head":"<!-- This site is optimized with the Yoast SEO plugin v27.3 - https:\/\/yoast.com\/product\/yoast-seo-wordpress\/ -->\n<title>Mon compte - WAHM<\/title>\n<meta name=\"robots\" content=\"index, follow, max-snippet:-1, max-image-preview:large, max-video-preview:-1\" \/>\n<link rel=\"canonical\" href=\"https:\/\/worldacademyofhumanmovement.com\/fr\/mon-compte-2\/\" \/>\n<meta property=\"og:locale\" content=\"fr_FR\" \/>\n<meta property=\"og:type\" content=\"article\" \/>\n<meta property=\"og:title\" content=\"Mon compte - WAHM\" \/>\n<meta property=\"og:url\" content=\"https:\/\/worldacademyofhumanmovement.com\/fr\/mon-compte-2\/\" \/>\n<meta property=\"og:site_name\" content=\"WAHM\" \/>\n<meta property=\"article:modified_time\" content=\"2026-03-14T19:52:21+00:00\" \/>\n<meta name=\"twitter:card\" content=\"summary_large_image\" \/>\n<meta name=\"twitter:label1\" content=\"Dur\u00e9e de lecture estim\u00e9e\" \/>\n\t<meta name=\"twitter:data1\" content=\"1 minute\" \/>\n<script type=\"application\/ld+json\" class=\"yoast-schema-graph\">{\"@context\":\"https:\\\/\\\/schema.org\",\"@graph\":[{\"@type\":\"WebPage\",\"@id\":\"https:\\\/\\\/worldacademyofhumanmovement.com\\\/fr\\\/mon-compte-2\\\/\",\"url\":\"https:\\\/\\\/worldacademyofhumanmovement.com\\\/fr\\\/mon-compte-2\\\/\",\"name\":\"Mon compte - WAHM\",\"isPartOf\":{\"@id\":\"https:\\\/\\\/worldacademyofhumanmovement.com\\\/fr\\\/#website\"},\"datePublished\":\"2026-03-14T18:08:30+00:00\",\"dateModified\":\"2026-03-14T19:52:21+00:00\",\"breadcrumb\":{\"@id\":\"https:\\\/\\\/worldacademyofhumanmovement.com\\\/fr\\\/mon-compte-2\\\/#breadcrumb\"},\"inLanguage\":\"fr-FR\",\"potentialAction\":[{\"@type\":\"ReadAction\",\"target\":[\"https:\\\/\\\/worldacademyofhumanmovement.com\\\/fr\\\/mon-compte-2\\\/\"]}]},{\"@type\":\"BreadcrumbList\",\"@id\":\"https:\\\/\\\/worldacademyofhumanmovement.com\\\/fr\\\/mon-compte-2\\\/#breadcrumb\",\"itemListElement\":[{\"@type\":\"ListItem\",\"position\":1,\"name\":\"Accueil\",\"item\":\"https:\\\/\\\/worldacademyofhumanmovement.com\\\/fr\\\/\"},{\"@type\":\"ListItem\",\"position\":2,\"name\":\"Mon compte\"}]},{\"@type\":\"WebSite\",\"@id\":\"https:\\\/\\\/worldacademyofhumanmovement.com\\\/fr\\\/#website\",\"url\":\"https:\\\/\\\/worldacademyofhumanmovement.com\\\/fr\\\/\",\"name\":\"WAHM\",\"description\":\"La plateforme mondiale qui r\u00e9unit les meilleures formations en sant\u00e9, coaching, bien-\u00eatre et performance.\",\"potentialAction\":[{\"@type\":\"SearchAction\",\"target\":{\"@type\":\"EntryPoint\",\"urlTemplate\":\"https:\\\/\\\/worldacademyofhumanmovement.com\\\/fr\\\/?s={search_term_string}\"},\"query-input\":{\"@type\":\"PropertyValueSpecification\",\"valueRequired\":true,\"valueName\":\"search_term_string\"}}],\"inLanguage\":\"fr-FR\"}]}<\/script>\n<!-- \/ Yoast SEO plugin. -->","yoast_head_json":{"title":"Mon compte - WAHM","robots":{"index":"index","follow":"follow","max-snippet":"max-snippet:-1","max-image-preview":"max-image-preview:large","max-video-preview":"max-video-preview:-1"},"canonical":"https:\/\/worldacademyofhumanmovement.com\/fr\/mon-compte-2\/","og_locale":"fr_FR","og_type":"article","og_title":"Mon compte - WAHM","og_url":"https:\/\/worldacademyofhumanmovement.com\/fr\/mon-compte-2\/","og_site_name":"WAHM","article_modified_time":"2026-03-14T19:52:21+00:00","twitter_card":"summary_large_image","twitter_misc":{"Dur\u00e9e de lecture estim\u00e9e":"1 minute"},"schema":{"@context":"https:\/\/schema.org","@graph":[{"@type":"WebPage","@id":"https:\/\/worldacademyofhumanmovement.com\/fr\/mon-compte-2\/","url":"https:\/\/worldacademyofhumanmovement.com\/fr\/mon-compte-2\/","name":"Mon compte - WAHM","isPartOf":{"@id":"https:\/\/worldacademyofhumanmovement.com\/fr\/#website"},"datePublished":"2026-03-14T18:08:30+00:00","dateModified":"2026-03-14T19:52:21+00:00","breadcrumb":{"@id":"https:\/\/worldacademyofhumanmovement.com\/fr\/mon-compte-2\/#breadcrumb"},"inLanguage":"fr-FR","potentialAction":[{"@type":"ReadAction","target":["https:\/\/worldacademyofhumanmovement.com\/fr\/mon-compte-2\/"]}]},{"@type":"BreadcrumbList","@id":"https:\/\/worldacademyofhumanmovement.com\/fr\/mon-compte-2\/#breadcrumb","itemListElement":[{"@type":"ListItem","position":1,"name":"Accueil","item":"https:\/\/worldacademyofhumanmovement.com\/fr\/"},{"@type":"ListItem","position":2,"name":"Mon compte"}]},{"@type":"WebSite","@id":"https:\/\/worldacademyofhumanmovement.com\/fr\/#website","url":"https:\/\/worldacademyofhumanmovement.com\/fr\/","name":"WAHM","description":"La plateforme mondiale qui r\u00e9unit les meilleures formations en sant\u00e9, coaching, bien-\u00eatre et performance.","potentialAction":[{"@type":"SearchAction","target":{"@type":"EntryPoint","urlTemplate":"https:\/\/worldacademyofhumanmovement.com\/fr\/?s={search_term_string}"},"query-input":{"@type":"PropertyValueSpecification","valueRequired":true,"valueName":"search_term_string"}}],"inLanguage":"fr-FR"}]}},"builder_content":"","_links":{"self":[{"href":"https:\/\/worldacademyofhumanmovement.com\/fr\/wp-json\/wp\/v2\/pages\/2942","targetHints":{"allow":["GET"]}}],"collection":[{"href":"https:\/\/worldacademyofhumanmovement.com\/fr\/wp-json\/wp\/v2\/pages"}],"about":[{"href":"https:\/\/worldacademyofhumanmovement.com\/fr\/wp-json\/wp\/v2\/types\/page"}],"author":[{"embeddable":true,"href":"https:\/\/worldacademyofhumanmovement.com\/fr\/wp-json\/wp\/v2\/users\/1"}],"replies":[{"embeddable":true,"href":"https:\/\/worldacademyofhumanmovement.com\/fr\/wp-json\/wp\/v2\/comments?post=2942"}],"version-history":[{"count":8,"href":"https:\/\/worldacademyofhumanmovement.com\/fr\/wp-json\/wp\/v2\/pages\/2942\/revisions"}],"predecessor-version":[{"id":3008,"href":"https:\/\/worldacademyofhumanmovement.com\/fr\/wp-json\/wp\/v2\/pages\/2942\/revisions\/3008"}],"wp:attachment":[{"href":"https:\/\/worldacademyofhumanmovement.com\/fr\/wp-json\/wp\/v2\/media?parent=2942"}],"curies":[{"name":"wp","href":"https:\/\/api.w.org\/{rel}","templated":true}]}}