{"id":2038,"date":"2026-02-19T11:41:03","date_gmt":"2026-02-19T11:41:03","guid":{"rendered":"https:\/\/worldacademyofhumanmovement.com\/?page_id=2038"},"modified":"2026-03-20T17:00:33","modified_gmt":"2026-03-20T17:00:33","slug":"formulaire-dinscription-formateur","status":"publish","type":"page","link":"https:\/\/worldacademyofhumanmovement.com\/fr\/formulaire-dinscription-formateur\/","title":{"rendered":"Formulaire d&rsquo;inscription formateur"},"content":{"rendered":"<!--themify_builder_content-->\n<div id=\"themify_builder_content-2038\" data-postid=\"2038\" class=\"themify_builder_content themify_builder_content-2038 themify_builder tf_clear\">\n                    <div  data-lazy=\"1\" class=\"module_row themify_builder_row tb_wduf153 tb_first tf_w\">\n            <span  class=\"builder_row_cover tf_abs\" data-lazy=\"1\"><\/span>            <div class=\"row_inner col_align_top tb_col_count_1 tf_box tf_rel\">\n                        <div  data-lazy=\"1\" class=\"module_column tb-column col-full tb_5agl153 first\">\n                    <!-- module text -->\n<div  class=\"module module-text tb_oq05822   \" data-lazy=\"1\">\n        <div  class=\"tb_text_wrap\">\n        <p><strong>Remplissez le formulaire ci-dessous et faites vous recontacter.<\/strong><\/p>    <\/div>\n<\/div>\n<!-- \/module text -->        <\/div>\n                        <\/div>\n        <\/div>\n                        <div  data-lazy=\"1\" class=\"module_row themify_builder_row tb_ktb3943 tf_w\">\n                        <div class=\"row_inner col_align_top tb_col_count_1 tf_box tf_rel\">\n                        <div  data-lazy=\"1\" class=\"module_column tb-column col-full tb_8v5v943 first\">\n                    <!-- module plain text -->\n<div  class=\"module module-plain-text tb_rasd993 \" data-lazy=\"1\">\n        <div class=\"tb_text_wrap\">\n    <iframe data-tally-src=\"https:\/\/tally.so\/embed\/rj6Kdv?alignLeft=1&#038;hideTitle=1&#038;transparentBackground=1&#038;dynamicHeight=1\" loading=\"lazy\" width=\"100%\" height=\"200\" frameborder=\"0\" marginheight=\"0\" marginwidth=\"0\" title=\"Devenez formateur WAHM.\"><\/iframe>\n<script>var d=document,w=\"https:\/\/tally.so\/widgets\/embed.js\",v=function(){\"undefined\"!=typeof Tally?Tally.loadEmbeds():d.querySelectorAll(\"iframe[data-tally-src]:not([src])\").forEach((function(e){e.src=e.dataset.tallySrc}))};if(\"undefined\"!=typeof Tally)v();else if(d.querySelector('script[src=\"'+w+'\"]')==null){var s=d.createElement(\"script\");s.src=w,s.onload=v,s.onerror=v,d.body.appendChild(s);}<\/script>    <\/div>\n<\/div>\n<!-- \/module plain text --><!-- module buttons -->\n<div  class=\"module module-buttons tb_525a223 buttons-horizontal solid  small rounded hover-wow\" data-tf-animation_hover=\"pulse\" data-lazy=\"1\">\n        <div class=\"module-buttons-item tf_in_flx\">\n                        <a href=\"https:\/\/worldacademyofhumanmovement.com\/fr\/\" class=\"ui builder_button tf_in_flx tb_default_color\" >\n                                    <em><svg  class=\"tf_fa tf-ti-arrow-left\" xmlns:xlink=\"http:\/\/www.w3.org\/1999\/xlink\" aria-hidden=\"true\"><use href=\"#tf-ti-arrow-left\" xlink:href=\"#tf-ti-arrow-left\"><\/use><\/svg><\/em>                                        Revenir \u00e0 l'accueil                                        <\/a>\n                <\/div>\n            <\/div>\n<!-- \/module buttons -->\n        <\/div>\n                        <\/div>\n        <\/div>\n        <\/div>\n<!--\/themify_builder_content-->","protected":false},"excerpt":{"rendered":"<p>Remplissez le formulaire ci-dessous et faites vous recontacter.<\/p>\n","protected":false},"author":1,"featured_media":0,"parent":0,"menu_order":0,"comment_status":"closed","ping_status":"closed","template":"","meta":{"footnotes":""},"class_list":["post-2038","page","type-page","status-publish","hentry","has-post-title","has-post-date","has-post-category","has-post-tag","has-post-comment","has-post-author",""],"yoast_head":"<!-- This site is optimized with the Yoast SEO plugin v27.3 - https:\/\/yoast.com\/product\/yoast-seo-wordpress\/ -->\n<title>Formulaire d&#039;inscription formateur - WAHM<\/title>\n<meta name=\"robots\" content=\"index, follow, max-snippet:-1, max-image-preview:large, max-video-preview:-1\" \/>\n<link rel=\"canonical\" href=\"https:\/\/worldacademyofhumanmovement.com\/fr\/formulaire-dinscription-formateur\/\" \/>\n<meta property=\"og:locale\" content=\"fr_FR\" \/>\n<meta property=\"og:type\" content=\"article\" \/>\n<meta property=\"og:title\" content=\"Formulaire d&#039;inscription formateur - WAHM\" \/>\n<meta property=\"og:description\" content=\"Remplissez le formulaire ci-dessous et faites vous recontacter.\" \/>\n<meta property=\"og:url\" content=\"https:\/\/worldacademyofhumanmovement.com\/fr\/formulaire-dinscription-formateur\/\" \/>\n<meta property=\"og:site_name\" content=\"WAHM\" \/>\n<meta property=\"article:modified_time\" content=\"2026-03-20T17:00:33+00:00\" \/>\n<meta name=\"twitter:card\" content=\"summary_large_image\" \/>\n<meta name=\"twitter:label1\" content=\"Dur\u00e9e de lecture estim\u00e9e\" \/>\n\t<meta name=\"twitter:data1\" content=\"1 minute\" \/>\n<script type=\"application\/ld+json\" class=\"yoast-schema-graph\">{\"@context\":\"https:\\\/\\\/schema.org\",\"@graph\":[{\"@type\":\"WebPage\",\"@id\":\"https:\\\/\\\/worldacademyofhumanmovement.com\\\/fr\\\/formulaire-dinscription-formateur\\\/\",\"url\":\"https:\\\/\\\/worldacademyofhumanmovement.com\\\/fr\\\/formulaire-dinscription-formateur\\\/\",\"name\":\"Formulaire d'inscription formateur - WAHM\",\"isPartOf\":{\"@id\":\"https:\\\/\\\/worldacademyofhumanmovement.com\\\/fr\\\/#website\"},\"datePublished\":\"2026-02-19T11:41:03+00:00\",\"dateModified\":\"2026-03-20T17:00:33+00:00\",\"breadcrumb\":{\"@id\":\"https:\\\/\\\/worldacademyofhumanmovement.com\\\/fr\\\/formulaire-dinscription-formateur\\\/#breadcrumb\"},\"inLanguage\":\"fr-FR\",\"potentialAction\":[{\"@type\":\"ReadAction\",\"target\":[\"https:\\\/\\\/worldacademyofhumanmovement.com\\\/fr\\\/formulaire-dinscription-formateur\\\/\"]}]},{\"@type\":\"BreadcrumbList\",\"@id\":\"https:\\\/\\\/worldacademyofhumanmovement.com\\\/fr\\\/formulaire-dinscription-formateur\\\/#breadcrumb\",\"itemListElement\":[{\"@type\":\"ListItem\",\"position\":1,\"name\":\"Accueil\",\"item\":\"https:\\\/\\\/worldacademyofhumanmovement.com\\\/fr\\\/\"},{\"@type\":\"ListItem\",\"position\":2,\"name\":\"Formulaire d&rsquo;inscription formateur\"}]},{\"@type\":\"WebSite\",\"@id\":\"https:\\\/\\\/worldacademyofhumanmovement.com\\\/fr\\\/#website\",\"url\":\"https:\\\/\\\/worldacademyofhumanmovement.com\\\/fr\\\/\",\"name\":\"WAHM\",\"description\":\"La plateforme mondiale qui r\u00e9unit les meilleures formations en sant\u00e9, coaching, bien-\u00eatre et performance.\",\"potentialAction\":[{\"@type\":\"SearchAction\",\"target\":{\"@type\":\"EntryPoint\",\"urlTemplate\":\"https:\\\/\\\/worldacademyofhumanmovement.com\\\/fr\\\/?s={search_term_string}\"},\"query-input\":{\"@type\":\"PropertyValueSpecification\",\"valueRequired\":true,\"valueName\":\"search_term_string\"}}],\"inLanguage\":\"fr-FR\"}]}<\/script>\n<!-- \/ Yoast SEO plugin. -->","yoast_head_json":{"title":"Formulaire d'inscription formateur - WAHM","robots":{"index":"index","follow":"follow","max-snippet":"max-snippet:-1","max-image-preview":"max-image-preview:large","max-video-preview":"max-video-preview:-1"},"canonical":"https:\/\/worldacademyofhumanmovement.com\/fr\/formulaire-dinscription-formateur\/","og_locale":"fr_FR","og_type":"article","og_title":"Formulaire d'inscription formateur - WAHM","og_description":"Remplissez le formulaire ci-dessous et faites vous recontacter.","og_url":"https:\/\/worldacademyofhumanmovement.com\/fr\/formulaire-dinscription-formateur\/","og_site_name":"WAHM","article_modified_time":"2026-03-20T17:00:33+00:00","twitter_card":"summary_large_image","twitter_misc":{"Dur\u00e9e de lecture estim\u00e9e":"1 minute"},"schema":{"@context":"https:\/\/schema.org","@graph":[{"@type":"WebPage","@id":"https:\/\/worldacademyofhumanmovement.com\/fr\/formulaire-dinscription-formateur\/","url":"https:\/\/worldacademyofhumanmovement.com\/fr\/formulaire-dinscription-formateur\/","name":"Formulaire d'inscription formateur - WAHM","isPartOf":{"@id":"https:\/\/worldacademyofhumanmovement.com\/fr\/#website"},"datePublished":"2026-02-19T11:41:03+00:00","dateModified":"2026-03-20T17:00:33+00:00","breadcrumb":{"@id":"https:\/\/worldacademyofhumanmovement.com\/fr\/formulaire-dinscription-formateur\/#breadcrumb"},"inLanguage":"fr-FR","potentialAction":[{"@type":"ReadAction","target":["https:\/\/worldacademyofhumanmovement.com\/fr\/formulaire-dinscription-formateur\/"]}]},{"@type":"BreadcrumbList","@id":"https:\/\/worldacademyofhumanmovement.com\/fr\/formulaire-dinscription-formateur\/#breadcrumb","itemListElement":[{"@type":"ListItem","position":1,"name":"Accueil","item":"https:\/\/worldacademyofhumanmovement.com\/fr\/"},{"@type":"ListItem","position":2,"name":"Formulaire d&rsquo;inscription formateur"}]},{"@type":"WebSite","@id":"https:\/\/worldacademyofhumanmovement.com\/fr\/#website","url":"https:\/\/worldacademyofhumanmovement.com\/fr\/","name":"WAHM","description":"La plateforme mondiale qui r\u00e9unit les meilleures formations en sant\u00e9, coaching, bien-\u00eatre et performance.","potentialAction":[{"@type":"SearchAction","target":{"@type":"EntryPoint","urlTemplate":"https:\/\/worldacademyofhumanmovement.com\/fr\/?s={search_term_string}"},"query-input":{"@type":"PropertyValueSpecification","valueRequired":true,"valueName":"search_term_string"}}],"inLanguage":"fr-FR"}]}},"builder_content":"<p><strong>Remplissez le formulaire ci-dessous et faites vous recontacter.<\/strong><\/p>\n<iframe data-tally-src=\"https:\/\/tally.so\/embed\/rj6Kdv?alignLeft=1&hideTitle=1&transparentBackground=1&dynamicHeight=1\" loading=\"lazy\" width=\"100%\" height=\"200\" frameborder=\"0\" marginheight=\"0\" marginwidth=\"0\" title=\"Devenez formateur WAHM.\"><\/iframe>\n<a href=\"https:\/\/worldacademyofhumanmovement.com\/fr\/\" > <em><svg xmlns:xlink=\"http:\/\/www.w3.org\/1999\/xlink\" aria-hidden=\"true\"><use href=\"#tf-ti-arrow-left\" xlink:href=\"#tf-ti-arrow-left\"><\/use><\/svg><\/em> Revenir \u00e0 l'accueil <\/a>","_links":{"self":[{"href":"https:\/\/worldacademyofhumanmovement.com\/fr\/wp-json\/wp\/v2\/pages\/2038","targetHints":{"allow":["GET"]}}],"collection":[{"href":"https:\/\/worldacademyofhumanmovement.com\/fr\/wp-json\/wp\/v2\/pages"}],"about":[{"href":"https:\/\/worldacademyofhumanmovement.com\/fr\/wp-json\/wp\/v2\/types\/page"}],"author":[{"embeddable":true,"href":"https:\/\/worldacademyofhumanmovement.com\/fr\/wp-json\/wp\/v2\/users\/1"}],"replies":[{"embeddable":true,"href":"https:\/\/worldacademyofhumanmovement.com\/fr\/wp-json\/wp\/v2\/comments?post=2038"}],"version-history":[{"count":55,"href":"https:\/\/worldacademyofhumanmovement.com\/fr\/wp-json\/wp\/v2\/pages\/2038\/revisions"}],"predecessor-version":[{"id":3285,"href":"https:\/\/worldacademyofhumanmovement.com\/fr\/wp-json\/wp\/v2\/pages\/2038\/revisions\/3285"}],"wp:attachment":[{"href":"https:\/\/worldacademyofhumanmovement.com\/fr\/wp-json\/wp\/v2\/media?parent=2038"}],"curies":[{"name":"wp","href":"https:\/\/api.w.org\/{rel}","templated":true}]}}