{"id":1937,"date":"2026-02-01T15:41:55","date_gmt":"2026-02-01T15:41:55","guid":{"rendered":"https:\/\/worldacademyofhumanmovement.com\/?page_id=1937"},"modified":"2026-02-21T12:24:52","modified_gmt":"2026-02-21T12:24:52","slug":"conditions-generales-dutilisation-cgu","status":"publish","type":"page","link":"https:\/\/worldacademyofhumanmovement.com\/fr\/conditions-generales-dutilisation-cgu\/","title":{"rendered":"Conditions G\u00e9n\u00e9rales d\u2019Utilisation (CGU)"},"content":{"rendered":"<!--themify_builder_content-->\n<div id=\"themify_builder_content-1937\" data-postid=\"1937\" class=\"themify_builder_content themify_builder_content-1937 themify_builder tf_clear\">\n                    <div  data-lazy=\"1\" class=\"module_row themify_builder_row tb_35yw973 tb_first tf_w\">\n                        <div class=\"row_inner col_align_top tb_col_count_1 tf_box tf_rel\">\n                        <div  data-lazy=\"1\" class=\"module_column tb-column col-full tb_sbbg974 first\">\n                            <div  data-lazy=\"1\" class=\"module_subrow themify_builder_sub_row tf_w col_align_middle tb_col_count_3 tb_ohpl974\">\n                <div  data-lazy=\"1\" class=\"module_column sub_column col3-1 tb_ngu1974 first\">\n                    <!-- module text -->\n<div  class=\"module module-text tb_4gx5974   \" data-lazy=\"1\">\n        <div  class=\"tb_text_wrap\">\n        <h2><strong>Conditions G\u00e9n\u00e9rales d\u2019Utilisation (CGU)<\/strong><\/h2>    <\/div>\n<\/div>\n<!-- \/module text -->        <\/div>\n                    <div  data-lazy=\"1\" class=\"module_column sub_column col3-1 tb_1hif974\">\n                    <!-- module divider -->\n<div  class=\"module tf_mw module-divider tb_25io974 solid   \" style=\"border-width: 1px;border-color: #d4a018;\" data-lazy=\"1\">\n    <\/div>\n<!-- \/module divider -->\n        <\/div>\n                    <div  data-lazy=\"1\" class=\"module_column sub_column col3-1 tb_7x4p974 last\">\n                    <!-- module text -->\n<div  class=\"module module-text tb_7sob974   \" data-lazy=\"1\">\n        <div  class=\"tb_text_wrap\">\n        <p><strong><em>World Academy of Human Movement (WAHM).<\/em><\/strong><\/p>    <\/div>\n<\/div>\n<!-- \/module text -->        <\/div>\n                    <\/div>\n        <!-- module text -->\n<div  class=\"module module-text tb_7h8r974   \" data-lazy=\"1\">\n        <div  class=\"tb_text_wrap\">\n        <h3>Article 1 \u2014 Objet du site<\/h3>\n<p>WAHM est une plateforme e-learning permettant :<\/p>\n<ul>\n<li>d\u2019acheter et suivre des formations en ligne<\/li>\n<li>de proposer des formations en tant que formateur<\/li>\n<li>d\u2019acc\u00e9der \u00e0 des ressources p\u00e9dagogiques<\/li>\n<li>d\u2019interagir avec la communaut\u00e9 WAHM<\/li>\n<\/ul>\n<h2>Article 2 \u2014 Cr\u00e9ation de compte<\/h2>\n<p>Pour acc\u00e9der aux formations, l\u2019utilisateur doit cr\u00e9er un compte avec des informations exactes.<br>L\u2019utilisateur est responsable de la confidentialit\u00e9 de ses identifiants.<\/p>\n<h3>Article 3 \u2014 Utilisation de la plateforme<\/h3>\n<p>Il est interdit de :<br>Copier, transf\u00e9rer ou revendre une formation<br>Partager un acc\u00e8s personnel<br>T\u00e9l\u00e9charger ill\u00e9galement les contenus<br>D\u00e9tourner la plateforme \u00e0 des fins commerciales non autoris\u00e9es<\/p>\n<p>WAHM peut suspendre un compte en cas de non-respect.<\/p>\n<h3>Article 4 \u2014 Certifications<\/h3>\n<p>Les certificats d\u00e9livr\u00e9s par WAHM attestent d\u2019un suivi, mais ne remplacent aucune certification professionnelle officielle, sauf cas mentionn\u00e9.<\/p>\n<h3>Article 5 \u2014 Responsabilit\u00e9s<\/h3>\n<p>WAHM ne garantit pas :<\/p>\n<ul>\n<li>La r\u00e9ussite professionnelle de l\u2019utilisateur<\/li>\n<li>L\u2019exactitude absolue des contenus des formateurs partenaires<\/li>\n<li>L\u2019absence d\u2019interruption temporaire de service<\/li>\n<\/ul>\n<p>WAHM met tout en \u0153uvre pour assurer la qualit\u00e9 du service.<\/p>    <\/div>\n<\/div>\n<!-- \/module text -->        <\/div>\n                        <\/div>\n        <\/div>\n                        <div  data-lazy=\"1\" class=\"module_row themify_builder_row tb_u4yi259 tf_w\">\n                        <div class=\"row_inner col_align_top tb_col_count_2 tf_box tf_rel\">\n                        <div  data-lazy=\"1\" class=\"module_column tb-column col4-2 tb_y0if259 first\">\n                            <div  data-lazy=\"1\" class=\"module_subrow themify_builder_sub_row tf_w col_align_top tb_col_count_1 tb_nzlj259\">\n                <div  data-lazy=\"1\" class=\"module_column sub_column col-full tb_8gy0259 first\">\n                    <!-- module image -->\n<div  class=\"module module-image tb_td1d259 image-top rounded  tf_mw\" data-lazy=\"1\">\n        <div class=\"image-wrap tf_rel tf_mw\">\n            <img decoding=\"async\" src=\"https:\/\/worldacademyofhumanmovement.com\/wp-content\/uploads\/2025\/12\/WAHM-Main-Logo-800x600-1.jpg\" width=\"150\" title=\"Conditions G\u00e9n\u00e9rales d\u2019Utilisation (CGU)\" alt=\"Conditions G\u00e9n\u00e9rales d\u2019Utilisation (CGU)\">    \n        <\/div>\n    <!-- \/image-wrap -->\n    \n        <\/div>\n<!-- \/module image --><!-- module text -->\n<div  class=\"module module-text tb_06bj259   \" data-lazy=\"1\">\n        <div  class=\"tb_text_wrap\">\n        <p>L\u00e0 o\u00f9 se forme les professionnels d&rsquo;\u00e9lite.<\/p>    <\/div>\n<\/div>\n<!-- \/module text --><!-- module divider -->\n<div  class=\"module tf_mw module-divider tb_j4c8259 solid  divider-custom divider-left\" style=\"border-width: 1px;border-color: #d4a018;max-width: 100px;\" data-lazy=\"1\">\n    <\/div>\n<!-- \/module divider -->\n<!-- module text -->\n<div  class=\"module module-text tb_4nzo259   \" data-lazy=\"1\">\n        <div  class=\"tb_text_wrap\">\n        <p><em>contact@wahm.com<\/em><\/p>    <\/div>\n<\/div>\n<!-- \/module text -->        <\/div>\n                    <\/div>\n                <\/div>\n                    <div  data-lazy=\"1\" class=\"module_column tb-column col4-2 tb_zmnr259 last\">\n                            <div  data-lazy=\"1\" class=\"module_subrow themify_builder_sub_row tf_w col_align_top tb_col_count_3 tb_o2s5259\">\n                <div  data-lazy=\"1\" class=\"module_column sub_column col3-1 tb_x5r7259 first\">\n                            <div  data-lazy=\"1\" class=\"module_subrow themify_builder_sub_row tf_w col_align_top tb_col_count_1 tb_ulgq259\">\n                <div  data-lazy=\"1\" class=\"module_column sub_column col-full tb_2jxq259 first\">\n                    <!-- module text -->\n<div  class=\"module module-text tb_vdxf259   \" data-lazy=\"1\">\n        <div  class=\"tb_text_wrap\">\n        <h4>L\u00e9gal<\/h4>    <\/div>\n<\/div>\n<!-- \/module text --><!-- module text -->\n<div  class=\"module module-text tb_4h81259   \" data-lazy=\"1\">\n        <div  class=\"tb_text_wrap\">\n        <p><a href=\"https:\/\/worldacademyofhumanmovement.com\/fr\/mentions-legales\/\">Mentions l\u00e9gales<\/a><\/p>    <\/div>\n<\/div>\n<!-- \/module text --><!-- module text -->\n<div  class=\"module module-text tb_gvg8259   \" data-lazy=\"1\">\n        <div  class=\"tb_text_wrap\">\n        <p><a href=\"https:\/\/worldacademyofhumanmovement.com\/fr\/conditions-generales-dutilisation-cgu\/\">CGU<\/a><\/p>    <\/div>\n<\/div>\n<!-- \/module text --><!-- module text -->\n<div  class=\"module module-text tb_foof259   \" data-lazy=\"1\">\n        <div  class=\"tb_text_wrap\">\n        <p><a href=\"https:\/\/worldacademyofhumanmovement.com\/fr\/conditions-generales-de-vente-cgv\/#\">CGV<\/a><\/p>    <\/div>\n<\/div>\n<!-- \/module text -->        <\/div>\n                    <\/div>\n                <\/div>\n                    <div  data-lazy=\"1\" class=\"module_column sub_column col3-1 tb_yo4y259\">\n                            <div  data-lazy=\"1\" class=\"module_subrow themify_builder_sub_row tf_w col_align_top tb_col_count_1 tb_gwqt259\">\n                <div  data-lazy=\"1\" class=\"module_column sub_column col-full tb_luvo259 first\">\n                    <!-- module text -->\n<div  class=\"module module-text tb_7xcw259   \" data-lazy=\"1\">\n        <div  class=\"tb_text_wrap\">\n        <h4>Support<\/h4>    <\/div>\n<\/div>\n<!-- \/module text -->        <\/div>\n                    <\/div>\n                <\/div>\n                    <div  data-lazy=\"1\" class=\"module_column sub_column col3-1 tb_irtx259 last\">\n                            <div  data-lazy=\"1\" class=\"module_subrow themify_builder_sub_row tf_w col_align_top tb_col_count_1 tb_5fns259\">\n                <div  data-lazy=\"1\" class=\"module_column sub_column col-full tb_euvd259 first\">\n                    <!-- module text -->\n<div  class=\"module module-text tb_gtpz259   \" data-lazy=\"1\">\n        <div  class=\"tb_text_wrap\">\n        <h4>R\u00e9seaux sociaux<\/h4>    <\/div>\n<\/div>\n<!-- \/module text --><!-- module icon -->\n<div  class=\"module module-icon tb_zg46259    icon_horizontal \" data-lazy=\"1\">\n\t\t\t<div class=\"module-icon-item\">\n\t\t\t\t\t\t\t\t\t\t\t\t\t\t\t\t<em class=\"tf_box\"\n\t\t\t\t\t\t\t\t\t\t\t\t style=\"color:#ffffff\"\t\t\t\t\t><svg  class=\"tf_fa tf-fab-instagram\" xmlns:xlink=\"http:\/\/www.w3.org\/1999\/xlink\" aria-hidden=\"true\"><use href=\"#tf-fab-instagram\" xlink:href=\"#tf-fab-instagram\"><\/use><\/svg><\/em>\n\t\t\t\t\t\t\t\t\t\t\t\t\t\t\t\t\t\t\t<span>Instagram <\/span>\n\t\t\t\t\t\t\t\t\t\t\t\t\t\t\t<\/div>\n\t<\/div>\n<!-- \/module icon -->\n<!-- module icon -->\n<div  class=\"module module-icon tb_wv19259    icon_horizontal \" data-lazy=\"1\">\n\t\t\t<div class=\"module-icon-item\">\n\t\t\t\t\t\t\t\t\t\t\t\t\t\t\t\t<em class=\"tf_box\"\n\t\t\t\t\t\t\t\t\t\t\t\t style=\"color:#ffffff\"\t\t\t\t\t><svg  class=\"tf_fa tf-fab-facebook\" xmlns:xlink=\"http:\/\/www.w3.org\/1999\/xlink\" aria-hidden=\"true\"><use href=\"#tf-fab-facebook\" xlink:href=\"#tf-fab-facebook\"><\/use><\/svg><\/em>\n\t\t\t\t\t\t\t\t\t\t\t\t\t\t\t\t\t\t\t<span>Facebook<\/span>\n\t\t\t\t\t\t\t\t\t\t\t\t\t\t\t<\/div>\n\t<\/div>\n<!-- \/module icon -->\n<!-- module icon -->\n<div  class=\"module module-icon tb_gc7a259    icon_horizontal \" data-lazy=\"1\">\n\t\t\t<div class=\"module-icon-item\">\n\t\t\t\t\t\t\t\t\t\t\t\t\t\t\t\t<em class=\"tf_box\"\n\t\t\t\t\t\t\t\t\t\t\t\t style=\"color:#ffffff\"\t\t\t\t\t><svg  class=\"tf_fa tf-fab-x-twitter\" xmlns:xlink=\"http:\/\/www.w3.org\/1999\/xlink\" aria-hidden=\"true\"><use href=\"#tf-fab-x-twitter\" xlink:href=\"#tf-fab-x-twitter\"><\/use><\/svg><\/em>\n\t\t\t\t\t\t\t\t\t\t\t\t\t\t\t\t\t\t\t<span>X-Twitter<\/span>\n\t\t\t\t\t\t\t\t\t\t\t\t\t\t\t<\/div>\n\t<\/div>\n<!-- \/module icon -->\n<!-- module icon -->\n<div  class=\"module module-icon tb_vn88259    icon_horizontal \" data-lazy=\"1\">\n\t\t\t<div class=\"module-icon-item\">\n\t\t\t\t\t\t\t\t\t\t\t\t\t\t\t\t<em class=\"tf_box\"\n\t\t\t\t\t\t\t\t\t\t\t\t style=\"color:#ffffff\"\t\t\t\t\t><svg  class=\"tf_fa tf-fab-tiktok\" xmlns:xlink=\"http:\/\/www.w3.org\/1999\/xlink\" aria-hidden=\"true\"><use href=\"#tf-fab-tiktok\" xlink:href=\"#tf-fab-tiktok\"><\/use><\/svg><\/em>\n\t\t\t\t\t\t\t\t\t\t\t\t\t\t\t\t\t\t\t<span>Tiktok<\/span>\n\t\t\t\t\t\t\t\t\t\t\t\t\t\t\t<\/div>\n\t<\/div>\n<!-- \/module icon -->\n        <\/div>\n                    <\/div>\n                <\/div>\n                    <\/div>\n                <\/div>\n                        <\/div>\n        <\/div>\n        <\/div>\n<!--\/themify_builder_content-->","protected":false},"excerpt":{"rendered":"<p>Conditions G\u00e9n\u00e9rales d\u2019Utilisation (CGU)<\/p>\n","protected":false},"author":1,"featured_media":0,"parent":0,"menu_order":0,"comment_status":"closed","ping_status":"closed","template":"","meta":{"footnotes":""},"class_list":["post-1937","page","type-page","status-publish","hentry","has-post-title","has-post-date","has-post-category","has-post-tag","has-post-comment","has-post-author",""],"yoast_head":"<!-- This site is optimized with the Yoast SEO plugin v27.3 - https:\/\/yoast.com\/product\/yoast-seo-wordpress\/ -->\n<title>Conditions G\u00e9n\u00e9rales d\u2019Utilisation (CGU) - WAHM<\/title>\n<meta name=\"robots\" content=\"index, follow, max-snippet:-1, max-image-preview:large, max-video-preview:-1\" \/>\n<link rel=\"canonical\" href=\"https:\/\/worldacademyofhumanmovement.com\/fr\/conditions-generales-dutilisation-cgu\/\" \/>\n<meta property=\"og:locale\" content=\"fr_FR\" \/>\n<meta property=\"og:type\" content=\"article\" \/>\n<meta property=\"og:title\" content=\"Conditions G\u00e9n\u00e9rales d\u2019Utilisation (CGU) - WAHM\" \/>\n<meta property=\"og:description\" content=\"Conditions G\u00e9n\u00e9rales d\u2019Utilisation (CGU)\" \/>\n<meta property=\"og:url\" content=\"https:\/\/worldacademyofhumanmovement.com\/fr\/conditions-generales-dutilisation-cgu\/\" \/>\n<meta property=\"og:site_name\" content=\"WAHM\" \/>\n<meta property=\"article:modified_time\" content=\"2026-02-21T12:24:52+00:00\" \/>\n<meta property=\"og:image\" content=\"https:\/\/worldacademyofhumanmovement.com\/wp-content\/uploads\/2025\/12\/WAHM-Main-Logo-800x600-1.jpg\" \/>\n<meta name=\"twitter:card\" content=\"summary_large_image\" \/>\n<script type=\"application\/ld+json\" class=\"yoast-schema-graph\">{\"@context\":\"https:\\\/\\\/schema.org\",\"@graph\":[{\"@type\":\"WebPage\",\"@id\":\"https:\\\/\\\/worldacademyofhumanmovement.com\\\/fr\\\/conditions-generales-dutilisation-cgu\\\/\",\"url\":\"https:\\\/\\\/worldacademyofhumanmovement.com\\\/fr\\\/conditions-generales-dutilisation-cgu\\\/\",\"name\":\"Conditions G\u00e9n\u00e9rales d\u2019Utilisation (CGU) - WAHM\",\"isPartOf\":{\"@id\":\"https:\\\/\\\/worldacademyofhumanmovement.com\\\/fr\\\/#website\"},\"primaryImageOfPage\":{\"@id\":\"https:\\\/\\\/worldacademyofhumanmovement.com\\\/fr\\\/conditions-generales-dutilisation-cgu\\\/#primaryimage\"},\"image\":{\"@id\":\"https:\\\/\\\/worldacademyofhumanmovement.com\\\/fr\\\/conditions-generales-dutilisation-cgu\\\/#primaryimage\"},\"thumbnailUrl\":\"https:\\\/\\\/worldacademyofhumanmovement.com\\\/wp-content\\\/uploads\\\/2025\\\/12\\\/WAHM-Main-Logo-800x600-1.jpg\",\"datePublished\":\"2026-02-01T15:41:55+00:00\",\"dateModified\":\"2026-02-21T12:24:52+00:00\",\"breadcrumb\":{\"@id\":\"https:\\\/\\\/worldacademyofhumanmovement.com\\\/fr\\\/conditions-generales-dutilisation-cgu\\\/#breadcrumb\"},\"inLanguage\":\"fr-FR\",\"potentialAction\":[{\"@type\":\"ReadAction\",\"target\":[\"https:\\\/\\\/worldacademyofhumanmovement.com\\\/fr\\\/conditions-generales-dutilisation-cgu\\\/\"]}]},{\"@type\":\"ImageObject\",\"inLanguage\":\"fr-FR\",\"@id\":\"https:\\\/\\\/worldacademyofhumanmovement.com\\\/fr\\\/conditions-generales-dutilisation-cgu\\\/#primaryimage\",\"url\":\"https:\\\/\\\/worldacademyofhumanmovement.com\\\/wp-content\\\/uploads\\\/2025\\\/12\\\/WAHM-Main-Logo-800x600-1.jpg\",\"contentUrl\":\"https:\\\/\\\/worldacademyofhumanmovement.com\\\/wp-content\\\/uploads\\\/2025\\\/12\\\/WAHM-Main-Logo-800x600-1.jpg\"},{\"@type\":\"BreadcrumbList\",\"@id\":\"https:\\\/\\\/worldacademyofhumanmovement.com\\\/fr\\\/conditions-generales-dutilisation-cgu\\\/#breadcrumb\",\"itemListElement\":[{\"@type\":\"ListItem\",\"position\":1,\"name\":\"Accueil\",\"item\":\"https:\\\/\\\/worldacademyofhumanmovement.com\\\/fr\\\/\"},{\"@type\":\"ListItem\",\"position\":2,\"name\":\"Conditions G\u00e9n\u00e9rales d\u2019Utilisation (CGU)\"}]},{\"@type\":\"WebSite\",\"@id\":\"https:\\\/\\\/worldacademyofhumanmovement.com\\\/fr\\\/#website\",\"url\":\"https:\\\/\\\/worldacademyofhumanmovement.com\\\/fr\\\/\",\"name\":\"WAHM\",\"description\":\"La plateforme mondiale qui r\u00e9unit les meilleures formations en sant\u00e9, coaching, bien-\u00eatre et performance.\",\"potentialAction\":[{\"@type\":\"SearchAction\",\"target\":{\"@type\":\"EntryPoint\",\"urlTemplate\":\"https:\\\/\\\/worldacademyofhumanmovement.com\\\/fr\\\/?s={search_term_string}\"},\"query-input\":{\"@type\":\"PropertyValueSpecification\",\"valueRequired\":true,\"valueName\":\"search_term_string\"}}],\"inLanguage\":\"fr-FR\"}]}<\/script>\n<!-- \/ Yoast SEO plugin. -->","yoast_head_json":{"title":"Conditions G\u00e9n\u00e9rales d\u2019Utilisation (CGU) - WAHM","robots":{"index":"index","follow":"follow","max-snippet":"max-snippet:-1","max-image-preview":"max-image-preview:large","max-video-preview":"max-video-preview:-1"},"canonical":"https:\/\/worldacademyofhumanmovement.com\/fr\/conditions-generales-dutilisation-cgu\/","og_locale":"fr_FR","og_type":"article","og_title":"Conditions G\u00e9n\u00e9rales d\u2019Utilisation (CGU) - WAHM","og_description":"Conditions G\u00e9n\u00e9rales d\u2019Utilisation (CGU)","og_url":"https:\/\/worldacademyofhumanmovement.com\/fr\/conditions-generales-dutilisation-cgu\/","og_site_name":"WAHM","article_modified_time":"2026-02-21T12:24:52+00:00","og_image":[{"url":"https:\/\/worldacademyofhumanmovement.com\/wp-content\/uploads\/2025\/12\/WAHM-Main-Logo-800x600-1.jpg","type":"","width":"","height":""}],"twitter_card":"summary_large_image","schema":{"@context":"https:\/\/schema.org","@graph":[{"@type":"WebPage","@id":"https:\/\/worldacademyofhumanmovement.com\/fr\/conditions-generales-dutilisation-cgu\/","url":"https:\/\/worldacademyofhumanmovement.com\/fr\/conditions-generales-dutilisation-cgu\/","name":"Conditions G\u00e9n\u00e9rales d\u2019Utilisation (CGU) - WAHM","isPartOf":{"@id":"https:\/\/worldacademyofhumanmovement.com\/fr\/#website"},"primaryImageOfPage":{"@id":"https:\/\/worldacademyofhumanmovement.com\/fr\/conditions-generales-dutilisation-cgu\/#primaryimage"},"image":{"@id":"https:\/\/worldacademyofhumanmovement.com\/fr\/conditions-generales-dutilisation-cgu\/#primaryimage"},"thumbnailUrl":"https:\/\/worldacademyofhumanmovement.com\/wp-content\/uploads\/2025\/12\/WAHM-Main-Logo-800x600-1.jpg","datePublished":"2026-02-01T15:41:55+00:00","dateModified":"2026-02-21T12:24:52+00:00","breadcrumb":{"@id":"https:\/\/worldacademyofhumanmovement.com\/fr\/conditions-generales-dutilisation-cgu\/#breadcrumb"},"inLanguage":"fr-FR","potentialAction":[{"@type":"ReadAction","target":["https:\/\/worldacademyofhumanmovement.com\/fr\/conditions-generales-dutilisation-cgu\/"]}]},{"@type":"ImageObject","inLanguage":"fr-FR","@id":"https:\/\/worldacademyofhumanmovement.com\/fr\/conditions-generales-dutilisation-cgu\/#primaryimage","url":"https:\/\/worldacademyofhumanmovement.com\/wp-content\/uploads\/2025\/12\/WAHM-Main-Logo-800x600-1.jpg","contentUrl":"https:\/\/worldacademyofhumanmovement.com\/wp-content\/uploads\/2025\/12\/WAHM-Main-Logo-800x600-1.jpg"},{"@type":"BreadcrumbList","@id":"https:\/\/worldacademyofhumanmovement.com\/fr\/conditions-generales-dutilisation-cgu\/#breadcrumb","itemListElement":[{"@type":"ListItem","position":1,"name":"Accueil","item":"https:\/\/worldacademyofhumanmovement.com\/fr\/"},{"@type":"ListItem","position":2,"name":"Conditions G\u00e9n\u00e9rales d\u2019Utilisation (CGU)"}]},{"@type":"WebSite","@id":"https:\/\/worldacademyofhumanmovement.com\/fr\/#website","url":"https:\/\/worldacademyofhumanmovement.com\/fr\/","name":"WAHM","description":"La plateforme mondiale qui r\u00e9unit les meilleures formations en sant\u00e9, coaching, bien-\u00eatre et performance.","potentialAction":[{"@type":"SearchAction","target":{"@type":"EntryPoint","urlTemplate":"https:\/\/worldacademyofhumanmovement.com\/fr\/?s={search_term_string}"},"query-input":{"@type":"PropertyValueSpecification","valueRequired":true,"valueName":"search_term_string"}}],"inLanguage":"fr-FR"}]}},"builder_content":"<h2><strong>Conditions G\u00e9n\u00e9rales d\u2019Utilisation (CGU)<\/strong><\/h2>\n\n<p><strong><em>World Academy of Human Movement (WAHM).<\/em><\/strong><\/p>\n<h3>Article 1 \u2014 Objet du site<\/h3> <p>WAHM est une plateforme e-learning permettant :<\/p> <ul> <li>d\u2019acheter et suivre des formations en ligne<\/li> <li>de proposer des formations en tant que formateur<\/li> <li>d\u2019acc\u00e9der \u00e0 des ressources p\u00e9dagogiques<\/li> <li>d\u2019interagir avec la communaut\u00e9 WAHM<\/li> <\/ul> <h2>Article 2 \u2014 Cr\u00e9ation de compte<\/h2> <p>Pour acc\u00e9der aux formations, l\u2019utilisateur doit cr\u00e9er un compte avec des informations exactes.<br>L\u2019utilisateur est responsable de la confidentialit\u00e9 de ses identifiants.<\/p> <h3>Article 3 \u2014 Utilisation de la plateforme<\/h3> <p>Il est interdit de :<br>Copier, transf\u00e9rer ou revendre une formation<br>Partager un acc\u00e8s personnel<br>T\u00e9l\u00e9charger ill\u00e9galement les contenus<br>D\u00e9tourner la plateforme \u00e0 des fins commerciales non autoris\u00e9es<\/p> <p>WAHM peut suspendre un compte en cas de non-respect.<\/p> <h3>Article 4 \u2014 Certifications<\/h3> <p>Les certificats d\u00e9livr\u00e9s par WAHM attestent d\u2019un suivi, mais ne remplacent aucune certification professionnelle officielle, sauf cas mentionn\u00e9.<\/p> <h3>Article 5 \u2014 Responsabilit\u00e9s<\/h3> <p>WAHM ne garantit pas :<\/p> <ul> <li>La r\u00e9ussite professionnelle de l\u2019utilisateur<\/li> <li>L\u2019exactitude absolue des contenus des formateurs partenaires<\/li> <li>L\u2019absence d\u2019interruption temporaire de service<\/li> <\/ul> <p>WAHM met tout en \u0153uvre pour assurer la qualit\u00e9 du service.<\/p>\n<img src=\"https:\/\/worldacademyofhumanmovement.com\/wp-content\/uploads\/2025\/12\/WAHM-Main-Logo-800x600-1.jpg\" width=\"150\" title=\"Conditions G\u00e9n\u00e9rales d\u2019Utilisation (CGU)\" alt=\"Conditions G\u00e9n\u00e9rales d\u2019Utilisation (CGU)\">\n<p>L\u00e0 o\u00f9 se forme les professionnels d'\u00e9lite.<\/p>\n\n<p><em>contact@wahm.com<\/em><\/p>\n<h4>L\u00e9gal<\/h4>\n<p><a href=\"https:\/\/worldacademyofhumanmovement.com\/fr\/mentions-legales\/\">Mentions l\u00e9gales<\/a><\/p>\n<p><a href=\"https:\/\/worldacademyofhumanmovement.com\/fr\/conditions-generales-dutilisation-cgu\/\">CGU<\/a><\/p>\n<p><a href=\"https:\/\/worldacademyofhumanmovement.com\/fr\/conditions-generales-de-vente-cgv\/#\">CGV<\/a><\/p>\n<h4>Support<\/h4>\n<h4>R\u00e9seaux sociaux<\/h4>\n<em style=\"color:#ffffff\" ><svg xmlns:xlink=\"http:\/\/www.w3.org\/1999\/xlink\" aria-hidden=\"true\"><use href=\"#tf-fab-instagram\" xlink:href=\"#tf-fab-instagram\"><\/use><\/svg><\/em> Instagram\n<em style=\"color:#ffffff\" ><svg xmlns:xlink=\"http:\/\/www.w3.org\/1999\/xlink\" aria-hidden=\"true\"><use href=\"#tf-fab-facebook\" xlink:href=\"#tf-fab-facebook\"><\/use><\/svg><\/em> Facebook\n<em style=\"color:#ffffff\" ><svg xmlns:xlink=\"http:\/\/www.w3.org\/1999\/xlink\" aria-hidden=\"true\"><use href=\"#tf-fab-x-twitter\" xlink:href=\"#tf-fab-x-twitter\"><\/use><\/svg><\/em> X-Twitter\n<em style=\"color:#ffffff\" ><svg xmlns:xlink=\"http:\/\/www.w3.org\/1999\/xlink\" aria-hidden=\"true\"><use href=\"#tf-fab-tiktok\" xlink:href=\"#tf-fab-tiktok\"><\/use><\/svg><\/em> Tiktok","_links":{"self":[{"href":"https:\/\/worldacademyofhumanmovement.com\/fr\/wp-json\/wp\/v2\/pages\/1937","targetHints":{"allow":["GET"]}}],"collection":[{"href":"https:\/\/worldacademyofhumanmovement.com\/fr\/wp-json\/wp\/v2\/pages"}],"about":[{"href":"https:\/\/worldacademyofhumanmovement.com\/fr\/wp-json\/wp\/v2\/types\/page"}],"author":[{"embeddable":true,"href":"https:\/\/worldacademyofhumanmovement.com\/fr\/wp-json\/wp\/v2\/users\/1"}],"replies":[{"embeddable":true,"href":"https:\/\/worldacademyofhumanmovement.com\/fr\/wp-json\/wp\/v2\/comments?post=1937"}],"version-history":[{"count":19,"href":"https:\/\/worldacademyofhumanmovement.com\/fr\/wp-json\/wp\/v2\/pages\/1937\/revisions"}],"predecessor-version":[{"id":2202,"href":"https:\/\/worldacademyofhumanmovement.com\/fr\/wp-json\/wp\/v2\/pages\/1937\/revisions\/2202"}],"wp:attachment":[{"href":"https:\/\/worldacademyofhumanmovement.com\/fr\/wp-json\/wp\/v2\/media?parent=1937"}],"curies":[{"name":"wp","href":"https:\/\/api.w.org\/{rel}","templated":true}]}}