{"id":1904,"date":"2026-02-01T15:16:56","date_gmt":"2026-02-01T15:16:56","guid":{"rendered":"https:\/\/worldacademyofhumanmovement.com\/?page_id=1904"},"modified":"2026-02-21T12:25:17","modified_gmt":"2026-02-21T12:25:17","slug":"mentions-legales","status":"publish","type":"page","link":"https:\/\/worldacademyofhumanmovement.com\/fr\/mentions-legales\/","title":{"rendered":"Mentions l\u00e9gales"},"content":{"rendered":"<!--themify_builder_content-->\n<div id=\"themify_builder_content-1904\" data-postid=\"1904\" class=\"themify_builder_content themify_builder_content-1904 themify_builder tf_clear\">\n                    <div  data-lazy=\"1\" class=\"module_row themify_builder_row tb_w4p1482 tb_first tf_w\">\n                        <div class=\"row_inner col_align_top tb_col_count_1 tf_box tf_rel\">\n                        <div  data-lazy=\"1\" class=\"module_column tb-column col-full tb_uul4482 first\">\n                            <div  data-lazy=\"1\" class=\"module_subrow themify_builder_sub_row tf_w col_align_middle tb_col_count_3 tb_5tnv922\">\n                <div  data-lazy=\"1\" class=\"module_column sub_column col3-1 tb_9lv9922 first\">\n                    <!-- module text -->\n<div  class=\"module module-text tb_o8op904   \" data-lazy=\"1\">\n        <div  class=\"tb_text_wrap\">\n        <h2><strong>Mentions l\u00e9gales<\/strong><\/h2>    <\/div>\n<\/div>\n<!-- \/module text -->        <\/div>\n                    <div  data-lazy=\"1\" class=\"module_column sub_column col3-1 tb_q4pl651\">\n                    <!-- module divider -->\n<div  class=\"module tf_mw module-divider tb_qn6e820 solid   \" style=\"border-width: 1px;border-color: #d4a018;\" data-lazy=\"1\">\n    <\/div>\n<!-- \/module divider -->\n        <\/div>\n                    <div  data-lazy=\"1\" class=\"module_column sub_column col3-1 tb_2xee785 last\">\n                    <!-- module text -->\n<div  class=\"module module-text tb_8jjn704   \" data-lazy=\"1\">\n        <div  class=\"tb_text_wrap\">\n        <p><strong><em>World Academy of Human Movement (WAHM).<\/em><\/strong><\/p>    <\/div>\n<\/div>\n<!-- \/module text -->        <\/div>\n                    <\/div>\n        <!-- module text -->\n<div  class=\"module module-text tb_ig6t588   \" data-lazy=\"1\">\n        <div  class=\"tb_text_wrap\">\n        <h3>\u00c9diteur du site<\/h3>\n<p><strong>World Academy of Human Movement (WAHM)<\/strong><br>Forme juridique : <em style=\"color: rgb(255, 0, 0);\">Soci\u00e9t\u00e9 \u00e0 pr\u00e9ciser (ex : SRL \/ SAS \/ LTD)<\/em><br>Si\u00e8ge social : <em style=\"color: rgb(255, 0, 0);\">Adresse \u00e0 compl\u00e9ter<\/em><br>Num\u00e9ro d\u2019entreprise \/ RCS \/ BCE : <em style=\"color: rgb(255, 0, 0);\">\u00c0 compl\u00e9ter<\/em><br>TVA intracommunautaire : <em style=\"color: rgb(255, 0, 0);\">\u00c0 compl\u00e9ter<\/em><br>Email : <em>contact@wahm.com<\/em><br>Responsable de la publication : <em style=\"color: rgb(255, 0, 0);\">Nom du fondateur ou directeur l\u00e9gal<\/em><\/p>\n<h3>H\u00e9bergement<\/h3>\n<p>Le site est h\u00e9berg\u00e9 par : <b>o2switch<\/b><br>Adresse : Chem. des Pardiaux, 63000 Clermont-Ferrand, France<br>Site web : https:\/\/worldacademyofhumanmovement.com\/<\/p>\n<h3>Propri\u00e9t\u00e9 intellectuelle<\/h3>\n<p>L\u2019ensemble du contenu du site (textes, vid\u00e9os, images, logos, formations, documents) est prot\u00e9g\u00e9 par le droit d\u2019auteur et reste la propri\u00e9t\u00e9 de WAHM ou des formateurs partenaires.<br>Toute reproduction, diffusion ou exploitation sans autorisation est strictement interdite.<\/p>\n<h3>Donn\u00e9es personnelles<\/h3>\n<p>WAHM collecte uniquement les donn\u00e9es n\u00e9cessaires :<\/p>\n<ul>\n<li>Nom, pr\u00e9nom<\/li>\n<li>Email<\/li>\n<li>Informations de paiement<\/li>\n<li>Historique d\u2019achat<\/li>\n<li>Progression p\u00e9dagogique<\/li>\n<\/ul>\n<p>Ces donn\u00e9es sont utilis\u00e9es pour :<br>\u2714 G\u00e9rer votre compte<br>\u2714 Suivre vos formations<br>\u2714 Assurer le support<br>\u2714 Envoyer des communications li\u00e9es \u00e0 vos achats<br>\u2714 Am\u00e9liorer le service<\/p>\n<p>Conform\u00e9ment au RGPD, vous pouvez demander :<br>L\u2019acc\u00e8s, la modification ou la suppression de vos donn\u00e9es<br>La portabilit\u00e9<br>La limitation du traitement<\/p>\n<p>Demande : <strong>privacy@wahm.com<\/strong><\/p>    <\/div>\n<\/div>\n<!-- \/module text -->        <\/div>\n                        <\/div>\n        <\/div>\n                        <div  data-lazy=\"1\" class=\"module_row themify_builder_row tb_bwgg929 tf_w\">\n                        <div class=\"row_inner col_align_top tb_col_count_2 tf_box tf_rel\">\n                        <div  data-lazy=\"1\" class=\"module_column tb-column col4-2 tb_r5qn929 first\">\n                            <div  data-lazy=\"1\" class=\"module_subrow themify_builder_sub_row tf_w col_align_top tb_col_count_1 tb_q59e929\">\n                <div  data-lazy=\"1\" class=\"module_column sub_column col-full tb_5cde929 first\">\n                    <!-- module image -->\n<div  class=\"module module-image tb_moeb929 image-top rounded  tf_mw\" data-lazy=\"1\">\n        <div class=\"image-wrap tf_rel tf_mw\">\n            <img decoding=\"async\" src=\"https:\/\/worldacademyofhumanmovement.com\/wp-content\/uploads\/2025\/12\/WAHM-Main-Logo-800x600-1.jpg\" width=\"150\" title=\"Mentions l\u00e9gales\" alt=\"Mentions l\u00e9gales\">    \n        <\/div>\n    <!-- \/image-wrap -->\n    \n        <\/div>\n<!-- \/module image --><!-- module text -->\n<div  class=\"module module-text tb_k54v929   \" data-lazy=\"1\">\n        <div  class=\"tb_text_wrap\">\n        <p>L\u00e0 o\u00f9 se forme les professionnels d&rsquo;\u00e9lite.<\/p>    <\/div>\n<\/div>\n<!-- \/module text --><!-- module divider -->\n<div  class=\"module tf_mw module-divider tb_ykdx929 solid  divider-custom divider-left\" style=\"border-width: 1px;border-color: #d4a018;max-width: 100px;\" data-lazy=\"1\">\n    <\/div>\n<!-- \/module divider -->\n<!-- module text -->\n<div  class=\"module module-text tb_em99929   \" data-lazy=\"1\">\n        <div  class=\"tb_text_wrap\">\n        <p><em>contact@wahm.com<\/em><\/p>    <\/div>\n<\/div>\n<!-- \/module text -->        <\/div>\n                    <\/div>\n                <\/div>\n                    <div  data-lazy=\"1\" class=\"module_column tb-column col4-2 tb_cmpg929 last\">\n                            <div  data-lazy=\"1\" class=\"module_subrow themify_builder_sub_row tf_w col_align_top tb_col_count_3 tb_h24j929\">\n                <div  data-lazy=\"1\" class=\"module_column sub_column col3-1 tb_7sst929 first\">\n                            <div  data-lazy=\"1\" class=\"module_subrow themify_builder_sub_row tf_w col_align_top tb_col_count_1 tb_v9st929\">\n                <div  data-lazy=\"1\" class=\"module_column sub_column col-full tb_20gt929 first\">\n                    <!-- module text -->\n<div  class=\"module module-text tb_nedo929   \" data-lazy=\"1\">\n        <div  class=\"tb_text_wrap\">\n        <h4>L\u00e9gal<\/h4>    <\/div>\n<\/div>\n<!-- \/module text --><!-- module text -->\n<div  class=\"module module-text tb_2nto929   \" data-lazy=\"1\">\n        <div  class=\"tb_text_wrap\">\n        <p><a href=\"https:\/\/worldacademyofhumanmovement.com\/fr\/mentions-legales\/\">Mentions l\u00e9gales<\/a><\/p>    <\/div>\n<\/div>\n<!-- \/module text --><!-- module text -->\n<div  class=\"module module-text tb_cg3a929   \" data-lazy=\"1\">\n        <div  class=\"tb_text_wrap\">\n        <p><a href=\"https:\/\/worldacademyofhumanmovement.com\/fr\/conditions-generales-dutilisation-cgu\/\">CGU<\/a><\/p>    <\/div>\n<\/div>\n<!-- \/module text --><!-- module text -->\n<div  class=\"module module-text tb_pl90929   \" data-lazy=\"1\">\n        <div  class=\"tb_text_wrap\">\n        <p><a href=\"https:\/\/worldacademyofhumanmovement.com\/fr\/conditions-generales-de-vente-cgv\/#\">CGV<\/a><\/p>    <\/div>\n<\/div>\n<!-- \/module text -->        <\/div>\n                    <\/div>\n                <\/div>\n                    <div  data-lazy=\"1\" class=\"module_column sub_column col3-1 tb_tnfn929\">\n                            <div  data-lazy=\"1\" class=\"module_subrow themify_builder_sub_row tf_w col_align_top tb_col_count_1 tb_9rs9929\">\n                <div  data-lazy=\"1\" class=\"module_column sub_column col-full tb_2slv929 first\">\n                    <!-- module text -->\n<div  class=\"module module-text tb_c1x9929   \" data-lazy=\"1\">\n        <div  class=\"tb_text_wrap\">\n        <h4>Support<\/h4>    <\/div>\n<\/div>\n<!-- \/module text -->        <\/div>\n                    <\/div>\n                <\/div>\n                    <div  data-lazy=\"1\" class=\"module_column sub_column col3-1 tb_g20l929 last\">\n                            <div  data-lazy=\"1\" class=\"module_subrow themify_builder_sub_row tf_w col_align_top tb_col_count_1 tb_hdti929\">\n                <div  data-lazy=\"1\" class=\"module_column sub_column col-full tb_wnnn929 first\">\n                    <!-- module text -->\n<div  class=\"module module-text tb_ed61929   \" data-lazy=\"1\">\n        <div  class=\"tb_text_wrap\">\n        <h4>R\u00e9seaux sociaux<\/h4>    <\/div>\n<\/div>\n<!-- \/module text --><!-- module icon -->\n<div  class=\"module module-icon tb_sr6t929    icon_horizontal \" data-lazy=\"1\">\n\t\t\t<div class=\"module-icon-item\">\n\t\t\t\t\t\t\t\t\t\t\t\t\t\t\t\t<em class=\"tf_box\"\n\t\t\t\t\t\t\t\t\t\t\t\t style=\"color:#ffffff\"\t\t\t\t\t><svg  class=\"tf_fa tf-fab-instagram\" xmlns:xlink=\"http:\/\/www.w3.org\/1999\/xlink\" aria-hidden=\"true\"><use href=\"#tf-fab-instagram\" xlink:href=\"#tf-fab-instagram\"><\/use><\/svg><\/em>\n\t\t\t\t\t\t\t\t\t\t\t\t\t\t\t\t\t\t\t<span>Instagram <\/span>\n\t\t\t\t\t\t\t\t\t\t\t\t\t\t\t<\/div>\n\t<\/div>\n<!-- \/module icon -->\n<!-- module icon -->\n<div  class=\"module module-icon tb_dmem929    icon_horizontal \" data-lazy=\"1\">\n\t\t\t<div class=\"module-icon-item\">\n\t\t\t\t\t\t\t\t\t\t\t\t\t\t\t\t<em class=\"tf_box\"\n\t\t\t\t\t\t\t\t\t\t\t\t style=\"color:#ffffff\"\t\t\t\t\t><svg  class=\"tf_fa tf-fab-facebook\" xmlns:xlink=\"http:\/\/www.w3.org\/1999\/xlink\" aria-hidden=\"true\"><use href=\"#tf-fab-facebook\" xlink:href=\"#tf-fab-facebook\"><\/use><\/svg><\/em>\n\t\t\t\t\t\t\t\t\t\t\t\t\t\t\t\t\t\t\t<span>Facebook<\/span>\n\t\t\t\t\t\t\t\t\t\t\t\t\t\t\t<\/div>\n\t<\/div>\n<!-- \/module icon -->\n<!-- module icon -->\n<div  class=\"module module-icon tb_bn4d929    icon_horizontal \" data-lazy=\"1\">\n\t\t\t<div class=\"module-icon-item\">\n\t\t\t\t\t\t\t\t\t\t\t\t\t\t\t\t<em class=\"tf_box\"\n\t\t\t\t\t\t\t\t\t\t\t\t style=\"color:#ffffff\"\t\t\t\t\t><svg  class=\"tf_fa tf-fab-x-twitter\" xmlns:xlink=\"http:\/\/www.w3.org\/1999\/xlink\" aria-hidden=\"true\"><use href=\"#tf-fab-x-twitter\" xlink:href=\"#tf-fab-x-twitter\"><\/use><\/svg><\/em>\n\t\t\t\t\t\t\t\t\t\t\t\t\t\t\t\t\t\t\t<span>X-Twitter<\/span>\n\t\t\t\t\t\t\t\t\t\t\t\t\t\t\t<\/div>\n\t<\/div>\n<!-- \/module icon -->\n<!-- module icon -->\n<div  class=\"module module-icon tb_zdcw929    icon_horizontal \" data-lazy=\"1\">\n\t\t\t<div class=\"module-icon-item\">\n\t\t\t\t\t\t\t\t\t\t\t\t\t\t\t\t<em class=\"tf_box\"\n\t\t\t\t\t\t\t\t\t\t\t\t style=\"color:#ffffff\"\t\t\t\t\t><svg  class=\"tf_fa tf-fab-tiktok\" xmlns:xlink=\"http:\/\/www.w3.org\/1999\/xlink\" aria-hidden=\"true\"><use href=\"#tf-fab-tiktok\" xlink:href=\"#tf-fab-tiktok\"><\/use><\/svg><\/em>\n\t\t\t\t\t\t\t\t\t\t\t\t\t\t\t\t\t\t\t<span>Tiktok<\/span>\n\t\t\t\t\t\t\t\t\t\t\t\t\t\t\t<\/div>\n\t<\/div>\n<!-- \/module icon -->\n        <\/div>\n                    <\/div>\n                <\/div>\n                    <\/div>\n                <\/div>\n                        <\/div>\n        <\/div>\n        <\/div>\n<!--\/themify_builder_content-->","protected":false},"excerpt":{"rendered":"<p>Mentions l\u00e9gales<\/p>\n","protected":false},"author":1,"featured_media":0,"parent":0,"menu_order":0,"comment_status":"closed","ping_status":"closed","template":"","meta":{"footnotes":""},"class_list":["post-1904","page","type-page","status-publish","hentry","has-post-title","has-post-date","has-post-category","has-post-tag","has-post-comment","has-post-author",""],"yoast_head":"<!-- This site is optimized with the Yoast SEO plugin v27.3 - https:\/\/yoast.com\/product\/yoast-seo-wordpress\/ -->\n<title>Mentions l\u00e9gales - WAHM<\/title>\n<meta name=\"robots\" content=\"index, follow, max-snippet:-1, max-image-preview:large, max-video-preview:-1\" \/>\n<link rel=\"canonical\" href=\"https:\/\/worldacademyofhumanmovement.com\/fr\/mentions-legales\/\" \/>\n<meta property=\"og:locale\" content=\"fr_FR\" \/>\n<meta property=\"og:type\" content=\"article\" \/>\n<meta property=\"og:title\" content=\"Mentions l\u00e9gales - WAHM\" \/>\n<meta property=\"og:description\" content=\"Mentions l\u00e9gales\" \/>\n<meta property=\"og:url\" content=\"https:\/\/worldacademyofhumanmovement.com\/fr\/mentions-legales\/\" \/>\n<meta property=\"og:site_name\" content=\"WAHM\" \/>\n<meta property=\"article:modified_time\" content=\"2026-02-21T12:25:17+00:00\" \/>\n<meta property=\"og:image\" content=\"https:\/\/worldacademyofhumanmovement.com\/wp-content\/uploads\/2025\/12\/WAHM-Main-Logo-800x600-1.jpg\" \/>\n<meta name=\"twitter:card\" content=\"summary_large_image\" \/>\n<script type=\"application\/ld+json\" class=\"yoast-schema-graph\">{\"@context\":\"https:\\\/\\\/schema.org\",\"@graph\":[{\"@type\":\"WebPage\",\"@id\":\"https:\\\/\\\/worldacademyofhumanmovement.com\\\/fr\\\/mentions-legales\\\/\",\"url\":\"https:\\\/\\\/worldacademyofhumanmovement.com\\\/fr\\\/mentions-legales\\\/\",\"name\":\"Mentions l\u00e9gales - WAHM\",\"isPartOf\":{\"@id\":\"https:\\\/\\\/worldacademyofhumanmovement.com\\\/fr\\\/#website\"},\"primaryImageOfPage\":{\"@id\":\"https:\\\/\\\/worldacademyofhumanmovement.com\\\/fr\\\/mentions-legales\\\/#primaryimage\"},\"image\":{\"@id\":\"https:\\\/\\\/worldacademyofhumanmovement.com\\\/fr\\\/mentions-legales\\\/#primaryimage\"},\"thumbnailUrl\":\"https:\\\/\\\/worldacademyofhumanmovement.com\\\/wp-content\\\/uploads\\\/2025\\\/12\\\/WAHM-Main-Logo-800x600-1.jpg\",\"datePublished\":\"2026-02-01T15:16:56+00:00\",\"dateModified\":\"2026-02-21T12:25:17+00:00\",\"breadcrumb\":{\"@id\":\"https:\\\/\\\/worldacademyofhumanmovement.com\\\/fr\\\/mentions-legales\\\/#breadcrumb\"},\"inLanguage\":\"fr-FR\",\"potentialAction\":[{\"@type\":\"ReadAction\",\"target\":[\"https:\\\/\\\/worldacademyofhumanmovement.com\\\/fr\\\/mentions-legales\\\/\"]}]},{\"@type\":\"ImageObject\",\"inLanguage\":\"fr-FR\",\"@id\":\"https:\\\/\\\/worldacademyofhumanmovement.com\\\/fr\\\/mentions-legales\\\/#primaryimage\",\"url\":\"https:\\\/\\\/worldacademyofhumanmovement.com\\\/wp-content\\\/uploads\\\/2025\\\/12\\\/WAHM-Main-Logo-800x600-1.jpg\",\"contentUrl\":\"https:\\\/\\\/worldacademyofhumanmovement.com\\\/wp-content\\\/uploads\\\/2025\\\/12\\\/WAHM-Main-Logo-800x600-1.jpg\"},{\"@type\":\"BreadcrumbList\",\"@id\":\"https:\\\/\\\/worldacademyofhumanmovement.com\\\/fr\\\/mentions-legales\\\/#breadcrumb\",\"itemListElement\":[{\"@type\":\"ListItem\",\"position\":1,\"name\":\"Accueil\",\"item\":\"https:\\\/\\\/worldacademyofhumanmovement.com\\\/fr\\\/\"},{\"@type\":\"ListItem\",\"position\":2,\"name\":\"Mentions l\u00e9gales\"}]},{\"@type\":\"WebSite\",\"@id\":\"https:\\\/\\\/worldacademyofhumanmovement.com\\\/fr\\\/#website\",\"url\":\"https:\\\/\\\/worldacademyofhumanmovement.com\\\/fr\\\/\",\"name\":\"WAHM\",\"description\":\"La plateforme mondiale qui r\u00e9unit les meilleures formations en sant\u00e9, coaching, bien-\u00eatre et performance.\",\"potentialAction\":[{\"@type\":\"SearchAction\",\"target\":{\"@type\":\"EntryPoint\",\"urlTemplate\":\"https:\\\/\\\/worldacademyofhumanmovement.com\\\/fr\\\/?s={search_term_string}\"},\"query-input\":{\"@type\":\"PropertyValueSpecification\",\"valueRequired\":true,\"valueName\":\"search_term_string\"}}],\"inLanguage\":\"fr-FR\"}]}<\/script>\n<!-- \/ Yoast SEO plugin. -->","yoast_head_json":{"title":"Mentions l\u00e9gales - WAHM","robots":{"index":"index","follow":"follow","max-snippet":"max-snippet:-1","max-image-preview":"max-image-preview:large","max-video-preview":"max-video-preview:-1"},"canonical":"https:\/\/worldacademyofhumanmovement.com\/fr\/mentions-legales\/","og_locale":"fr_FR","og_type":"article","og_title":"Mentions l\u00e9gales - WAHM","og_description":"Mentions l\u00e9gales","og_url":"https:\/\/worldacademyofhumanmovement.com\/fr\/mentions-legales\/","og_site_name":"WAHM","article_modified_time":"2026-02-21T12:25:17+00:00","og_image":[{"url":"https:\/\/worldacademyofhumanmovement.com\/wp-content\/uploads\/2025\/12\/WAHM-Main-Logo-800x600-1.jpg","type":"","width":"","height":""}],"twitter_card":"summary_large_image","schema":{"@context":"https:\/\/schema.org","@graph":[{"@type":"WebPage","@id":"https:\/\/worldacademyofhumanmovement.com\/fr\/mentions-legales\/","url":"https:\/\/worldacademyofhumanmovement.com\/fr\/mentions-legales\/","name":"Mentions l\u00e9gales - WAHM","isPartOf":{"@id":"https:\/\/worldacademyofhumanmovement.com\/fr\/#website"},"primaryImageOfPage":{"@id":"https:\/\/worldacademyofhumanmovement.com\/fr\/mentions-legales\/#primaryimage"},"image":{"@id":"https:\/\/worldacademyofhumanmovement.com\/fr\/mentions-legales\/#primaryimage"},"thumbnailUrl":"https:\/\/worldacademyofhumanmovement.com\/wp-content\/uploads\/2025\/12\/WAHM-Main-Logo-800x600-1.jpg","datePublished":"2026-02-01T15:16:56+00:00","dateModified":"2026-02-21T12:25:17+00:00","breadcrumb":{"@id":"https:\/\/worldacademyofhumanmovement.com\/fr\/mentions-legales\/#breadcrumb"},"inLanguage":"fr-FR","potentialAction":[{"@type":"ReadAction","target":["https:\/\/worldacademyofhumanmovement.com\/fr\/mentions-legales\/"]}]},{"@type":"ImageObject","inLanguage":"fr-FR","@id":"https:\/\/worldacademyofhumanmovement.com\/fr\/mentions-legales\/#primaryimage","url":"https:\/\/worldacademyofhumanmovement.com\/wp-content\/uploads\/2025\/12\/WAHM-Main-Logo-800x600-1.jpg","contentUrl":"https:\/\/worldacademyofhumanmovement.com\/wp-content\/uploads\/2025\/12\/WAHM-Main-Logo-800x600-1.jpg"},{"@type":"BreadcrumbList","@id":"https:\/\/worldacademyofhumanmovement.com\/fr\/mentions-legales\/#breadcrumb","itemListElement":[{"@type":"ListItem","position":1,"name":"Accueil","item":"https:\/\/worldacademyofhumanmovement.com\/fr\/"},{"@type":"ListItem","position":2,"name":"Mentions l\u00e9gales"}]},{"@type":"WebSite","@id":"https:\/\/worldacademyofhumanmovement.com\/fr\/#website","url":"https:\/\/worldacademyofhumanmovement.com\/fr\/","name":"WAHM","description":"La plateforme mondiale qui r\u00e9unit les meilleures formations en sant\u00e9, coaching, bien-\u00eatre et performance.","potentialAction":[{"@type":"SearchAction","target":{"@type":"EntryPoint","urlTemplate":"https:\/\/worldacademyofhumanmovement.com\/fr\/?s={search_term_string}"},"query-input":{"@type":"PropertyValueSpecification","valueRequired":true,"valueName":"search_term_string"}}],"inLanguage":"fr-FR"}]}},"builder_content":"<h2><strong>Mentions l\u00e9gales<\/strong><\/h2>\n\n<p><strong><em>World Academy of Human Movement (WAHM).<\/em><\/strong><\/p>\n<h3>\u00c9diteur du site<\/h3> <p><strong>World Academy of Human Movement (WAHM)<\/strong><br>Forme juridique : <em style=\"color: rgb(255, 0, 0);\">Soci\u00e9t\u00e9 \u00e0 pr\u00e9ciser (ex : SRL \/ SAS \/ LTD)<\/em><br>Si\u00e8ge social : <em style=\"color: rgb(255, 0, 0);\">Adresse \u00e0 compl\u00e9ter<\/em><br>Num\u00e9ro d\u2019entreprise \/ RCS \/ BCE : <em style=\"color: rgb(255, 0, 0);\">\u00c0 compl\u00e9ter<\/em><br>TVA intracommunautaire : <em style=\"color: rgb(255, 0, 0);\">\u00c0 compl\u00e9ter<\/em><br>Email : <em>contact@wahm.com<\/em><br>Responsable de la publication : <em style=\"color: rgb(255, 0, 0);\">Nom du fondateur ou directeur l\u00e9gal<\/em><\/p> <h3>H\u00e9bergement<\/h3> <p>Le site est h\u00e9berg\u00e9 par : <b>o2switch<\/b><br>Adresse : Chem. des Pardiaux, 63000 Clermont-Ferrand, France<br>Site web : https:\/\/worldacademyofhumanmovement.com\/<\/p> <h3>Propri\u00e9t\u00e9 intellectuelle<\/h3> <p>L\u2019ensemble du contenu du site (textes, vid\u00e9os, images, logos, formations, documents) est prot\u00e9g\u00e9 par le droit d\u2019auteur et reste la propri\u00e9t\u00e9 de WAHM ou des formateurs partenaires.<br>Toute reproduction, diffusion ou exploitation sans autorisation est strictement interdite.<\/p> <h3>Donn\u00e9es personnelles<\/h3> <p>WAHM collecte uniquement les donn\u00e9es n\u00e9cessaires :<\/p> <ul> <li>Nom, pr\u00e9nom<\/li> <li>Email<\/li> <li>Informations de paiement<\/li> <li>Historique d\u2019achat<\/li> <li>Progression p\u00e9dagogique<\/li> <\/ul> <p>Ces donn\u00e9es sont utilis\u00e9es pour :<br>\u2714 G\u00e9rer votre compte<br>\u2714 Suivre vos formations<br>\u2714 Assurer le support<br>\u2714 Envoyer des communications li\u00e9es \u00e0 vos achats<br>\u2714 Am\u00e9liorer le service<\/p> <p>Conform\u00e9ment au RGPD, vous pouvez demander :<br>L\u2019acc\u00e8s, la modification ou la suppression de vos donn\u00e9es<br>La portabilit\u00e9<br>La limitation du traitement<\/p> <p>Demande : <strong>privacy@wahm.com<\/strong><\/p>\n<img src=\"https:\/\/worldacademyofhumanmovement.com\/wp-content\/uploads\/2025\/12\/WAHM-Main-Logo-800x600-1.jpg\" width=\"150\" title=\"Mentions l\u00e9gales\" alt=\"Mentions l\u00e9gales\">\n<p>L\u00e0 o\u00f9 se forme les professionnels d'\u00e9lite.<\/p>\n\n<p><em>contact@wahm.com<\/em><\/p>\n<h4>L\u00e9gal<\/h4>\n<p><a href=\"https:\/\/worldacademyofhumanmovement.com\/fr\/mentions-legales\/\">Mentions l\u00e9gales<\/a><\/p>\n<p><a href=\"https:\/\/worldacademyofhumanmovement.com\/fr\/conditions-generales-dutilisation-cgu\/\">CGU<\/a><\/p>\n<p><a href=\"https:\/\/worldacademyofhumanmovement.com\/fr\/conditions-generales-de-vente-cgv\/#\">CGV<\/a><\/p>\n<h4>Support<\/h4>\n<h4>R\u00e9seaux sociaux<\/h4>\n<em style=\"color:#ffffff\" ><svg xmlns:xlink=\"http:\/\/www.w3.org\/1999\/xlink\" aria-hidden=\"true\"><use href=\"#tf-fab-instagram\" xlink:href=\"#tf-fab-instagram\"><\/use><\/svg><\/em> Instagram\n<em style=\"color:#ffffff\" ><svg xmlns:xlink=\"http:\/\/www.w3.org\/1999\/xlink\" aria-hidden=\"true\"><use href=\"#tf-fab-facebook\" xlink:href=\"#tf-fab-facebook\"><\/use><\/svg><\/em> Facebook\n<em style=\"color:#ffffff\" ><svg xmlns:xlink=\"http:\/\/www.w3.org\/1999\/xlink\" aria-hidden=\"true\"><use href=\"#tf-fab-x-twitter\" xlink:href=\"#tf-fab-x-twitter\"><\/use><\/svg><\/em> X-Twitter\n<em style=\"color:#ffffff\" ><svg xmlns:xlink=\"http:\/\/www.w3.org\/1999\/xlink\" aria-hidden=\"true\"><use href=\"#tf-fab-tiktok\" xlink:href=\"#tf-fab-tiktok\"><\/use><\/svg><\/em> Tiktok","_links":{"self":[{"href":"https:\/\/worldacademyofhumanmovement.com\/fr\/wp-json\/wp\/v2\/pages\/1904","targetHints":{"allow":["GET"]}}],"collection":[{"href":"https:\/\/worldacademyofhumanmovement.com\/fr\/wp-json\/wp\/v2\/pages"}],"about":[{"href":"https:\/\/worldacademyofhumanmovement.com\/fr\/wp-json\/wp\/v2\/types\/page"}],"author":[{"embeddable":true,"href":"https:\/\/worldacademyofhumanmovement.com\/fr\/wp-json\/wp\/v2\/users\/1"}],"replies":[{"embeddable":true,"href":"https:\/\/worldacademyofhumanmovement.com\/fr\/wp-json\/wp\/v2\/comments?post=1904"}],"version-history":[{"count":35,"href":"https:\/\/worldacademyofhumanmovement.com\/fr\/wp-json\/wp\/v2\/pages\/1904\/revisions"}],"predecessor-version":[{"id":2203,"href":"https:\/\/worldacademyofhumanmovement.com\/fr\/wp-json\/wp\/v2\/pages\/1904\/revisions\/2203"}],"wp:attachment":[{"href":"https:\/\/worldacademyofhumanmovement.com\/fr\/wp-json\/wp\/v2\/media?parent=1904"}],"curies":[{"name":"wp","href":"https:\/\/api.w.org\/{rel}","templated":true}]}}