{"id":3363,"date":"2026-03-27T17:19:16","date_gmt":"2026-03-27T17:19:16","guid":{"rendered":"https:\/\/worldacademyofhumanmovement.com\/upload-my-videos\/"},"modified":"2026-03-27T17:34:21","modified_gmt":"2026-03-27T17:34:21","slug":"upload-my-videos","status":"publish","type":"page","link":"https:\/\/worldacademyofhumanmovement.com\/en\/upload-my-videos\/","title":{"rendered":"Upload my videos"},"content":{"rendered":"<!--themify_builder_content-->\n<div id=\"themify_builder_content-3363\" data-postid=\"3363\" class=\"themify_builder_content themify_builder_content-3363 themify_builder tf_clear\">\n                    <div  data-lazy=\"1\" class=\"module_row themify_builder_row tb_5yzr210 tb_first tf_w\">\n                        <div class=\"row_inner col_align_top tb_col_count_1 tf_box tf_rel\">\n                        <div  data-lazy=\"1\" class=\"module_column tb-column col-full tb_uyds211 first\">\n                    <!-- module image -->\n<div  class=\"module module-image tb_5o9l826 image-top rounded bordered  tf_mw\" data-lazy=\"1\">\n        <div class=\"image-wrap tf_rel tf_mw\">\n            <img loading=\"lazy\" decoding=\"async\" src=\"https:\/\/worldacademyofhumanmovement.com\/wp-content\/uploads\/2026\/01\/World-Academy-of-Human-Movement-Logo-120x90.webp\" width=\"120\" height=\"90\" class=\"wp-post-image wp-image-2798\" title=\"WAHM - Logo\" alt=\"WAHM - Logo\" srcset=\"https:\/\/worldacademyofhumanmovement.com\/wp-content\/uploads\/2026\/01\/World-Academy-of-Human-Movement-Logo-120x90.webp 120w, https:\/\/worldacademyofhumanmovement.com\/wp-content\/uploads\/2026\/01\/World-Academy-of-Human-Movement-Logo-600x450.webp 600w, https:\/\/worldacademyofhumanmovement.com\/wp-content\/uploads\/2026\/01\/World-Academy-of-Human-Movement-Logo-300x225.webp 300w, https:\/\/worldacademyofhumanmovement.com\/wp-content\/uploads\/2026\/01\/World-Academy-of-Human-Movement-Logo-768x576.webp 768w, https:\/\/worldacademyofhumanmovement.com\/wp-content\/uploads\/2026\/01\/World-Academy-of-Human-Movement-Logo-100x75.webp 100w, https:\/\/worldacademyofhumanmovement.com\/wp-content\/uploads\/2026\/01\/World-Academy-of-Human-Movement-Logo-50x37.webp 50w, https:\/\/worldacademyofhumanmovement.com\/wp-content\/uploads\/2026\/01\/World-Academy-of-Human-Movement-Logo-70x52.webp 70w, https:\/\/worldacademyofhumanmovement.com\/wp-content\/uploads\/2026\/01\/World-Academy-of-Human-Movement-Logo-80x60.webp 80w, https:\/\/worldacademyofhumanmovement.com\/wp-content\/uploads\/2026\/01\/World-Academy-of-Human-Movement-Logo-90x67.webp 90w, https:\/\/worldacademyofhumanmovement.com\/wp-content\/uploads\/2026\/01\/World-Academy-of-Human-Movement-Logo-150x112.webp 150w, https:\/\/worldacademyofhumanmovement.com\/wp-content\/uploads\/2026\/01\/World-Academy-of-Human-Movement-Logo.webp 800w\" sizes=\"auto, (max-width: 120px) 100vw, 120px\" \/>    \n        <\/div>\n    <!-- \/image-wrap -->\n    \n        <\/div>\n<!-- \/module image --><!-- module plain text -->\n<div  class=\"module module-plain-text tb_5uaw325 \" data-lazy=\"1\">\n        <div class=\"tb_text_wrap\">\n    <p>Vous devez \u00eatre connect\u00e9 pour acc\u00e9der \u00e0 cette page.<\/p>    <\/div>\n<\/div>\n<!-- \/module plain text -->        <\/div>\n                        <\/div>\n        <\/div>\n        <\/div>\n<!--\/themify_builder_content-->","protected":false},"excerpt":{"rendered":"","protected":false},"author":1,"featured_media":0,"parent":0,"menu_order":0,"comment_status":"closed","ping_status":"closed","template":"","meta":{"footnotes":""},"class_list":["post-3363","page","type-page","status-publish","hentry","has-post-title","has-post-date","has-post-category","has-post-tag","has-post-comment","has-post-author",""],"yoast_head":"<!-- This site is optimized with the Yoast SEO plugin v27.3 - https:\/\/yoast.com\/product\/yoast-seo-wordpress\/ -->\n<title>Upload my videos - WAHM<\/title>\n<meta name=\"robots\" content=\"index, follow, max-snippet:-1, max-image-preview:large, max-video-preview:-1\" \/>\n<link rel=\"canonical\" href=\"https:\/\/worldacademyofhumanmovement.com\/en\/upload-my-videos\/\" \/>\n<meta property=\"og:locale\" content=\"en_US\" \/>\n<meta property=\"og:type\" content=\"article\" \/>\n<meta property=\"og:title\" content=\"Upload my videos - WAHM\" \/>\n<meta property=\"og:url\" content=\"https:\/\/worldacademyofhumanmovement.com\/en\/upload-my-videos\/\" \/>\n<meta property=\"og:site_name\" content=\"WAHM\" \/>\n<meta property=\"article:modified_time\" content=\"2026-03-27T17:34:21+00:00\" \/>\n<meta property=\"og:image\" content=\"https:\/\/worldacademyofhumanmovement.com\/wp-content\/uploads\/2026\/01\/World-Academy-of-Human-Movement-Logo-120x90.webp\" \/>\n<meta name=\"twitter:card\" content=\"summary_large_image\" \/>\n<script type=\"application\/ld+json\" class=\"yoast-schema-graph\">{\"@context\":\"https:\\\/\\\/schema.org\",\"@graph\":[{\"@type\":\"WebPage\",\"@id\":\"https:\\\/\\\/worldacademyofhumanmovement.com\\\/en\\\/upload-my-videos\\\/\",\"url\":\"https:\\\/\\\/worldacademyofhumanmovement.com\\\/en\\\/upload-my-videos\\\/\",\"name\":\"Upload my videos - WAHM\",\"isPartOf\":{\"@id\":\"https:\\\/\\\/worldacademyofhumanmovement.com\\\/en\\\/#website\"},\"primaryImageOfPage\":{\"@id\":\"https:\\\/\\\/worldacademyofhumanmovement.com\\\/en\\\/upload-my-videos\\\/#primaryimage\"},\"image\":{\"@id\":\"https:\\\/\\\/worldacademyofhumanmovement.com\\\/en\\\/upload-my-videos\\\/#primaryimage\"},\"thumbnailUrl\":\"https:\\\/\\\/worldacademyofhumanmovement.com\\\/wp-content\\\/uploads\\\/2026\\\/01\\\/World-Academy-of-Human-Movement-Logo-120x90.webp\",\"datePublished\":\"2026-03-27T17:19:16+00:00\",\"dateModified\":\"2026-03-27T17:34:21+00:00\",\"breadcrumb\":{\"@id\":\"https:\\\/\\\/worldacademyofhumanmovement.com\\\/en\\\/upload-my-videos\\\/#breadcrumb\"},\"inLanguage\":\"en-US\",\"potentialAction\":[{\"@type\":\"ReadAction\",\"target\":[\"https:\\\/\\\/worldacademyofhumanmovement.com\\\/en\\\/upload-my-videos\\\/\"]}]},{\"@type\":\"ImageObject\",\"inLanguage\":\"en-US\",\"@id\":\"https:\\\/\\\/worldacademyofhumanmovement.com\\\/en\\\/upload-my-videos\\\/#primaryimage\",\"url\":\"https:\\\/\\\/worldacademyofhumanmovement.com\\\/wp-content\\\/uploads\\\/2026\\\/01\\\/World-Academy-of-Human-Movement-Logo-120x90.webp\",\"contentUrl\":\"https:\\\/\\\/worldacademyofhumanmovement.com\\\/wp-content\\\/uploads\\\/2026\\\/01\\\/World-Academy-of-Human-Movement-Logo-120x90.webp\"},{\"@type\":\"BreadcrumbList\",\"@id\":\"https:\\\/\\\/worldacademyofhumanmovement.com\\\/en\\\/upload-my-videos\\\/#breadcrumb\",\"itemListElement\":[{\"@type\":\"ListItem\",\"position\":1,\"name\":\"Accueil\",\"item\":\"https:\\\/\\\/worldacademyofhumanmovement.com\\\/en\\\/\"},{\"@type\":\"ListItem\",\"position\":2,\"name\":\"Upload my videos\"}]},{\"@type\":\"WebSite\",\"@id\":\"https:\\\/\\\/worldacademyofhumanmovement.com\\\/en\\\/#website\",\"url\":\"https:\\\/\\\/worldacademyofhumanmovement.com\\\/en\\\/\",\"name\":\"WAHM\",\"description\":\"La plateforme mondiale qui r\u00e9unit les meilleures formations en sant\u00e9, coaching, bien-\u00eatre et performance.\",\"potentialAction\":[{\"@type\":\"SearchAction\",\"target\":{\"@type\":\"EntryPoint\",\"urlTemplate\":\"https:\\\/\\\/worldacademyofhumanmovement.com\\\/en\\\/?s={search_term_string}\"},\"query-input\":{\"@type\":\"PropertyValueSpecification\",\"valueRequired\":true,\"valueName\":\"search_term_string\"}}],\"inLanguage\":\"en-US\"}]}<\/script>\n<!-- \/ Yoast SEO plugin. -->","yoast_head_json":{"title":"Upload my videos - WAHM","robots":{"index":"index","follow":"follow","max-snippet":"max-snippet:-1","max-image-preview":"max-image-preview:large","max-video-preview":"max-video-preview:-1"},"canonical":"https:\/\/worldacademyofhumanmovement.com\/en\/upload-my-videos\/","og_locale":"en_US","og_type":"article","og_title":"Upload my videos - WAHM","og_url":"https:\/\/worldacademyofhumanmovement.com\/en\/upload-my-videos\/","og_site_name":"WAHM","article_modified_time":"2026-03-27T17:34:21+00:00","og_image":[{"url":"https:\/\/worldacademyofhumanmovement.com\/wp-content\/uploads\/2026\/01\/World-Academy-of-Human-Movement-Logo-120x90.webp","type":"","width":"","height":""}],"twitter_card":"summary_large_image","schema":{"@context":"https:\/\/schema.org","@graph":[{"@type":"WebPage","@id":"https:\/\/worldacademyofhumanmovement.com\/en\/upload-my-videos\/","url":"https:\/\/worldacademyofhumanmovement.com\/en\/upload-my-videos\/","name":"Upload my videos - WAHM","isPartOf":{"@id":"https:\/\/worldacademyofhumanmovement.com\/en\/#website"},"primaryImageOfPage":{"@id":"https:\/\/worldacademyofhumanmovement.com\/en\/upload-my-videos\/#primaryimage"},"image":{"@id":"https:\/\/worldacademyofhumanmovement.com\/en\/upload-my-videos\/#primaryimage"},"thumbnailUrl":"https:\/\/worldacademyofhumanmovement.com\/wp-content\/uploads\/2026\/01\/World-Academy-of-Human-Movement-Logo-120x90.webp","datePublished":"2026-03-27T17:19:16+00:00","dateModified":"2026-03-27T17:34:21+00:00","breadcrumb":{"@id":"https:\/\/worldacademyofhumanmovement.com\/en\/upload-my-videos\/#breadcrumb"},"inLanguage":"en-US","potentialAction":[{"@type":"ReadAction","target":["https:\/\/worldacademyofhumanmovement.com\/en\/upload-my-videos\/"]}]},{"@type":"ImageObject","inLanguage":"en-US","@id":"https:\/\/worldacademyofhumanmovement.com\/en\/upload-my-videos\/#primaryimage","url":"https:\/\/worldacademyofhumanmovement.com\/wp-content\/uploads\/2026\/01\/World-Academy-of-Human-Movement-Logo-120x90.webp","contentUrl":"https:\/\/worldacademyofhumanmovement.com\/wp-content\/uploads\/2026\/01\/World-Academy-of-Human-Movement-Logo-120x90.webp"},{"@type":"BreadcrumbList","@id":"https:\/\/worldacademyofhumanmovement.com\/en\/upload-my-videos\/#breadcrumb","itemListElement":[{"@type":"ListItem","position":1,"name":"Accueil","item":"https:\/\/worldacademyofhumanmovement.com\/en\/"},{"@type":"ListItem","position":2,"name":"Upload my videos"}]},{"@type":"WebSite","@id":"https:\/\/worldacademyofhumanmovement.com\/en\/#website","url":"https:\/\/worldacademyofhumanmovement.com\/en\/","name":"WAHM","description":"La plateforme mondiale qui r\u00e9unit les meilleures formations en sant\u00e9, coaching, bien-\u00eatre et performance.","potentialAction":[{"@type":"SearchAction","target":{"@type":"EntryPoint","urlTemplate":"https:\/\/worldacademyofhumanmovement.com\/en\/?s={search_term_string}"},"query-input":{"@type":"PropertyValueSpecification","valueRequired":true,"valueName":"search_term_string"}}],"inLanguage":"en-US"}]}},"builder_content":"<img src=\"https:\/\/worldacademyofhumanmovement.com\/wp-content\/uploads\/2026\/01\/World-Academy-of-Human-Movement-Logo-120x90.webp\" width=\"120\" height=\"90\" title=\"WAHM - Logo\" alt=\"WAHM - Logo\" srcset=\"https:\/\/worldacademyofhumanmovement.com\/wp-content\/uploads\/2026\/01\/World-Academy-of-Human-Movement-Logo-120x90.webp 120w, https:\/\/worldacademyofhumanmovement.com\/wp-content\/uploads\/2026\/01\/World-Academy-of-Human-Movement-Logo-600x450.webp 600w, https:\/\/worldacademyofhumanmovement.com\/wp-content\/uploads\/2026\/01\/World-Academy-of-Human-Movement-Logo-300x225.webp 300w, https:\/\/worldacademyofhumanmovement.com\/wp-content\/uploads\/2026\/01\/World-Academy-of-Human-Movement-Logo-768x576.webp 768w, https:\/\/worldacademyofhumanmovement.com\/wp-content\/uploads\/2026\/01\/World-Academy-of-Human-Movement-Logo-100x75.webp 100w, https:\/\/worldacademyofhumanmovement.com\/wp-content\/uploads\/2026\/01\/World-Academy-of-Human-Movement-Logo-50x37.webp 50w, https:\/\/worldacademyofhumanmovement.com\/wp-content\/uploads\/2026\/01\/World-Academy-of-Human-Movement-Logo-70x52.webp 70w, https:\/\/worldacademyofhumanmovement.com\/wp-content\/uploads\/2026\/01\/World-Academy-of-Human-Movement-Logo-80x60.webp 80w, https:\/\/worldacademyofhumanmovement.com\/wp-content\/uploads\/2026\/01\/World-Academy-of-Human-Movement-Logo-90x67.webp 90w, https:\/\/worldacademyofhumanmovement.com\/wp-content\/uploads\/2026\/01\/World-Academy-of-Human-Movement-Logo-150x112.webp 150w, https:\/\/worldacademyofhumanmovement.com\/wp-content\/uploads\/2026\/01\/World-Academy-of-Human-Movement-Logo.webp 800w\" sizes=\"(max-width: 120px) 100vw, 120px\" \/>\n[wahm_video_upload]","_links":{"self":[{"href":"https:\/\/worldacademyofhumanmovement.com\/en\/wp-json\/wp\/v2\/pages\/3363","targetHints":{"allow":["GET"]}}],"collection":[{"href":"https:\/\/worldacademyofhumanmovement.com\/en\/wp-json\/wp\/v2\/pages"}],"about":[{"href":"https:\/\/worldacademyofhumanmovement.com\/en\/wp-json\/wp\/v2\/types\/page"}],"author":[{"embeddable":true,"href":"https:\/\/worldacademyofhumanmovement.com\/en\/wp-json\/wp\/v2\/users\/1"}],"replies":[{"embeddable":true,"href":"https:\/\/worldacademyofhumanmovement.com\/en\/wp-json\/wp\/v2\/comments?post=3363"}],"version-history":[{"count":4,"href":"https:\/\/worldacademyofhumanmovement.com\/en\/wp-json\/wp\/v2\/pages\/3363\/revisions"}],"predecessor-version":[{"id":3367,"href":"https:\/\/worldacademyofhumanmovement.com\/en\/wp-json\/wp\/v2\/pages\/3363\/revisions\/3367"}],"wp:attachment":[{"href":"https:\/\/worldacademyofhumanmovement.com\/en\/wp-json\/wp\/v2\/media?parent=3363"}],"curies":[{"name":"wp","href":"https:\/\/api.w.org\/{rel}","templated":true}]}}