{"id":2925,"date":"2026-02-28T16:33:25","date_gmt":"2026-02-28T16:33:25","guid":{"rendered":"https:\/\/worldacademyofhumanmovement.com\/training-courses\/"},"modified":"2026-03-15T22:02:03","modified_gmt":"2026-03-15T22:02:03","slug":"training-courses","status":"publish","type":"page","link":"https:\/\/worldacademyofhumanmovement.com\/en\/training-courses\/","title":{"rendered":"Training courses"},"content":{"rendered":"<!--themify_builder_content-->\n<div id=\"themify_builder_content-2925\" data-postid=\"2925\" class=\"themify_builder_content themify_builder_content-2925 themify_builder tf_clear\">\n                    <div  data-lazy=\"1\" class=\"module_row themify_builder_row tb_4cvg196 tb_first tf_w\">\n                        <div class=\"row_inner col_align_top tb_col_count_2 tf_box tf_rel\">\n                        <div  data-lazy=\"1\" class=\"module_column tb-column col4-2 tb_q1lq196 first\">\n                            <div  data-lazy=\"1\" class=\"module_subrow themify_builder_sub_row tf_w col_align_top tb_col_count_1 tb_8pwg196\">\n                <div  data-lazy=\"1\" class=\"module_column sub_column col-full tb_cair196 first\">\n                    <!-- module image -->\n<div  class=\"module module-image tb_arup196 image-top rounded  tf_mw\" data-lazy=\"1\">\n        <div class=\"image-wrap tf_rel tf_mw\">\n            <img loading=\"lazy\" decoding=\"async\" src=\"https:\/\/worldacademyofhumanmovement.com\/wp-content\/uploads\/2026\/01\/World-Academy-of-Human-Movement-Logo-150x112.webp\" width=\"150\" height=\"112\" class=\"wp-post-image wp-image-2798\" title=\"WAHM - Logo\" alt=\"WAHM - Logo\" srcset=\"https:\/\/worldacademyofhumanmovement.com\/wp-content\/uploads\/2026\/01\/World-Academy-of-Human-Movement-Logo-150x112.webp 150w, https:\/\/worldacademyofhumanmovement.com\/wp-content\/uploads\/2026\/01\/World-Academy-of-Human-Movement-Logo-600x450.webp 600w, https:\/\/worldacademyofhumanmovement.com\/wp-content\/uploads\/2026\/01\/World-Academy-of-Human-Movement-Logo-300x225.webp 300w, https:\/\/worldacademyofhumanmovement.com\/wp-content\/uploads\/2026\/01\/World-Academy-of-Human-Movement-Logo-768x576.webp 768w, https:\/\/worldacademyofhumanmovement.com\/wp-content\/uploads\/2026\/01\/World-Academy-of-Human-Movement-Logo-100x75.webp 100w, https:\/\/worldacademyofhumanmovement.com\/wp-content\/uploads\/2026\/01\/World-Academy-of-Human-Movement-Logo-50x37.webp 50w, https:\/\/worldacademyofhumanmovement.com\/wp-content\/uploads\/2026\/01\/World-Academy-of-Human-Movement-Logo-70x52.webp 70w, https:\/\/worldacademyofhumanmovement.com\/wp-content\/uploads\/2026\/01\/World-Academy-of-Human-Movement-Logo-80x60.webp 80w, https:\/\/worldacademyofhumanmovement.com\/wp-content\/uploads\/2026\/01\/World-Academy-of-Human-Movement-Logo-90x67.webp 90w, https:\/\/worldacademyofhumanmovement.com\/wp-content\/uploads\/2026\/01\/World-Academy-of-Human-Movement-Logo-120x90.webp 120w, https:\/\/worldacademyofhumanmovement.com\/wp-content\/uploads\/2026\/01\/World-Academy-of-Human-Movement-Logo.webp 800w\" sizes=\"auto, (max-width: 150px) 100vw, 150px\" \/>    \n        <\/div>\n    <!-- \/image-wrap -->\n    \n        <\/div>\n<!-- \/module image --><!-- module text -->\n<div  class=\"module module-text tb_t3l2196   \" data-lazy=\"1\">\n        <div  class=\"tb_text_wrap\">\n        <p>Where elite professionals are trained.<\/p>    <\/div>\n<\/div>\n<!-- \/module text --><!-- module divider -->\n<div  class=\"module tf_mw module-divider tb_f568196 solid  divider-custom divider-left\" style=\"border-width: 1px;border-color: #d4a018;max-width: 100px;\" data-lazy=\"1\">\n    <\/div>\n<!-- \/module divider -->\n<!-- module text -->\n<div  class=\"module module-text tb_e6vg196   \" data-lazy=\"1\">\n        <div  class=\"tb_text_wrap\">\n        <p><em>contact@wahm.com<\/em><\/p>    <\/div>\n<\/div>\n<!-- \/module text -->        <\/div>\n                    <\/div>\n                <\/div>\n                    <div  data-lazy=\"1\" class=\"module_column tb-column col4-2 tb_ikaq196 last\">\n                            <div  data-lazy=\"1\" class=\"module_subrow themify_builder_sub_row tf_w col_align_top tb_col_count_3 tb_l89y196\">\n                <div  data-lazy=\"1\" class=\"module_column sub_column col3-1 tb_hhwn196 first\">\n                            <div  data-lazy=\"1\" class=\"module_subrow themify_builder_sub_row tf_w col_align_top tb_col_count_1 tb_c096196\">\n                <div  data-lazy=\"1\" class=\"module_column sub_column col-full tb_im9m196 first\">\n                    <!-- module text -->\n<div  class=\"module module-text tb_jo03196   \" data-lazy=\"1\">\n        <div  class=\"tb_text_wrap\">\n        <h4>Legal<\/h4>    <\/div>\n<\/div>\n<!-- \/module text --><!-- module text -->\n<div  class=\"module module-text tb_4xuk196   \" data-lazy=\"1\">\n        <div  class=\"tb_text_wrap\">\n        <p><a href=\"https:\/\/worldacademyofhumanmovement.com\/en\/legal-notices\/\">Legal notices<\/a><\/p>    <\/div>\n<\/div>\n<!-- \/module text --><!-- module text -->\n<div  class=\"module module-text tb_49ib196   \" data-lazy=\"1\">\n        <div  class=\"tb_text_wrap\">\n        <p><a href=\"https:\/\/worldacademyofhumanmovement.com\/en\/general-terms-and-conditions-of-use-gtcu\/\">GTOU<\/a><\/p>    <\/div>\n<\/div>\n<!-- \/module text --><!-- module text -->\n<div  class=\"module module-text tb_9clt196   \" data-lazy=\"1\">\n        <div  class=\"tb_text_wrap\">\n        <p><a href=\"https:\/\/worldacademyofhumanmovement.com\/en\/general-terms-and-conditions-gtc\/#\">GTCS<\/a><\/p>    <\/div>\n<\/div>\n<!-- \/module text -->        <\/div>\n                    <\/div>\n                <\/div>\n                    <div  data-lazy=\"1\" class=\"module_column sub_column col3-1 tb_wmfe196\">\n                            <div  data-lazy=\"1\" class=\"module_subrow themify_builder_sub_row tf_w col_align_top tb_col_count_1 tb_p5o1196\">\n                <div  data-lazy=\"1\" class=\"module_column sub_column col-full tb_herw196 first\">\n                    <!-- module text -->\n<div  class=\"module module-text tb_kl8l196   \" data-lazy=\"1\">\n        <div  class=\"tb_text_wrap\">\n        <h4>Support<\/h4>    <\/div>\n<\/div>\n<!-- \/module text -->        <\/div>\n                    <\/div>\n                <\/div>\n                    <div  data-lazy=\"1\" class=\"module_column sub_column col3-1 tb_wi8f196 last\">\n                            <div  data-lazy=\"1\" class=\"module_subrow themify_builder_sub_row tf_w col_align_top tb_col_count_1 tb_hlbc196\">\n                <div  data-lazy=\"1\" class=\"module_column sub_column col-full tb_ialq196 first\">\n                    <!-- module text -->\n<div  class=\"module module-text tb_rcle196   \" data-lazy=\"1\">\n        <div  class=\"tb_text_wrap\">\n        <h4>Social media<\/h4>    <\/div>\n<\/div>\n<!-- \/module text --><!-- module icon -->\n<div  class=\"module module-icon tb_61vd196    icon_horizontal \" data-lazy=\"1\">\n\t\t\t<div class=\"module-icon-item\">\n\t\t\t\t\t\t\t\t\t\t\t\t\t\t\t\t<em class=\"tf_box\"\n\t\t\t\t\t\t\t\t\t\t\t\t style=\"color:#ffffff\"\t\t\t\t\t><svg  class=\"tf_fa tf-fab-instagram\" xmlns:xlink=\"http:\/\/www.w3.org\/1999\/xlink\" aria-hidden=\"true\"><use href=\"#tf-fab-instagram\" xlink:href=\"#tf-fab-instagram\"><\/use><\/svg><\/em>\n\t\t\t\t\t\t\t\t\t\t\t\t\t\t\t\t\t\t\t<span>Instagram <\/span>\n\t\t\t\t\t\t\t\t\t\t\t\t\t\t\t<\/div>\n\t<\/div>\n<!-- \/module icon -->\n<!-- module icon -->\n<div  class=\"module module-icon tb_j0zs196    icon_horizontal \" data-lazy=\"1\">\n\t\t\t<div class=\"module-icon-item\">\n\t\t\t\t\t\t\t\t\t\t\t\t\t\t\t\t<em class=\"tf_box\"\n\t\t\t\t\t\t\t\t\t\t\t\t style=\"color:#ffffff\"\t\t\t\t\t><svg  class=\"tf_fa tf-fab-facebook\" xmlns:xlink=\"http:\/\/www.w3.org\/1999\/xlink\" aria-hidden=\"true\"><use href=\"#tf-fab-facebook\" xlink:href=\"#tf-fab-facebook\"><\/use><\/svg><\/em>\n\t\t\t\t\t\t\t\t\t\t\t\t\t\t\t\t\t\t\t<span>Facebook<\/span>\n\t\t\t\t\t\t\t\t\t\t\t\t\t\t\t<\/div>\n\t<\/div>\n<!-- \/module icon -->\n<!-- module icon -->\n<div  class=\"module module-icon tb_rjq0196    icon_horizontal \" data-lazy=\"1\">\n\t\t\t<div class=\"module-icon-item\">\n\t\t\t\t\t\t\t\t\t\t\t\t\t\t\t\t<em class=\"tf_box\"\n\t\t\t\t\t\t\t\t\t\t\t\t style=\"color:#ffffff\"\t\t\t\t\t><svg  class=\"tf_fa tf-fab-x-twitter\" xmlns:xlink=\"http:\/\/www.w3.org\/1999\/xlink\" aria-hidden=\"true\"><use href=\"#tf-fab-x-twitter\" xlink:href=\"#tf-fab-x-twitter\"><\/use><\/svg><\/em>\n\t\t\t\t\t\t\t\t\t\t\t\t\t\t\t\t\t\t\t<span>X-Twitter<\/span>\n\t\t\t\t\t\t\t\t\t\t\t\t\t\t\t<\/div>\n\t<\/div>\n<!-- \/module icon -->\n<!-- module icon -->\n<div  class=\"module module-icon tb_z6qz196    icon_horizontal \" data-lazy=\"1\">\n\t\t\t<div class=\"module-icon-item\">\n\t\t\t\t\t\t\t\t\t\t\t\t\t\t\t\t<em class=\"tf_box\"\n\t\t\t\t\t\t\t\t\t\t\t\t style=\"color:#ffffff\"\t\t\t\t\t><svg  class=\"tf_fa tf-fab-tiktok\" xmlns:xlink=\"http:\/\/www.w3.org\/1999\/xlink\" aria-hidden=\"true\"><use href=\"#tf-fab-tiktok\" xlink:href=\"#tf-fab-tiktok\"><\/use><\/svg><\/em>\n\t\t\t\t\t\t\t\t\t\t\t\t\t\t\t\t\t\t\t<span>Tiktok<\/span>\n\t\t\t\t\t\t\t\t\t\t\t\t\t\t\t<\/div>\n\t<\/div>\n<!-- \/module icon -->\n        <\/div>\n                    <\/div>\n                <\/div>\n                    <\/div>\n                <\/div>\n                        <\/div>\n        <\/div>\n        <\/div>\n<!--\/themify_builder_content-->","protected":false},"excerpt":{"rendered":"<p>Where elite professionals are trained.<\/p>\n","protected":false},"author":1,"featured_media":0,"parent":0,"menu_order":0,"comment_status":"closed","ping_status":"closed","template":"","meta":{"footnotes":""},"class_list":["post-2925","page","type-page","status-publish","hentry","has-post-title","has-post-date","has-post-category","has-post-tag","has-post-comment","has-post-author",""],"yoast_head":"<!-- This site is optimized with the Yoast SEO plugin v27.3 - https:\/\/yoast.com\/product\/yoast-seo-wordpress\/ -->\n<title>Training courses - WAHM<\/title>\n<meta name=\"robots\" content=\"index, follow, max-snippet:-1, max-image-preview:large, max-video-preview:-1\" \/>\n<link rel=\"canonical\" href=\"https:\/\/worldacademyofhumanmovement.com\/en\/training-courses\/\" \/>\n<meta property=\"og:locale\" content=\"en_US\" \/>\n<meta property=\"og:type\" content=\"article\" \/>\n<meta property=\"og:title\" content=\"Training courses - WAHM\" \/>\n<meta property=\"og:description\" content=\"Where elite professionals are trained.\" \/>\n<meta property=\"og:url\" content=\"https:\/\/worldacademyofhumanmovement.com\/en\/training-courses\/\" \/>\n<meta property=\"og:site_name\" content=\"WAHM\" \/>\n<meta property=\"article:modified_time\" content=\"2026-03-15T22:02:03+00:00\" \/>\n<meta property=\"og:image\" content=\"https:\/\/worldacademyofhumanmovement.com\/wp-content\/uploads\/2026\/01\/World-Academy-of-Human-Movement-Logo-150x112.webp\" \/>\n<meta name=\"twitter:card\" content=\"summary_large_image\" \/>\n<meta name=\"twitter:label1\" content=\"Est. reading time\" \/>\n\t<meta name=\"twitter:data1\" content=\"1 minute\" \/>\n<script type=\"application\/ld+json\" class=\"yoast-schema-graph\">{\"@context\":\"https:\\\/\\\/schema.org\",\"@graph\":[{\"@type\":\"WebPage\",\"@id\":\"https:\\\/\\\/worldacademyofhumanmovement.com\\\/en\\\/training-courses\\\/\",\"url\":\"https:\\\/\\\/worldacademyofhumanmovement.com\\\/en\\\/training-courses\\\/\",\"name\":\"Training courses - WAHM\",\"isPartOf\":{\"@id\":\"https:\\\/\\\/worldacademyofhumanmovement.com\\\/en\\\/#website\"},\"primaryImageOfPage\":{\"@id\":\"https:\\\/\\\/worldacademyofhumanmovement.com\\\/en\\\/training-courses\\\/#primaryimage\"},\"image\":{\"@id\":\"https:\\\/\\\/worldacademyofhumanmovement.com\\\/en\\\/training-courses\\\/#primaryimage\"},\"thumbnailUrl\":\"https:\\\/\\\/worldacademyofhumanmovement.com\\\/wp-content\\\/uploads\\\/2026\\\/01\\\/World-Academy-of-Human-Movement-Logo-150x112.webp\",\"datePublished\":\"2026-02-28T16:33:25+00:00\",\"dateModified\":\"2026-03-15T22:02:03+00:00\",\"breadcrumb\":{\"@id\":\"https:\\\/\\\/worldacademyofhumanmovement.com\\\/en\\\/training-courses\\\/#breadcrumb\"},\"inLanguage\":\"en-US\",\"potentialAction\":[{\"@type\":\"ReadAction\",\"target\":[\"https:\\\/\\\/worldacademyofhumanmovement.com\\\/en\\\/training-courses\\\/\"]}]},{\"@type\":\"ImageObject\",\"inLanguage\":\"en-US\",\"@id\":\"https:\\\/\\\/worldacademyofhumanmovement.com\\\/en\\\/training-courses\\\/#primaryimage\",\"url\":\"https:\\\/\\\/worldacademyofhumanmovement.com\\\/wp-content\\\/uploads\\\/2026\\\/01\\\/World-Academy-of-Human-Movement-Logo-150x112.webp\",\"contentUrl\":\"https:\\\/\\\/worldacademyofhumanmovement.com\\\/wp-content\\\/uploads\\\/2026\\\/01\\\/World-Academy-of-Human-Movement-Logo-150x112.webp\"},{\"@type\":\"BreadcrumbList\",\"@id\":\"https:\\\/\\\/worldacademyofhumanmovement.com\\\/en\\\/training-courses\\\/#breadcrumb\",\"itemListElement\":[{\"@type\":\"ListItem\",\"position\":1,\"name\":\"Accueil\",\"item\":\"https:\\\/\\\/worldacademyofhumanmovement.com\\\/en\\\/\"},{\"@type\":\"ListItem\",\"position\":2,\"name\":\"Training courses\"}]},{\"@type\":\"WebSite\",\"@id\":\"https:\\\/\\\/worldacademyofhumanmovement.com\\\/en\\\/#website\",\"url\":\"https:\\\/\\\/worldacademyofhumanmovement.com\\\/en\\\/\",\"name\":\"WAHM\",\"description\":\"La plateforme mondiale qui r\u00e9unit les meilleures formations en sant\u00e9, coaching, bien-\u00eatre et performance.\",\"potentialAction\":[{\"@type\":\"SearchAction\",\"target\":{\"@type\":\"EntryPoint\",\"urlTemplate\":\"https:\\\/\\\/worldacademyofhumanmovement.com\\\/en\\\/?s={search_term_string}\"},\"query-input\":{\"@type\":\"PropertyValueSpecification\",\"valueRequired\":true,\"valueName\":\"search_term_string\"}}],\"inLanguage\":\"en-US\"}]}<\/script>\n<!-- \/ Yoast SEO plugin. -->","yoast_head_json":{"title":"Training courses - WAHM","robots":{"index":"index","follow":"follow","max-snippet":"max-snippet:-1","max-image-preview":"max-image-preview:large","max-video-preview":"max-video-preview:-1"},"canonical":"https:\/\/worldacademyofhumanmovement.com\/en\/training-courses\/","og_locale":"en_US","og_type":"article","og_title":"Training courses - WAHM","og_description":"Where elite professionals are trained.","og_url":"https:\/\/worldacademyofhumanmovement.com\/en\/training-courses\/","og_site_name":"WAHM","article_modified_time":"2026-03-15T22:02:03+00:00","og_image":[{"url":"https:\/\/worldacademyofhumanmovement.com\/wp-content\/uploads\/2026\/01\/World-Academy-of-Human-Movement-Logo-150x112.webp","type":"","width":"","height":""}],"twitter_card":"summary_large_image","twitter_misc":{"Est. reading time":"1 minute"},"schema":{"@context":"https:\/\/schema.org","@graph":[{"@type":"WebPage","@id":"https:\/\/worldacademyofhumanmovement.com\/en\/training-courses\/","url":"https:\/\/worldacademyofhumanmovement.com\/en\/training-courses\/","name":"Training courses - WAHM","isPartOf":{"@id":"https:\/\/worldacademyofhumanmovement.com\/en\/#website"},"primaryImageOfPage":{"@id":"https:\/\/worldacademyofhumanmovement.com\/en\/training-courses\/#primaryimage"},"image":{"@id":"https:\/\/worldacademyofhumanmovement.com\/en\/training-courses\/#primaryimage"},"thumbnailUrl":"https:\/\/worldacademyofhumanmovement.com\/wp-content\/uploads\/2026\/01\/World-Academy-of-Human-Movement-Logo-150x112.webp","datePublished":"2026-02-28T16:33:25+00:00","dateModified":"2026-03-15T22:02:03+00:00","breadcrumb":{"@id":"https:\/\/worldacademyofhumanmovement.com\/en\/training-courses\/#breadcrumb"},"inLanguage":"en-US","potentialAction":[{"@type":"ReadAction","target":["https:\/\/worldacademyofhumanmovement.com\/en\/training-courses\/"]}]},{"@type":"ImageObject","inLanguage":"en-US","@id":"https:\/\/worldacademyofhumanmovement.com\/en\/training-courses\/#primaryimage","url":"https:\/\/worldacademyofhumanmovement.com\/wp-content\/uploads\/2026\/01\/World-Academy-of-Human-Movement-Logo-150x112.webp","contentUrl":"https:\/\/worldacademyofhumanmovement.com\/wp-content\/uploads\/2026\/01\/World-Academy-of-Human-Movement-Logo-150x112.webp"},{"@type":"BreadcrumbList","@id":"https:\/\/worldacademyofhumanmovement.com\/en\/training-courses\/#breadcrumb","itemListElement":[{"@type":"ListItem","position":1,"name":"Accueil","item":"https:\/\/worldacademyofhumanmovement.com\/en\/"},{"@type":"ListItem","position":2,"name":"Training courses"}]},{"@type":"WebSite","@id":"https:\/\/worldacademyofhumanmovement.com\/en\/#website","url":"https:\/\/worldacademyofhumanmovement.com\/en\/","name":"WAHM","description":"La plateforme mondiale qui r\u00e9unit les meilleures formations en sant\u00e9, coaching, bien-\u00eatre et performance.","potentialAction":[{"@type":"SearchAction","target":{"@type":"EntryPoint","urlTemplate":"https:\/\/worldacademyofhumanmovement.com\/en\/?s={search_term_string}"},"query-input":{"@type":"PropertyValueSpecification","valueRequired":true,"valueName":"search_term_string"}}],"inLanguage":"en-US"}]}},"builder_content":"<img src=\"https:\/\/worldacademyofhumanmovement.com\/wp-content\/uploads\/2026\/01\/World-Academy-of-Human-Movement-Logo-150x112.webp\" width=\"150\" height=\"112\" title=\"WAHM - Logo\" alt=\"WAHM - Logo\" srcset=\"https:\/\/worldacademyofhumanmovement.com\/wp-content\/uploads\/2026\/01\/World-Academy-of-Human-Movement-Logo-150x112.webp 150w, https:\/\/worldacademyofhumanmovement.com\/wp-content\/uploads\/2026\/01\/World-Academy-of-Human-Movement-Logo-600x450.webp 600w, https:\/\/worldacademyofhumanmovement.com\/wp-content\/uploads\/2026\/01\/World-Academy-of-Human-Movement-Logo-300x225.webp 300w, https:\/\/worldacademyofhumanmovement.com\/wp-content\/uploads\/2026\/01\/World-Academy-of-Human-Movement-Logo-768x576.webp 768w, https:\/\/worldacademyofhumanmovement.com\/wp-content\/uploads\/2026\/01\/World-Academy-of-Human-Movement-Logo-100x75.webp 100w, https:\/\/worldacademyofhumanmovement.com\/wp-content\/uploads\/2026\/01\/World-Academy-of-Human-Movement-Logo-50x37.webp 50w, https:\/\/worldacademyofhumanmovement.com\/wp-content\/uploads\/2026\/01\/World-Academy-of-Human-Movement-Logo-70x52.webp 70w, https:\/\/worldacademyofhumanmovement.com\/wp-content\/uploads\/2026\/01\/World-Academy-of-Human-Movement-Logo-80x60.webp 80w, https:\/\/worldacademyofhumanmovement.com\/wp-content\/uploads\/2026\/01\/World-Academy-of-Human-Movement-Logo-90x67.webp 90w, https:\/\/worldacademyofhumanmovement.com\/wp-content\/uploads\/2026\/01\/World-Academy-of-Human-Movement-Logo-120x90.webp 120w, https:\/\/worldacademyofhumanmovement.com\/wp-content\/uploads\/2026\/01\/World-Academy-of-Human-Movement-Logo.webp 800w\" sizes=\"(max-width: 150px) 100vw, 150px\" \/>\n<p>Where elite professionals are trained.<\/p>\n\n<p><em>contact@wahm.com<\/em><\/p>\n<h4>Legal<\/h4>\n<p><a href=\"https:\/\/worldacademyofhumanmovement.com\/en\/legal-notices\/\">Legal notices<\/a><\/p>\n<p><a href=\"https:\/\/worldacademyofhumanmovement.com\/en\/general-terms-and-conditions-of-use-gtcu\/\">GTOU<\/a><\/p>\n<p><a href=\"https:\/\/worldacademyofhumanmovement.com\/en\/general-terms-and-conditions-gtc\/#\">GTCS<\/a><\/p>\n<h4>Support<\/h4>\n<h4>Social media<\/h4>\n<em style=\"color:#ffffff\" ><svg xmlns:xlink=\"http:\/\/www.w3.org\/1999\/xlink\" aria-hidden=\"true\"><use href=\"#tf-fab-instagram\" xlink:href=\"#tf-fab-instagram\"><\/use><\/svg><\/em> Instagram\n<em style=\"color:#ffffff\" ><svg xmlns:xlink=\"http:\/\/www.w3.org\/1999\/xlink\" aria-hidden=\"true\"><use href=\"#tf-fab-facebook\" xlink:href=\"#tf-fab-facebook\"><\/use><\/svg><\/em> Facebook\n<em style=\"color:#ffffff\" ><svg xmlns:xlink=\"http:\/\/www.w3.org\/1999\/xlink\" aria-hidden=\"true\"><use href=\"#tf-fab-x-twitter\" xlink:href=\"#tf-fab-x-twitter\"><\/use><\/svg><\/em> X-Twitter\n<em style=\"color:#ffffff\" ><svg xmlns:xlink=\"http:\/\/www.w3.org\/1999\/xlink\" aria-hidden=\"true\"><use href=\"#tf-fab-tiktok\" xlink:href=\"#tf-fab-tiktok\"><\/use><\/svg><\/em> Tiktok","_links":{"self":[{"href":"https:\/\/worldacademyofhumanmovement.com\/en\/wp-json\/wp\/v2\/pages\/2925","targetHints":{"allow":["GET"]}}],"collection":[{"href":"https:\/\/worldacademyofhumanmovement.com\/en\/wp-json\/wp\/v2\/pages"}],"about":[{"href":"https:\/\/worldacademyofhumanmovement.com\/en\/wp-json\/wp\/v2\/types\/page"}],"author":[{"embeddable":true,"href":"https:\/\/worldacademyofhumanmovement.com\/en\/wp-json\/wp\/v2\/users\/1"}],"replies":[{"embeddable":true,"href":"https:\/\/worldacademyofhumanmovement.com\/en\/wp-json\/wp\/v2\/comments?post=2925"}],"version-history":[{"count":19,"href":"https:\/\/worldacademyofhumanmovement.com\/en\/wp-json\/wp\/v2\/pages\/2925\/revisions"}],"predecessor-version":[{"id":3125,"href":"https:\/\/worldacademyofhumanmovement.com\/en\/wp-json\/wp\/v2\/pages\/2925\/revisions\/3125"}],"wp:attachment":[{"href":"https:\/\/worldacademyofhumanmovement.com\/en\/wp-json\/wp\/v2\/media?parent=2925"}],"curies":[{"name":"wp","href":"https:\/\/api.w.org\/{rel}","templated":true}]}}