{"id":2922,"date":"2026-02-06T22:00:14","date_gmt":"2026-02-06T22:00:14","guid":{"rendered":"https:\/\/worldacademyofhumanmovement.com\/basket\/"},"modified":"2026-03-20T19:42:03","modified_gmt":"2026-03-20T19:42:03","slug":"basket","status":"publish","type":"page","link":"https:\/\/worldacademyofhumanmovement.com\/en\/basket\/","title":{"rendered":"Cart"},"content":{"rendered":"<div data-block-name=\"woocommerce\/cart\" class=\"wp-block-woocommerce-cart alignwide is-loading\">\n\t\t\t<div data-block-name=\"woocommerce\/filled-cart-block\" class=\"wp-block-woocommerce-filled-cart-block\">\n\t\t\t\t<div data-block-name=\"woocommerce\/cart-items-block\" class=\"wp-block-woocommerce-cart-items-block\">\n\t\t\t\t\t<div data-block-name=\"woocommerce\/cart-line-items-block\" class=\"wp-block-woocommerce-cart-line-items-block\"><\/div>\n\t\t\t\t<\/div>\n\t\t\t\t<div data-block-name=\"woocommerce\/cart-totals-block\" class=\"wp-block-woocommerce-cart-totals-block\">\n\t\t\t\t\t<div data-block-name=\"woocommerce\/cart-order-summary-block\" class=\"wp-block-woocommerce-cart-order-summary-block\">\n\t\t\t<div data-block-name=\"woocommerce\/cart-order-summary-heading-block\" class=\"wp-block-woocommerce-cart-order-summary-heading-block\"><\/div>\n\t\t\t<div data-block-name=\"woocommerce\/cart-order-summary-subtotal-block\" class=\"wp-block-woocommerce-cart-order-summary-subtotal-block\"><\/div>\n\t\t\t<div data-block-name=\"woocommerce\/cart-order-summary-fee-block\" class=\"wp-block-woocommerce-cart-order-summary-fee-block\"><\/div>\n\t\t\t<div data-block-name=\"woocommerce\/cart-order-summary-discount-block\" class=\"wp-block-woocommerce-cart-order-summary-discount-block\"><\/div>\n\t\t\t<div data-block-name=\"woocommerce\/cart-order-summary-coupon-form-block\" class=\"wp-block-woocommerce-cart-order-summary-coupon-form-block\"><\/div>\n\t\t\t<div data-block-name=\"woocommerce\/cart-order-summary-shipping-form-block\" class=\"wp-block-woocommerce-cart-order-summary-shipping-block\"><\/div>\n\t\t\t<div data-block-name=\"woocommerce\/cart-order-summary-taxes-block\" class=\"wp-block-woocommerce-cart-order-summary-taxes-block\"><\/div>\n\t\t<\/div>\n\t\t\t\t\t<div data-block-name=\"woocommerce\/cart-express-payment-block\" class=\"wp-block-woocommerce-cart-express-payment-block\"><\/div>\n\t\t\t\t\t<div data-block-name=\"woocommerce\/proceed-to-checkout-block\" class=\"wp-block-woocommerce-proceed-to-checkout-block\"><\/div>\n\t\t\t\t\t<div data-block-name=\"woocommerce\/cart-accepted-payment-methods-block\" class=\"wp-block-woocommerce-cart-accepted-payment-methods-block\"><\/div>\n\t\t\t\t<\/div>\n\t\t\t<\/div>\n\t\t\t<div data-block-name=\"woocommerce\/empty-cart-block\" class=\"wp-block-woocommerce-empty-cart-block\">\n\t\t\t\n\n<\/div>\n<\/div><!--themify_builder_content-->\n<div id=\"themify_builder_content-2922\" data-postid=\"2922\" class=\"themify_builder_content themify_builder_content-2922 themify_builder tf_clear\">\n                    <div  data-lazy=\"1\" class=\"module_row themify_builder_row tb_1jzi918 tb_first tf_w\">\n                        <div class=\"row_inner col_align_top tb_col_count_1 tf_box tf_rel\">\n                        <div  data-lazy=\"1\" class=\"module_column tb-column col-full tb_5u90918 first\">\n                    <!-- module buttons -->\n<div  class=\"module module-buttons tb_24kj446 buttons-horizontal solid   rounded\" data-lazy=\"1\">\n        <div class=\"module-buttons-item tf_in_flx\">\n                        <a href=\"https:\/\/worldacademyofhumanmovement.com\/en\/courses\/\" class=\"ui builder_button tf_in_flx tb_default_color\" >\n                                    <em><svg  class=\"tf_fa tf-ti-book\" xmlns:xlink=\"http:\/\/www.w3.org\/1999\/xlink\" aria-hidden=\"true\"><use href=\"#tf-ti-book\" xlink:href=\"#tf-ti-book\"><\/use><\/svg><\/em>                                        See training courses                                        <\/a>\n                <\/div>\n            <\/div>\n<!-- \/module buttons -->\n        <\/div>\n                        <\/div>\n        <\/div>\n        <\/div>\n<!--\/themify_builder_content-->","protected":false},"excerpt":{"rendered":"","protected":false},"author":1,"featured_media":0,"parent":0,"menu_order":0,"comment_status":"closed","ping_status":"closed","template":"","meta":{"footnotes":""},"class_list":["post-2922","page","type-page","status-publish","hentry","has-post-title","has-post-date","has-post-category","has-post-tag","has-post-comment","has-post-author",""],"yoast_head":"<!-- This site is optimized with the Yoast SEO plugin v27.3 - https:\/\/yoast.com\/product\/yoast-seo-wordpress\/ -->\n<title>Cart - WAHM<\/title>\n<meta name=\"robots\" content=\"index, follow, max-snippet:-1, max-image-preview:large, max-video-preview:-1\" \/>\n<link rel=\"canonical\" href=\"https:\/\/worldacademyofhumanmovement.com\/en\/basket\/\" \/>\n<meta property=\"og:locale\" content=\"en_US\" \/>\n<meta property=\"og:type\" content=\"article\" \/>\n<meta property=\"og:title\" content=\"Cart - WAHM\" \/>\n<meta property=\"og:url\" content=\"https:\/\/worldacademyofhumanmovement.com\/en\/basket\/\" \/>\n<meta property=\"og:site_name\" content=\"WAHM\" \/>\n<meta property=\"article:modified_time\" content=\"2026-03-20T19:42:03+00:00\" \/>\n<meta name=\"twitter:card\" content=\"summary_large_image\" \/>\n<meta name=\"twitter:label1\" content=\"Est. reading time\" \/>\n\t<meta name=\"twitter:data1\" content=\"1 minute\" \/>\n<script type=\"application\/ld+json\" class=\"yoast-schema-graph\">{\"@context\":\"https:\\\/\\\/schema.org\",\"@graph\":[{\"@type\":\"WebPage\",\"@id\":\"https:\\\/\\\/worldacademyofhumanmovement.com\\\/en\\\/basket\\\/\",\"url\":\"https:\\\/\\\/worldacademyofhumanmovement.com\\\/en\\\/basket\\\/\",\"name\":\"Cart - WAHM\",\"isPartOf\":{\"@id\":\"https:\\\/\\\/worldacademyofhumanmovement.com\\\/en\\\/#website\"},\"datePublished\":\"2026-02-06T22:00:14+00:00\",\"dateModified\":\"2026-03-20T19:42:03+00:00\",\"breadcrumb\":{\"@id\":\"https:\\\/\\\/worldacademyofhumanmovement.com\\\/en\\\/basket\\\/#breadcrumb\"},\"inLanguage\":\"en-US\",\"potentialAction\":[{\"@type\":\"ReadAction\",\"target\":[\"https:\\\/\\\/worldacademyofhumanmovement.com\\\/en\\\/basket\\\/\"]}]},{\"@type\":\"BreadcrumbList\",\"@id\":\"https:\\\/\\\/worldacademyofhumanmovement.com\\\/en\\\/basket\\\/#breadcrumb\",\"itemListElement\":[{\"@type\":\"ListItem\",\"position\":1,\"name\":\"Accueil\",\"item\":\"https:\\\/\\\/worldacademyofhumanmovement.com\\\/en\\\/\"},{\"@type\":\"ListItem\",\"position\":2,\"name\":\"Cart\"}]},{\"@type\":\"WebSite\",\"@id\":\"https:\\\/\\\/worldacademyofhumanmovement.com\\\/en\\\/#website\",\"url\":\"https:\\\/\\\/worldacademyofhumanmovement.com\\\/en\\\/\",\"name\":\"WAHM\",\"description\":\"La plateforme mondiale qui r\u00e9unit les meilleures formations en sant\u00e9, coaching, bien-\u00eatre et performance.\",\"potentialAction\":[{\"@type\":\"SearchAction\",\"target\":{\"@type\":\"EntryPoint\",\"urlTemplate\":\"https:\\\/\\\/worldacademyofhumanmovement.com\\\/en\\\/?s={search_term_string}\"},\"query-input\":{\"@type\":\"PropertyValueSpecification\",\"valueRequired\":true,\"valueName\":\"search_term_string\"}}],\"inLanguage\":\"en-US\"}]}<\/script>\n<!-- \/ Yoast SEO plugin. -->","yoast_head_json":{"title":"Cart - WAHM","robots":{"index":"index","follow":"follow","max-snippet":"max-snippet:-1","max-image-preview":"max-image-preview:large","max-video-preview":"max-video-preview:-1"},"canonical":"https:\/\/worldacademyofhumanmovement.com\/en\/basket\/","og_locale":"en_US","og_type":"article","og_title":"Cart - WAHM","og_url":"https:\/\/worldacademyofhumanmovement.com\/en\/basket\/","og_site_name":"WAHM","article_modified_time":"2026-03-20T19:42:03+00:00","twitter_card":"summary_large_image","twitter_misc":{"Est. reading time":"1 minute"},"schema":{"@context":"https:\/\/schema.org","@graph":[{"@type":"WebPage","@id":"https:\/\/worldacademyofhumanmovement.com\/en\/basket\/","url":"https:\/\/worldacademyofhumanmovement.com\/en\/basket\/","name":"Cart - WAHM","isPartOf":{"@id":"https:\/\/worldacademyofhumanmovement.com\/en\/#website"},"datePublished":"2026-02-06T22:00:14+00:00","dateModified":"2026-03-20T19:42:03+00:00","breadcrumb":{"@id":"https:\/\/worldacademyofhumanmovement.com\/en\/basket\/#breadcrumb"},"inLanguage":"en-US","potentialAction":[{"@type":"ReadAction","target":["https:\/\/worldacademyofhumanmovement.com\/en\/basket\/"]}]},{"@type":"BreadcrumbList","@id":"https:\/\/worldacademyofhumanmovement.com\/en\/basket\/#breadcrumb","itemListElement":[{"@type":"ListItem","position":1,"name":"Accueil","item":"https:\/\/worldacademyofhumanmovement.com\/en\/"},{"@type":"ListItem","position":2,"name":"Cart"}]},{"@type":"WebSite","@id":"https:\/\/worldacademyofhumanmovement.com\/en\/#website","url":"https:\/\/worldacademyofhumanmovement.com\/en\/","name":"WAHM","description":"La plateforme mondiale qui r\u00e9unit les meilleures formations en sant\u00e9, coaching, bien-\u00eatre et performance.","potentialAction":[{"@type":"SearchAction","target":{"@type":"EntryPoint","urlTemplate":"https:\/\/worldacademyofhumanmovement.com\/en\/?s={search_term_string}"},"query-input":{"@type":"PropertyValueSpecification","valueRequired":true,"valueName":"search_term_string"}}],"inLanguage":"en-US"}]}},"builder_content":"<a href=\"https:\/\/worldacademyofhumanmovement.com\/en\/courses\/\" > <em><svg xmlns:xlink=\"http:\/\/www.w3.org\/1999\/xlink\" aria-hidden=\"true\"><use href=\"#tf-ti-book\" xlink:href=\"#tf-ti-book\"><\/use><\/svg><\/em> See training courses <\/a>","_links":{"self":[{"href":"https:\/\/worldacademyofhumanmovement.com\/en\/wp-json\/wp\/v2\/pages\/2922","targetHints":{"allow":["GET"]}}],"collection":[{"href":"https:\/\/worldacademyofhumanmovement.com\/en\/wp-json\/wp\/v2\/pages"}],"about":[{"href":"https:\/\/worldacademyofhumanmovement.com\/en\/wp-json\/wp\/v2\/types\/page"}],"author":[{"embeddable":true,"href":"https:\/\/worldacademyofhumanmovement.com\/en\/wp-json\/wp\/v2\/users\/1"}],"replies":[{"embeddable":true,"href":"https:\/\/worldacademyofhumanmovement.com\/en\/wp-json\/wp\/v2\/comments?post=2922"}],"version-history":[{"count":26,"href":"https:\/\/worldacademyofhumanmovement.com\/en\/wp-json\/wp\/v2\/pages\/2922\/revisions"}],"predecessor-version":[{"id":3291,"href":"https:\/\/worldacademyofhumanmovement.com\/en\/wp-json\/wp\/v2\/pages\/2922\/revisions\/3291"}],"wp:attachment":[{"href":"https:\/\/worldacademyofhumanmovement.com\/en\/wp-json\/wp\/v2\/media?parent=2922"}],"curies":[{"name":"wp","href":"https:\/\/api.w.org\/{rel}","templated":true}]}}