{"id":2916,"date":"2026-02-19T11:41:03","date_gmt":"2026-02-19T11:41:03","guid":{"rendered":"https:\/\/worldacademyofhumanmovement.com\/trainer-registration-form\/"},"modified":"2026-03-20T19:58:41","modified_gmt":"2026-03-20T19:58:41","slug":"trainer-registration-form","status":"publish","type":"page","link":"https:\/\/worldacademyofhumanmovement.com\/en\/trainer-registration-form\/","title":{"rendered":"Trainer registration form"},"content":{"rendered":"<!--themify_builder_content-->\n<div id=\"themify_builder_content-2916\" data-postid=\"2916\" class=\"themify_builder_content themify_builder_content-2916 themify_builder tf_clear\">\n                    <div  data-lazy=\"1\" class=\"module_row themify_builder_row tb_wduf153 tb_first tf_w\">\n            <span  class=\"builder_row_cover tf_abs\" data-lazy=\"1\"><\/span>            <div class=\"row_inner col_align_top tb_col_count_1 tf_box tf_rel\">\n                        <div  data-lazy=\"1\" class=\"module_column tb-column col-full tb_5agl153 first\">\n                    <!-- module text -->\n<div  class=\"module module-text tb_oq05822   \" data-lazy=\"1\">\n        <div  class=\"tb_text_wrap\">\n        <p><strong>Fill in the form below and we&#8217;ll get back to you.<\/strong><\/p>    <\/div>\n<\/div>\n<!-- \/module text -->        <\/div>\n                        <\/div>\n        <\/div>\n                        <div  data-lazy=\"1\" class=\"module_row themify_builder_row tb_ktb3943 tf_w\">\n                        <div class=\"row_inner col_align_top tb_col_count_1 tf_box tf_rel\">\n                        <div  data-lazy=\"1\" class=\"module_column tb-column col-full tb_8v5v943 first\">\n                    <!-- module plain text -->\n<div  class=\"module module-plain-text tb_rasd993 \" data-lazy=\"1\">\n        <div class=\"tb_text_wrap\">\n    <iframe data-tally-src=\"https:\/\/tally.so\/embed\/81e1B5?alignLeft=1&#038;hideTitle=1&#038;transparentBackground=1&#038;dynamicHeight=1\" loading=\"lazy\" width=\"100%\" height=\"200\" frameborder=\"0\" marginheight=\"0\" marginwidth=\"0\" title=\"Devenez formateur WAHM. (version anglais)\"><\/iframe>\n<script>var d=document,w=\"https:\/\/tally.so\/widgets\/embed.js\",v=function(){\"undefined\"!=typeof Tally?Tally.loadEmbeds():d.querySelectorAll(\"iframe[data-tally-src]:not([src])\").forEach((function(e){e.src=e.dataset.tallySrc}))};if(\"undefined\"!=typeof Tally)v();else if(d.querySelector('script[src=\"'+w+'\"]')==null){var s=d.createElement(\"script\");s.src=w,s.onload=v,s.onerror=v,d.body.appendChild(s);}<\/script>    <\/div>\n<\/div>\n<!-- \/module plain text --><!-- module buttons -->\n<div  class=\"module module-buttons tb_525a223 buttons-horizontal solid  small rounded hover-wow\" data-tf-animation_hover=\"pulse\" data-lazy=\"1\">\n        <div class=\"module-buttons-item tf_in_flx\">\n                        <a href=\"https:\/\/worldacademyofhumanmovement.com\/en\/\" class=\"ui builder_button tf_in_flx tb_default_color\" >\n                                    <em><svg  class=\"tf_fa tf-ti-arrow-left\" xmlns:xlink=\"http:\/\/www.w3.org\/1999\/xlink\" aria-hidden=\"true\"><use href=\"#tf-ti-arrow-left\" xlink:href=\"#tf-ti-arrow-left\"><\/use><\/svg><\/em>                                        Back to home page                                        <\/a>\n                <\/div>\n            <\/div>\n<!-- \/module buttons -->\n        <\/div>\n                        <\/div>\n        <\/div>\n        <\/div>\n<!--\/themify_builder_content-->","protected":false},"excerpt":{"rendered":"<p>Fill in the form below and we&#8217;ll get back to you. Back to home page<\/p>\n","protected":false},"author":1,"featured_media":0,"parent":0,"menu_order":0,"comment_status":"closed","ping_status":"closed","template":"","meta":{"footnotes":""},"class_list":["post-2916","page","type-page","status-publish","hentry","has-post-title","has-post-date","has-post-category","has-post-tag","has-post-comment","has-post-author",""],"yoast_head":"<!-- This site is optimized with the Yoast SEO plugin v27.3 - https:\/\/yoast.com\/product\/yoast-seo-wordpress\/ -->\n<title>Trainer registration form - WAHM<\/title>\n<meta name=\"robots\" content=\"index, follow, max-snippet:-1, max-image-preview:large, max-video-preview:-1\" \/>\n<link rel=\"canonical\" href=\"https:\/\/worldacademyofhumanmovement.com\/en\/trainer-registration-form\/\" \/>\n<meta property=\"og:locale\" content=\"en_US\" \/>\n<meta property=\"og:type\" content=\"article\" \/>\n<meta property=\"og:title\" content=\"Trainer registration form - WAHM\" \/>\n<meta property=\"og:description\" content=\"Fill in the form below and we&#8217;ll get back to you. Back to home page\" \/>\n<meta property=\"og:url\" content=\"https:\/\/worldacademyofhumanmovement.com\/en\/trainer-registration-form\/\" \/>\n<meta property=\"og:site_name\" content=\"WAHM\" \/>\n<meta property=\"article:modified_time\" content=\"2026-03-20T19:58:41+00:00\" \/>\n<meta name=\"twitter:card\" content=\"summary_large_image\" \/>\n<script type=\"application\/ld+json\" class=\"yoast-schema-graph\">{\"@context\":\"https:\\\/\\\/schema.org\",\"@graph\":[{\"@type\":\"WebPage\",\"@id\":\"https:\\\/\\\/worldacademyofhumanmovement.com\\\/en\\\/trainer-registration-form\\\/\",\"url\":\"https:\\\/\\\/worldacademyofhumanmovement.com\\\/en\\\/trainer-registration-form\\\/\",\"name\":\"Trainer registration form - WAHM\",\"isPartOf\":{\"@id\":\"https:\\\/\\\/worldacademyofhumanmovement.com\\\/en\\\/#website\"},\"datePublished\":\"2026-02-19T11:41:03+00:00\",\"dateModified\":\"2026-03-20T19:58:41+00:00\",\"breadcrumb\":{\"@id\":\"https:\\\/\\\/worldacademyofhumanmovement.com\\\/en\\\/trainer-registration-form\\\/#breadcrumb\"},\"inLanguage\":\"en-US\",\"potentialAction\":[{\"@type\":\"ReadAction\",\"target\":[\"https:\\\/\\\/worldacademyofhumanmovement.com\\\/en\\\/trainer-registration-form\\\/\"]}]},{\"@type\":\"BreadcrumbList\",\"@id\":\"https:\\\/\\\/worldacademyofhumanmovement.com\\\/en\\\/trainer-registration-form\\\/#breadcrumb\",\"itemListElement\":[{\"@type\":\"ListItem\",\"position\":1,\"name\":\"Accueil\",\"item\":\"https:\\\/\\\/worldacademyofhumanmovement.com\\\/en\\\/\"},{\"@type\":\"ListItem\",\"position\":2,\"name\":\"Trainer registration form\"}]},{\"@type\":\"WebSite\",\"@id\":\"https:\\\/\\\/worldacademyofhumanmovement.com\\\/en\\\/#website\",\"url\":\"https:\\\/\\\/worldacademyofhumanmovement.com\\\/en\\\/\",\"name\":\"WAHM\",\"description\":\"La plateforme mondiale qui r\u00e9unit les meilleures formations en sant\u00e9, coaching, bien-\u00eatre et performance.\",\"potentialAction\":[{\"@type\":\"SearchAction\",\"target\":{\"@type\":\"EntryPoint\",\"urlTemplate\":\"https:\\\/\\\/worldacademyofhumanmovement.com\\\/en\\\/?s={search_term_string}\"},\"query-input\":{\"@type\":\"PropertyValueSpecification\",\"valueRequired\":true,\"valueName\":\"search_term_string\"}}],\"inLanguage\":\"en-US\"}]}<\/script>\n<!-- \/ Yoast SEO plugin. -->","yoast_head_json":{"title":"Trainer registration form - WAHM","robots":{"index":"index","follow":"follow","max-snippet":"max-snippet:-1","max-image-preview":"max-image-preview:large","max-video-preview":"max-video-preview:-1"},"canonical":"https:\/\/worldacademyofhumanmovement.com\/en\/trainer-registration-form\/","og_locale":"en_US","og_type":"article","og_title":"Trainer registration form - WAHM","og_description":"Fill in the form below and we&#8217;ll get back to you. Back to home page","og_url":"https:\/\/worldacademyofhumanmovement.com\/en\/trainer-registration-form\/","og_site_name":"WAHM","article_modified_time":"2026-03-20T19:58:41+00:00","twitter_card":"summary_large_image","schema":{"@context":"https:\/\/schema.org","@graph":[{"@type":"WebPage","@id":"https:\/\/worldacademyofhumanmovement.com\/en\/trainer-registration-form\/","url":"https:\/\/worldacademyofhumanmovement.com\/en\/trainer-registration-form\/","name":"Trainer registration form - WAHM","isPartOf":{"@id":"https:\/\/worldacademyofhumanmovement.com\/en\/#website"},"datePublished":"2026-02-19T11:41:03+00:00","dateModified":"2026-03-20T19:58:41+00:00","breadcrumb":{"@id":"https:\/\/worldacademyofhumanmovement.com\/en\/trainer-registration-form\/#breadcrumb"},"inLanguage":"en-US","potentialAction":[{"@type":"ReadAction","target":["https:\/\/worldacademyofhumanmovement.com\/en\/trainer-registration-form\/"]}]},{"@type":"BreadcrumbList","@id":"https:\/\/worldacademyofhumanmovement.com\/en\/trainer-registration-form\/#breadcrumb","itemListElement":[{"@type":"ListItem","position":1,"name":"Accueil","item":"https:\/\/worldacademyofhumanmovement.com\/en\/"},{"@type":"ListItem","position":2,"name":"Trainer registration form"}]},{"@type":"WebSite","@id":"https:\/\/worldacademyofhumanmovement.com\/en\/#website","url":"https:\/\/worldacademyofhumanmovement.com\/en\/","name":"WAHM","description":"La plateforme mondiale qui r\u00e9unit les meilleures formations en sant\u00e9, coaching, bien-\u00eatre et performance.","potentialAction":[{"@type":"SearchAction","target":{"@type":"EntryPoint","urlTemplate":"https:\/\/worldacademyofhumanmovement.com\/en\/?s={search_term_string}"},"query-input":{"@type":"PropertyValueSpecification","valueRequired":true,"valueName":"search_term_string"}}],"inLanguage":"en-US"}]}},"builder_content":"<p><strong>Fill in the form below and we'll get back to you.<\/strong><\/p>\n<iframe data-tally-src=\"https:\/\/tally.so\/embed\/81e1B5?alignLeft=1&hideTitle=1&transparentBackground=1&dynamicHeight=1\" loading=\"lazy\" width=\"100%\" height=\"200\" frameborder=\"0\" marginheight=\"0\" marginwidth=\"0\" title=\"Devenez formateur WAHM. (version anglais)\"><\/iframe>\n<a href=\"https:\/\/worldacademyofhumanmovement.com\/en\/\" > <em><svg xmlns:xlink=\"http:\/\/www.w3.org\/1999\/xlink\" aria-hidden=\"true\"><use href=\"#tf-ti-arrow-left\" xlink:href=\"#tf-ti-arrow-left\"><\/use><\/svg><\/em> Back to home page <\/a>","_links":{"self":[{"href":"https:\/\/worldacademyofhumanmovement.com\/en\/wp-json\/wp\/v2\/pages\/2916","targetHints":{"allow":["GET"]}}],"collection":[{"href":"https:\/\/worldacademyofhumanmovement.com\/en\/wp-json\/wp\/v2\/pages"}],"about":[{"href":"https:\/\/worldacademyofhumanmovement.com\/en\/wp-json\/wp\/v2\/types\/page"}],"author":[{"embeddable":true,"href":"https:\/\/worldacademyofhumanmovement.com\/en\/wp-json\/wp\/v2\/users\/1"}],"replies":[{"embeddable":true,"href":"https:\/\/worldacademyofhumanmovement.com\/en\/wp-json\/wp\/v2\/comments?post=2916"}],"version-history":[{"count":11,"href":"https:\/\/worldacademyofhumanmovement.com\/en\/wp-json\/wp\/v2\/pages\/2916\/revisions"}],"predecessor-version":[{"id":3295,"href":"https:\/\/worldacademyofhumanmovement.com\/en\/wp-json\/wp\/v2\/pages\/2916\/revisions\/3295"}],"wp:attachment":[{"href":"https:\/\/worldacademyofhumanmovement.com\/en\/wp-json\/wp\/v2\/media?parent=2916"}],"curies":[{"name":"wp","href":"https:\/\/api.w.org\/{rel}","templated":true}]}}