{"id":2841,"date":"2026-02-01T15:41:55","date_gmt":"2026-02-01T15:41:55","guid":{"rendered":"https:\/\/worldacademyofhumanmovement.com\/general-terms-and-conditions-of-use-gtcu\/"},"modified":"2026-03-12T23:09:52","modified_gmt":"2026-03-12T23:09:52","slug":"general-terms-and-conditions-of-use-gtcu","status":"publish","type":"page","link":"https:\/\/worldacademyofhumanmovement.com\/en\/general-terms-and-conditions-of-use-gtcu\/","title":{"rendered":"General Terms and Conditions of Use (GTCU)"},"content":{"rendered":"<!--themify_builder_content-->\n<div id=\"themify_builder_content-2841\" data-postid=\"2841\" class=\"themify_builder_content themify_builder_content-2841 themify_builder tf_clear\">\n                    <div  data-lazy=\"1\" class=\"module_row themify_builder_row tb_35yw973 tb_first tf_w\">\n                        <div class=\"row_inner col_align_top tb_col_count_1 tf_box tf_rel\">\n                        <div  data-lazy=\"1\" class=\"module_column tb-column col-full tb_sbbg974 first\">\n                            <div  data-lazy=\"1\" class=\"module_subrow themify_builder_sub_row tf_w col_align_middle tb_col_count_3 tb_ohpl974\">\n                <div  data-lazy=\"1\" class=\"module_column sub_column col3-1 tb_ngu1974 first\">\n                    <!-- module text -->\n<div  class=\"module module-text tb_4gx5974   \" data-lazy=\"1\">\n        <div  class=\"tb_text_wrap\">\n        <h2><strong>General Terms and Conditions of Use (GTCU)<\/strong><\/h2>    <\/div>\n<\/div>\n<!-- \/module text -->        <\/div>\n                    <div  data-lazy=\"1\" class=\"module_column sub_column col3-1 tb_1hif974\">\n                    <!-- module divider -->\n<div  class=\"module tf_mw module-divider tb_25io974 solid   \" style=\"border-width: 1px;border-color: #d4a018;\" data-lazy=\"1\">\n    <\/div>\n<!-- \/module divider -->\n        <\/div>\n                    <div  data-lazy=\"1\" class=\"module_column sub_column col3-1 tb_7x4p974 last\">\n                    <!-- module text -->\n<div  class=\"module module-text tb_7sob974   \" data-lazy=\"1\">\n        <div  class=\"tb_text_wrap\">\n        <p><strong><em>World Academy of Human Movement (WAHM).<\/em><\/strong><\/p>    <\/div>\n<\/div>\n<!-- \/module text -->        <\/div>\n                    <\/div>\n        <!-- module text -->\n<div  class=\"module module-text tb_7h8r974   \" data-lazy=\"1\">\n        <div  class=\"tb_text_wrap\">\n        <h3>Article 1 &#8211; Purpose of the Website<\/h3>\n<p>WAHM is an e-learning platform for :<\/p>\n<ul>\n<li>purchase and follow online training courses<\/li>\n<li>offer training courses as a trainer<\/li>\n<li>access to educational resources<\/li>\n<li>interact with the WAHM community<\/li>\n<\/ul>\n<h2>Article 2 &#8211; Account creation<\/h2>\n<p>To access the training courses, the user must create an account with accurate information.<br>Users are responsible for maintaining the confidentiality of their login credentials.<\/p>\n<h3>Article 3 &#8211; Use of the platform<\/h3>\n<p>The following actions are strictly prohibited:<br>Copy, transfer or resell training<br>Share personal access<br>Illegally download content<br>Using the platform for unauthorized commercial purposes<\/p>\n<p>WAHM may suspend an account in the event of non-compliance.<\/p>\n<h3>Article 4 &#8211; Certifications<\/h3>\n<p>The certificates issued by WAHM attest to a course of study, but do not replace any official professional certification, unless otherwise stated.<\/p>\n<h3>Article 5 &#8211; Responsibilities<\/h3>\n<p>WAHM does not guarantee :<\/p>\n<ul>\n<li>The user&#8217;s professional success<\/li>\n<li>Absolute accuracy of partner trainers&#8217; content<\/li>\n<li>The uninterrupted availability of the platform<\/li>\n<\/ul>\n<p>WAHM makes every effort to ensure quality of service.<\/p>    <\/div>\n<\/div>\n<!-- \/module text -->        <\/div>\n                        <\/div>\n        <\/div>\n                        <div  data-lazy=\"1\" class=\"module_row themify_builder_row tb_u4yi259 tf_w\">\n                        <div class=\"row_inner col_align_top tb_col_count_2 tf_box tf_rel\">\n                        <div  data-lazy=\"1\" class=\"module_column tb-column col4-2 tb_y0if259 first\">\n                            <div  data-lazy=\"1\" class=\"module_subrow themify_builder_sub_row tf_w col_align_top tb_col_count_1 tb_nzlj259\">\n                <div  data-lazy=\"1\" class=\"module_column sub_column col-full tb_8gy0259 first\">\n                    <!-- module image -->\n<div  class=\"module module-image tb_td1d259 image-top rounded  tf_mw\" data-lazy=\"1\">\n        <div class=\"image-wrap tf_rel tf_mw\">\n            <img decoding=\"async\" src=\"https:\/\/worldacademyofhumanmovement.com\/wp-content\/uploads\/2025\/12\/WAHM-Main-Logo-800x600-1.jpg\" width=\"150\" title=\"General Terms and Conditions of Use (GTCU)\" alt=\"General Terms and Conditions of Use (GTCU)\">    \n        <\/div>\n    <!-- \/image-wrap -->\n    \n        <\/div>\n<!-- \/module image --><!-- module text -->\n<div  class=\"module module-text tb_06bj259   \" data-lazy=\"1\">\n        <div  class=\"tb_text_wrap\">\n        <p>Where elite professionals are trained.<\/p>    <\/div>\n<\/div>\n<!-- \/module text --><!-- module divider -->\n<div  class=\"module tf_mw module-divider tb_j4c8259 solid  divider-custom divider-left\" style=\"border-width: 1px;border-color: #d4a018;max-width: 100px;\" data-lazy=\"1\">\n    <\/div>\n<!-- \/module divider -->\n<!-- module text -->\n<div  class=\"module module-text tb_4nzo259   \" data-lazy=\"1\">\n        <div  class=\"tb_text_wrap\">\n        <p><em>contact@wahm.com<\/em><\/p>    <\/div>\n<\/div>\n<!-- \/module text -->        <\/div>\n                    <\/div>\n                <\/div>\n                    <div  data-lazy=\"1\" class=\"module_column tb-column col4-2 tb_zmnr259 last\">\n                            <div  data-lazy=\"1\" class=\"module_subrow themify_builder_sub_row tf_w col_align_top tb_col_count_3 tb_o2s5259\">\n                <div  data-lazy=\"1\" class=\"module_column sub_column col3-1 tb_x5r7259 first\">\n                            <div  data-lazy=\"1\" class=\"module_subrow themify_builder_sub_row tf_w col_align_top tb_col_count_1 tb_ulgq259\">\n                <div  data-lazy=\"1\" class=\"module_column sub_column col-full tb_2jxq259 first\">\n                    <!-- module text -->\n<div  class=\"module module-text tb_vdxf259   \" data-lazy=\"1\">\n        <div  class=\"tb_text_wrap\">\n        <h4>Legal<\/h4>    <\/div>\n<\/div>\n<!-- \/module text --><!-- module text -->\n<div  class=\"module module-text tb_4h81259   \" data-lazy=\"1\">\n        <div  class=\"tb_text_wrap\">\n        <p><a href=\"https:\/\/worldacademyofhumanmovement.com\/en\/?page_id=2834\">Legal notices<\/a><\/p>    <\/div>\n<\/div>\n<!-- \/module text --><!-- module text -->\n<div  class=\"module module-text tb_gvg8259   \" data-lazy=\"1\">\n        <div  class=\"tb_text_wrap\">\n        <p><a href=\"https:\/\/worldacademyofhumanmovement.com\/en\/?page_id=2841\">GTOU<\/a><\/p>    <\/div>\n<\/div>\n<!-- \/module text --><!-- module text -->\n<div  class=\"module module-text tb_foof259   \" data-lazy=\"1\">\n        <div  class=\"tb_text_wrap\">\n        <p><a href=\"https:\/\/worldacademyofhumanmovement.com\/en\/general-terms-and-conditions-gtc\/#\">GTCS<\/a><\/p>    <\/div>\n<\/div>\n<!-- \/module text -->        <\/div>\n                    <\/div>\n                <\/div>\n                    <div  data-lazy=\"1\" class=\"module_column sub_column col3-1 tb_yo4y259\">\n                            <div  data-lazy=\"1\" class=\"module_subrow themify_builder_sub_row tf_w col_align_top tb_col_count_1 tb_gwqt259\">\n                <div  data-lazy=\"1\" class=\"module_column sub_column col-full tb_luvo259 first\">\n                    <!-- module text -->\n<div  class=\"module module-text tb_7xcw259   \" data-lazy=\"1\">\n        <div  class=\"tb_text_wrap\">\n        <h4>Support<\/h4>    <\/div>\n<\/div>\n<!-- \/module text -->        <\/div>\n                    <\/div>\n                <\/div>\n                    <div  data-lazy=\"1\" class=\"module_column sub_column col3-1 tb_irtx259 last\">\n                            <div  data-lazy=\"1\" class=\"module_subrow themify_builder_sub_row tf_w col_align_top tb_col_count_1 tb_5fns259\">\n                <div  data-lazy=\"1\" class=\"module_column sub_column col-full tb_euvd259 first\">\n                    <!-- module text -->\n<div  class=\"module module-text tb_gtpz259   \" data-lazy=\"1\">\n        <div  class=\"tb_text_wrap\">\n        <h4>Social media<\/h4>    <\/div>\n<\/div>\n<!-- \/module text --><!-- module icon -->\n<div  class=\"module module-icon tb_zg46259    icon_horizontal \" data-lazy=\"1\">\n\t\t\t<div class=\"module-icon-item\">\n\t\t\t\t\t\t\t\t\t\t\t\t\t\t\t\t<em class=\"tf_box\"\n\t\t\t\t\t\t\t\t\t\t\t\t style=\"color:#ffffff\"\t\t\t\t\t><svg  class=\"tf_fa tf-fab-instagram\" xmlns:xlink=\"http:\/\/www.w3.org\/1999\/xlink\" aria-hidden=\"true\"><use href=\"#tf-fab-instagram\" xlink:href=\"#tf-fab-instagram\"><\/use><\/svg><\/em>\n\t\t\t\t\t\t\t\t\t\t\t\t\t\t\t\t\t\t\t<span>Instagram <\/span>\n\t\t\t\t\t\t\t\t\t\t\t\t\t\t\t<\/div>\n\t<\/div>\n<!-- \/module icon -->\n<!-- module icon -->\n<div  class=\"module module-icon tb_wv19259    icon_horizontal \" data-lazy=\"1\">\n\t\t\t<div class=\"module-icon-item\">\n\t\t\t\t\t\t\t\t\t\t\t\t\t\t\t\t<em class=\"tf_box\"\n\t\t\t\t\t\t\t\t\t\t\t\t style=\"color:#ffffff\"\t\t\t\t\t><svg  class=\"tf_fa tf-fab-facebook\" xmlns:xlink=\"http:\/\/www.w3.org\/1999\/xlink\" aria-hidden=\"true\"><use href=\"#tf-fab-facebook\" xlink:href=\"#tf-fab-facebook\"><\/use><\/svg><\/em>\n\t\t\t\t\t\t\t\t\t\t\t\t\t\t\t\t\t\t\t<span>Facebook<\/span>\n\t\t\t\t\t\t\t\t\t\t\t\t\t\t\t<\/div>\n\t<\/div>\n<!-- \/module icon -->\n<!-- module icon -->\n<div  class=\"module module-icon tb_gc7a259    icon_horizontal \" data-lazy=\"1\">\n\t\t\t<div class=\"module-icon-item\">\n\t\t\t\t\t\t\t\t\t\t\t\t\t\t\t\t<em class=\"tf_box\"\n\t\t\t\t\t\t\t\t\t\t\t\t style=\"color:#ffffff\"\t\t\t\t\t><svg  class=\"tf_fa tf-fab-x-twitter\" xmlns:xlink=\"http:\/\/www.w3.org\/1999\/xlink\" aria-hidden=\"true\"><use href=\"#tf-fab-x-twitter\" xlink:href=\"#tf-fab-x-twitter\"><\/use><\/svg><\/em>\n\t\t\t\t\t\t\t\t\t\t\t\t\t\t\t\t\t\t\t<span>X-Twitter<\/span>\n\t\t\t\t\t\t\t\t\t\t\t\t\t\t\t<\/div>\n\t<\/div>\n<!-- \/module icon -->\n<!-- module icon -->\n<div  class=\"module module-icon tb_vn88259    icon_horizontal \" data-lazy=\"1\">\n\t\t\t<div class=\"module-icon-item\">\n\t\t\t\t\t\t\t\t\t\t\t\t\t\t\t\t<em class=\"tf_box\"\n\t\t\t\t\t\t\t\t\t\t\t\t style=\"color:#ffffff\"\t\t\t\t\t><svg  class=\"tf_fa tf-fab-tiktok\" xmlns:xlink=\"http:\/\/www.w3.org\/1999\/xlink\" aria-hidden=\"true\"><use href=\"#tf-fab-tiktok\" xlink:href=\"#tf-fab-tiktok\"><\/use><\/svg><\/em>\n\t\t\t\t\t\t\t\t\t\t\t\t\t\t\t\t\t\t\t<span>Tiktok<\/span>\n\t\t\t\t\t\t\t\t\t\t\t\t\t\t\t<\/div>\n\t<\/div>\n<!-- \/module icon -->\n        <\/div>\n                    <\/div>\n                <\/div>\n                    <\/div>\n                <\/div>\n                        <\/div>\n        <\/div>\n        <\/div>\n<!--\/themify_builder_content-->","protected":false},"excerpt":{"rendered":"<p>General Terms and Conditions of Use (GTCU) World Academy of Human Movement (WAHM). Article 1 &#8211; Purpose of the Website WAHM is an e-learning platform for : purchase and follow online training courses offer training courses as a trainer access to educational resources interact with the WAHM community Article 2 &#8211; Account creation To access [&hellip;]<\/p>\n","protected":false},"author":1,"featured_media":0,"parent":0,"menu_order":0,"comment_status":"closed","ping_status":"closed","template":"","meta":{"footnotes":""},"class_list":["post-2841","page","type-page","status-publish","hentry","has-post-title","has-post-date","has-post-category","has-post-tag","has-post-comment","has-post-author",""],"yoast_head":"<!-- This site is optimized with the Yoast SEO plugin v27.3 - https:\/\/yoast.com\/product\/yoast-seo-wordpress\/ -->\n<title>General Terms and Conditions of Use (GTCU) - WAHM<\/title>\n<meta name=\"robots\" content=\"index, follow, max-snippet:-1, max-image-preview:large, max-video-preview:-1\" \/>\n<link rel=\"canonical\" href=\"https:\/\/worldacademyofhumanmovement.com\/en\/general-terms-and-conditions-of-use-gtcu\/\" \/>\n<meta property=\"og:locale\" content=\"en_US\" \/>\n<meta property=\"og:type\" content=\"article\" \/>\n<meta property=\"og:title\" content=\"General Terms and Conditions of Use (GTCU) - WAHM\" \/>\n<meta property=\"og:description\" content=\"General Terms and Conditions of Use (GTCU) World Academy of Human Movement (WAHM). Article 1 &#8211; Purpose of the Website WAHM is an e-learning platform for : purchase and follow online training courses offer training courses as a trainer access to educational resources interact with the WAHM community Article 2 &#8211; Account creation To access [&hellip;]\" \/>\n<meta property=\"og:url\" content=\"https:\/\/worldacademyofhumanmovement.com\/en\/general-terms-and-conditions-of-use-gtcu\/\" \/>\n<meta property=\"og:site_name\" content=\"WAHM\" \/>\n<meta property=\"article:modified_time\" content=\"2026-03-12T23:09:52+00:00\" \/>\n<meta property=\"og:image\" content=\"https:\/\/worldacademyofhumanmovement.com\/wp-content\/uploads\/2025\/12\/WAHM-Main-Logo-800x600-1.jpg\" \/>\n<meta name=\"twitter:card\" content=\"summary_large_image\" \/>\n<meta name=\"twitter:label1\" content=\"Est. reading time\" \/>\n\t<meta name=\"twitter:data1\" content=\"1 minute\" \/>\n<script type=\"application\/ld+json\" class=\"yoast-schema-graph\">{\"@context\":\"https:\\\/\\\/schema.org\",\"@graph\":[{\"@type\":\"WebPage\",\"@id\":\"https:\\\/\\\/worldacademyofhumanmovement.com\\\/en\\\/general-terms-and-conditions-of-use-gtcu\\\/\",\"url\":\"https:\\\/\\\/worldacademyofhumanmovement.com\\\/en\\\/general-terms-and-conditions-of-use-gtcu\\\/\",\"name\":\"General Terms and Conditions of Use (GTCU) - WAHM\",\"isPartOf\":{\"@id\":\"https:\\\/\\\/worldacademyofhumanmovement.com\\\/en\\\/#website\"},\"primaryImageOfPage\":{\"@id\":\"https:\\\/\\\/worldacademyofhumanmovement.com\\\/en\\\/general-terms-and-conditions-of-use-gtcu\\\/#primaryimage\"},\"image\":{\"@id\":\"https:\\\/\\\/worldacademyofhumanmovement.com\\\/en\\\/general-terms-and-conditions-of-use-gtcu\\\/#primaryimage\"},\"thumbnailUrl\":\"https:\\\/\\\/worldacademyofhumanmovement.com\\\/wp-content\\\/uploads\\\/2025\\\/12\\\/WAHM-Main-Logo-800x600-1.jpg\",\"datePublished\":\"2026-02-01T15:41:55+00:00\",\"dateModified\":\"2026-03-12T23:09:52+00:00\",\"breadcrumb\":{\"@id\":\"https:\\\/\\\/worldacademyofhumanmovement.com\\\/en\\\/general-terms-and-conditions-of-use-gtcu\\\/#breadcrumb\"},\"inLanguage\":\"en-US\",\"potentialAction\":[{\"@type\":\"ReadAction\",\"target\":[\"https:\\\/\\\/worldacademyofhumanmovement.com\\\/en\\\/general-terms-and-conditions-of-use-gtcu\\\/\"]}]},{\"@type\":\"ImageObject\",\"inLanguage\":\"en-US\",\"@id\":\"https:\\\/\\\/worldacademyofhumanmovement.com\\\/en\\\/general-terms-and-conditions-of-use-gtcu\\\/#primaryimage\",\"url\":\"https:\\\/\\\/worldacademyofhumanmovement.com\\\/wp-content\\\/uploads\\\/2025\\\/12\\\/WAHM-Main-Logo-800x600-1.jpg\",\"contentUrl\":\"https:\\\/\\\/worldacademyofhumanmovement.com\\\/wp-content\\\/uploads\\\/2025\\\/12\\\/WAHM-Main-Logo-800x600-1.jpg\"},{\"@type\":\"BreadcrumbList\",\"@id\":\"https:\\\/\\\/worldacademyofhumanmovement.com\\\/en\\\/general-terms-and-conditions-of-use-gtcu\\\/#breadcrumb\",\"itemListElement\":[{\"@type\":\"ListItem\",\"position\":1,\"name\":\"Accueil\",\"item\":\"https:\\\/\\\/worldacademyofhumanmovement.com\\\/en\\\/\"},{\"@type\":\"ListItem\",\"position\":2,\"name\":\"General Terms and Conditions of Use (GTCU)\"}]},{\"@type\":\"WebSite\",\"@id\":\"https:\\\/\\\/worldacademyofhumanmovement.com\\\/en\\\/#website\",\"url\":\"https:\\\/\\\/worldacademyofhumanmovement.com\\\/en\\\/\",\"name\":\"WAHM\",\"description\":\"La plateforme mondiale qui r\u00e9unit les meilleures formations en sant\u00e9, coaching, bien-\u00eatre et performance.\",\"potentialAction\":[{\"@type\":\"SearchAction\",\"target\":{\"@type\":\"EntryPoint\",\"urlTemplate\":\"https:\\\/\\\/worldacademyofhumanmovement.com\\\/en\\\/?s={search_term_string}\"},\"query-input\":{\"@type\":\"PropertyValueSpecification\",\"valueRequired\":true,\"valueName\":\"search_term_string\"}}],\"inLanguage\":\"en-US\"}]}<\/script>\n<!-- \/ Yoast SEO plugin. -->","yoast_head_json":{"title":"General Terms and Conditions of Use (GTCU) - WAHM","robots":{"index":"index","follow":"follow","max-snippet":"max-snippet:-1","max-image-preview":"max-image-preview:large","max-video-preview":"max-video-preview:-1"},"canonical":"https:\/\/worldacademyofhumanmovement.com\/en\/general-terms-and-conditions-of-use-gtcu\/","og_locale":"en_US","og_type":"article","og_title":"General Terms and Conditions of Use (GTCU) - WAHM","og_description":"General Terms and Conditions of Use (GTCU) World Academy of Human Movement (WAHM). Article 1 &#8211; Purpose of the Website WAHM is an e-learning platform for : purchase and follow online training courses offer training courses as a trainer access to educational resources interact with the WAHM community Article 2 &#8211; Account creation To access [&hellip;]","og_url":"https:\/\/worldacademyofhumanmovement.com\/en\/general-terms-and-conditions-of-use-gtcu\/","og_site_name":"WAHM","article_modified_time":"2026-03-12T23:09:52+00:00","og_image":[{"url":"https:\/\/worldacademyofhumanmovement.com\/wp-content\/uploads\/2025\/12\/WAHM-Main-Logo-800x600-1.jpg","type":"","width":"","height":""}],"twitter_card":"summary_large_image","twitter_misc":{"Est. reading time":"1 minute"},"schema":{"@context":"https:\/\/schema.org","@graph":[{"@type":"WebPage","@id":"https:\/\/worldacademyofhumanmovement.com\/en\/general-terms-and-conditions-of-use-gtcu\/","url":"https:\/\/worldacademyofhumanmovement.com\/en\/general-terms-and-conditions-of-use-gtcu\/","name":"General Terms and Conditions of Use (GTCU) - WAHM","isPartOf":{"@id":"https:\/\/worldacademyofhumanmovement.com\/en\/#website"},"primaryImageOfPage":{"@id":"https:\/\/worldacademyofhumanmovement.com\/en\/general-terms-and-conditions-of-use-gtcu\/#primaryimage"},"image":{"@id":"https:\/\/worldacademyofhumanmovement.com\/en\/general-terms-and-conditions-of-use-gtcu\/#primaryimage"},"thumbnailUrl":"https:\/\/worldacademyofhumanmovement.com\/wp-content\/uploads\/2025\/12\/WAHM-Main-Logo-800x600-1.jpg","datePublished":"2026-02-01T15:41:55+00:00","dateModified":"2026-03-12T23:09:52+00:00","breadcrumb":{"@id":"https:\/\/worldacademyofhumanmovement.com\/en\/general-terms-and-conditions-of-use-gtcu\/#breadcrumb"},"inLanguage":"en-US","potentialAction":[{"@type":"ReadAction","target":["https:\/\/worldacademyofhumanmovement.com\/en\/general-terms-and-conditions-of-use-gtcu\/"]}]},{"@type":"ImageObject","inLanguage":"en-US","@id":"https:\/\/worldacademyofhumanmovement.com\/en\/general-terms-and-conditions-of-use-gtcu\/#primaryimage","url":"https:\/\/worldacademyofhumanmovement.com\/wp-content\/uploads\/2025\/12\/WAHM-Main-Logo-800x600-1.jpg","contentUrl":"https:\/\/worldacademyofhumanmovement.com\/wp-content\/uploads\/2025\/12\/WAHM-Main-Logo-800x600-1.jpg"},{"@type":"BreadcrumbList","@id":"https:\/\/worldacademyofhumanmovement.com\/en\/general-terms-and-conditions-of-use-gtcu\/#breadcrumb","itemListElement":[{"@type":"ListItem","position":1,"name":"Accueil","item":"https:\/\/worldacademyofhumanmovement.com\/en\/"},{"@type":"ListItem","position":2,"name":"General Terms and Conditions of Use (GTCU)"}]},{"@type":"WebSite","@id":"https:\/\/worldacademyofhumanmovement.com\/en\/#website","url":"https:\/\/worldacademyofhumanmovement.com\/en\/","name":"WAHM","description":"La plateforme mondiale qui r\u00e9unit les meilleures formations en sant\u00e9, coaching, bien-\u00eatre et performance.","potentialAction":[{"@type":"SearchAction","target":{"@type":"EntryPoint","urlTemplate":"https:\/\/worldacademyofhumanmovement.com\/en\/?s={search_term_string}"},"query-input":{"@type":"PropertyValueSpecification","valueRequired":true,"valueName":"search_term_string"}}],"inLanguage":"en-US"}]}},"builder_content":"<h2><strong>General Terms and Conditions of Use (GTCU)<\/strong><\/h2>\n\n<p><strong><em>World Academy of Human Movement (WAHM).<\/em><\/strong><\/p>\n<h3>Article 1 - Purpose of the Website<\/h3> <p>WAHM is an e-learning platform for :<\/p> <ul> <li>purchase and follow online training courses<\/li> <li>offer training courses as a trainer<\/li> <li>access to educational resources<\/li> <li>interact with the WAHM community<\/li> <\/ul> <h2>Article 2 - Account creation<\/h2> <p>To access the training courses, the user must create an account with accurate information.<br>Users are responsible for maintaining the confidentiality of their login credentials.<\/p> <h3>Article 3 - Use of the platform<\/h3> <p>The following actions are strictly prohibited:<br>Copy, transfer or resell training<br>Share personal access<br>Illegally download content<br>Using the platform for unauthorized commercial purposes<\/p> <p>WAHM may suspend an account in the event of non-compliance.<\/p> <h3>Article 4 - Certifications<\/h3> <p>The certificates issued by WAHM attest to a course of study, but do not replace any official professional certification, unless otherwise stated.<\/p> <h3>Article 5 - Responsibilities<\/h3> <p>WAHM does not guarantee :<\/p> <ul> <li>The user's professional success<\/li> <li>Absolute accuracy of partner trainers' content<\/li> <li>The uninterrupted availability of the platform<\/li> <\/ul> <p>WAHM makes every effort to ensure quality of service.<\/p>\n<img src=\"https:\/\/worldacademyofhumanmovement.com\/wp-content\/uploads\/2025\/12\/WAHM-Main-Logo-800x600-1.jpg\" width=\"150\" title=\"General Terms and Conditions of Use (GTCU)\" alt=\"General Terms and Conditions of Use (GTCU)\">\n<p>Where elite professionals are trained.<\/p>\n\n<p><em>contact@wahm.com<\/em><\/p>\n<h4>Legal<\/h4>\n<p><a href=\"https:\/\/worldacademyofhumanmovement.com\/en\/?page_id=2834\">Legal notices<\/a><\/p>\n<p><a href=\"https:\/\/worldacademyofhumanmovement.com\/en\/?page_id=2841\">GTOU<\/a><\/p>\n<p><a href=\"https:\/\/worldacademyofhumanmovement.com\/en\/general-terms-and-conditions-gtc\/#\">GTCS<\/a><\/p>\n<h4>Support<\/h4>\n<h4>Social media<\/h4>\n<em style=\"color:#ffffff\" ><svg xmlns:xlink=\"http:\/\/www.w3.org\/1999\/xlink\" aria-hidden=\"true\"><use href=\"#tf-fab-instagram\" xlink:href=\"#tf-fab-instagram\"><\/use><\/svg><\/em> Instagram\n<em style=\"color:#ffffff\" ><svg xmlns:xlink=\"http:\/\/www.w3.org\/1999\/xlink\" aria-hidden=\"true\"><use href=\"#tf-fab-facebook\" xlink:href=\"#tf-fab-facebook\"><\/use><\/svg><\/em> Facebook\n<em style=\"color:#ffffff\" ><svg xmlns:xlink=\"http:\/\/www.w3.org\/1999\/xlink\" aria-hidden=\"true\"><use href=\"#tf-fab-x-twitter\" xlink:href=\"#tf-fab-x-twitter\"><\/use><\/svg><\/em> X-Twitter\n<em style=\"color:#ffffff\" ><svg xmlns:xlink=\"http:\/\/www.w3.org\/1999\/xlink\" aria-hidden=\"true\"><use href=\"#tf-fab-tiktok\" xlink:href=\"#tf-fab-tiktok\"><\/use><\/svg><\/em> Tiktok","_links":{"self":[{"href":"https:\/\/worldacademyofhumanmovement.com\/en\/wp-json\/wp\/v2\/pages\/2841","targetHints":{"allow":["GET"]}}],"collection":[{"href":"https:\/\/worldacademyofhumanmovement.com\/en\/wp-json\/wp\/v2\/pages"}],"about":[{"href":"https:\/\/worldacademyofhumanmovement.com\/en\/wp-json\/wp\/v2\/types\/page"}],"author":[{"embeddable":true,"href":"https:\/\/worldacademyofhumanmovement.com\/en\/wp-json\/wp\/v2\/users\/1"}],"replies":[{"embeddable":true,"href":"https:\/\/worldacademyofhumanmovement.com\/en\/wp-json\/wp\/v2\/comments?post=2841"}],"version-history":[{"count":10,"href":"https:\/\/worldacademyofhumanmovement.com\/en\/wp-json\/wp\/v2\/pages\/2841\/revisions"}],"predecessor-version":[{"id":2901,"href":"https:\/\/worldacademyofhumanmovement.com\/en\/wp-json\/wp\/v2\/pages\/2841\/revisions\/2901"}],"wp:attachment":[{"href":"https:\/\/worldacademyofhumanmovement.com\/en\/wp-json\/wp\/v2\/media?parent=2841"}],"curies":[{"name":"wp","href":"https:\/\/api.w.org\/{rel}","templated":true}]}}