{"id":2834,"date":"2026-02-01T15:16:56","date_gmt":"2026-02-01T15:16:56","guid":{"rendered":"https:\/\/worldacademyofhumanmovement.com\/legal-notices\/"},"modified":"2026-03-12T22:25:23","modified_gmt":"2026-03-12T22:25:23","slug":"legal-notices","status":"publish","type":"page","link":"https:\/\/worldacademyofhumanmovement.com\/en\/legal-notices\/","title":{"rendered":"Legal notices"},"content":{"rendered":"<!--themify_builder_content-->\n<div id=\"themify_builder_content-2834\" data-postid=\"2834\" class=\"themify_builder_content themify_builder_content-2834 themify_builder tf_clear\">\n                    <div  data-lazy=\"1\" class=\"module_row themify_builder_row tb_w4p1482 tb_first tf_w\">\n                        <div class=\"row_inner col_align_top tb_col_count_1 tf_box tf_rel\">\n                        <div  data-lazy=\"1\" class=\"module_column tb-column col-full tb_uul4482 first\">\n                            <div  data-lazy=\"1\" class=\"module_subrow themify_builder_sub_row tf_w col_align_middle tb_col_count_3 tb_5tnv922\">\n                <div  data-lazy=\"1\" class=\"module_column sub_column col3-1 tb_9lv9922 first\">\n                    <!-- module text -->\n<div  class=\"module module-text tb_o8op904   \" data-lazy=\"1\">\n        <div  class=\"tb_text_wrap\">\n        <h2><strong>Legal notices<\/strong><\/h2>    <\/div>\n<\/div>\n<!-- \/module text -->        <\/div>\n                    <div  data-lazy=\"1\" class=\"module_column sub_column col3-1 tb_q4pl651\">\n                    <!-- module divider -->\n<div  class=\"module tf_mw module-divider tb_qn6e820 solid   \" style=\"border-width: 1px;border-color: #d4a018;\" data-lazy=\"1\">\n    <\/div>\n<!-- \/module divider -->\n        <\/div>\n                    <div  data-lazy=\"1\" class=\"module_column sub_column col3-1 tb_2xee785 last\">\n                    <!-- module text -->\n<div  class=\"module module-text tb_8jjn704   \" data-lazy=\"1\">\n        <div  class=\"tb_text_wrap\">\n        <p><strong><em>World Academy of Human Movement (WAHM).<\/em><\/strong><\/p>    <\/div>\n<\/div>\n<!-- \/module text -->        <\/div>\n                    <\/div>\n        <!-- module text -->\n<div  class=\"module module-text tb_ig6t588   \" data-lazy=\"1\">\n        <div  class=\"tb_text_wrap\">\n        <h3>Site Publisher<\/h3>\n<p><strong>World Academy of Human Movement (WAHM)<\/strong><br>Legal form: <em>Company to be specified (e.g. SRL \/ SAS \/ LTD)<\/em><br>Registered office: <em>Address to be specified<\/em><br><em>Company registration number (BCE): To be specified<\/em><br>VAT number: <em>To be specified<\/em><br>Email: <em>contact@wahm.com<\/em><br>Publication manager: <em>Name of founder or legal director<\/em><\/p>\n<h3>Hosting<\/h3>\n<p>The site is hosted by: <b>o2switch<\/b><br>Address: Chem. des Pardiaux, 63000 Clermont-Ferrand, France<br>Website: https:\/\/worldacademyofhumanmovement.com\/ <\/p>\n<h3>Intellectual property<\/h3>\n<p>All site content (text, videos, images, logos, training courses, documents) is protected by copyright and remains the property of WAHM or its partner trainers.<br>Any unauthorized reproduction, distribution or use is strictly prohibited.<\/p>\n<h3>Personal data<\/h3>\n<p>WAHM collects only the necessary data:<\/p>\n<ul>\n<li>Last name, first name<\/li>\n<li>Email<\/li>\n<li>Payment information<\/li>\n<li>Purchase history<\/li>\n<li>Educational progress<\/li>\n<\/ul>\n<p>This data is used to:<br>\u2714 Manage your account<br>\u2714 Track your training courses<br>\u2714 Provide support<br>\u2714 Send communications related to your purchases<br>\u2714 Improve the service<\/p>\n<p>In accordance with the GDPR (General Data Protection Regulation), you may request:<br>Access, modification or deletion of your data<br>Portability<br>Limitation of processing<\/p>\n<p>Request: <strong>privacy@wahm.com<\/strong><\/p>    <\/div>\n<\/div>\n<!-- \/module text -->        <\/div>\n                        <\/div>\n        <\/div>\n                        <div  data-lazy=\"1\" class=\"module_row themify_builder_row tb_bwgg929 tf_w\">\n                        <div class=\"row_inner col_align_top tb_col_count_2 tf_box tf_rel\">\n                        <div  data-lazy=\"1\" class=\"module_column tb-column col4-2 tb_r5qn929 first\">\n                            <div  data-lazy=\"1\" class=\"module_subrow themify_builder_sub_row tf_w col_align_top tb_col_count_1 tb_q59e929\">\n                <div  data-lazy=\"1\" class=\"module_column sub_column col-full tb_5cde929 first\">\n                    <!-- module image -->\n<div  class=\"module module-image tb_moeb929 image-top rounded  tf_mw\" data-lazy=\"1\">\n        <div class=\"image-wrap tf_rel tf_mw\">\n            <img decoding=\"async\" src=\"https:\/\/worldacademyofhumanmovement.com\/wp-content\/uploads\/2025\/12\/WAHM-Main-Logo-800x600-1.jpg\" width=\"150\" title=\"Legal notices\" alt=\"Legal notices\">    \n        <\/div>\n    <!-- \/image-wrap -->\n    \n        <\/div>\n<!-- \/module image --><!-- module text -->\n<div  class=\"module module-text tb_k54v929   \" data-lazy=\"1\">\n        <div  class=\"tb_text_wrap\">\n        <p>Where elite professionals are trained.<\/p>    <\/div>\n<\/div>\n<!-- \/module text --><!-- module divider -->\n<div  class=\"module tf_mw module-divider tb_ykdx929 solid  divider-custom divider-left\" style=\"border-width: 1px;border-color: #d4a018;max-width: 100px;\" data-lazy=\"1\">\n    <\/div>\n<!-- \/module divider -->\n<!-- module text -->\n<div  class=\"module module-text tb_em99929   \" data-lazy=\"1\">\n        <div  class=\"tb_text_wrap\">\n        <p><em>contact@wahm.com<\/em><\/p>    <\/div>\n<\/div>\n<!-- \/module text -->        <\/div>\n                    <\/div>\n                <\/div>\n                    <div  data-lazy=\"1\" class=\"module_column tb-column col4-2 tb_cmpg929 last\">\n                            <div  data-lazy=\"1\" class=\"module_subrow themify_builder_sub_row tf_w col_align_top tb_col_count_3 tb_h24j929\">\n                <div  data-lazy=\"1\" class=\"module_column sub_column col3-1 tb_7sst929 first\">\n                            <div  data-lazy=\"1\" class=\"module_subrow themify_builder_sub_row tf_w col_align_top tb_col_count_1 tb_v9st929\">\n                <div  data-lazy=\"1\" class=\"module_column sub_column col-full tb_20gt929 first\">\n                    <!-- module text -->\n<div  class=\"module module-text tb_nedo929   \" data-lazy=\"1\">\n        <div  class=\"tb_text_wrap\">\n        <h4>Legal<\/h4>    <\/div>\n<\/div>\n<!-- \/module text --><!-- module text -->\n<div  class=\"module module-text tb_2nto929   \" data-lazy=\"1\">\n        <div  class=\"tb_text_wrap\">\n        <p><a href=\"https:\/\/worldacademyofhumanmovement.com\/en\/?page_id=2834\">Legal notices<\/a><\/p>    <\/div>\n<\/div>\n<!-- \/module text --><!-- module text -->\n<div  class=\"module module-text tb_cg3a929   \" data-lazy=\"1\">\n        <div  class=\"tb_text_wrap\">\n        <p><a href=\"https:\/\/worldacademyofhumanmovement.com\/en\/general-terms-and-conditions-of-use-gtcu\/\">GTOU<\/a><\/p>    <\/div>\n<\/div>\n<!-- \/module text --><!-- module text -->\n<div  class=\"module module-text tb_pl90929   \" data-lazy=\"1\">\n        <div  class=\"tb_text_wrap\">\n        <p><a href=\"https:\/\/worldacademyofhumanmovement.com\/en\/general-terms-and-conditions-gtc\/#\">GTCS<\/a><\/p>    <\/div>\n<\/div>\n<!-- \/module text -->        <\/div>\n                    <\/div>\n                <\/div>\n                    <div  data-lazy=\"1\" class=\"module_column sub_column col3-1 tb_tnfn929\">\n                            <div  data-lazy=\"1\" class=\"module_subrow themify_builder_sub_row tf_w col_align_top tb_col_count_1 tb_9rs9929\">\n                <div  data-lazy=\"1\" class=\"module_column sub_column col-full tb_2slv929 first\">\n                    <!-- module text -->\n<div  class=\"module module-text tb_c1x9929   \" data-lazy=\"1\">\n        <div  class=\"tb_text_wrap\">\n        <h4>Support<\/h4>    <\/div>\n<\/div>\n<!-- \/module text -->        <\/div>\n                    <\/div>\n                <\/div>\n                    <div  data-lazy=\"1\" class=\"module_column sub_column col3-1 tb_g20l929 last\">\n                            <div  data-lazy=\"1\" class=\"module_subrow themify_builder_sub_row tf_w col_align_top tb_col_count_1 tb_hdti929\">\n                <div  data-lazy=\"1\" class=\"module_column sub_column col-full tb_wnnn929 first\">\n                    <!-- module text -->\n<div  class=\"module module-text tb_ed61929   \" data-lazy=\"1\">\n        <div  class=\"tb_text_wrap\">\n        <h4>Social media<\/h4>    <\/div>\n<\/div>\n<!-- \/module text --><!-- module icon -->\n<div  class=\"module module-icon tb_sr6t929    icon_horizontal \" data-lazy=\"1\">\n\t\t\t<div class=\"module-icon-item\">\n\t\t\t\t\t\t\t\t\t\t\t\t\t\t\t\t<em class=\"tf_box\"\n\t\t\t\t\t\t\t\t\t\t\t\t style=\"color:#ffffff\"\t\t\t\t\t><svg  class=\"tf_fa tf-fab-instagram\" xmlns:xlink=\"http:\/\/www.w3.org\/1999\/xlink\" aria-hidden=\"true\"><use href=\"#tf-fab-instagram\" xlink:href=\"#tf-fab-instagram\"><\/use><\/svg><\/em>\n\t\t\t\t\t\t\t\t\t\t\t\t\t\t\t\t\t\t\t<span>Instagram <\/span>\n\t\t\t\t\t\t\t\t\t\t\t\t\t\t\t<\/div>\n\t<\/div>\n<!-- \/module icon -->\n<!-- module icon -->\n<div  class=\"module module-icon tb_dmem929    icon_horizontal \" data-lazy=\"1\">\n\t\t\t<div class=\"module-icon-item\">\n\t\t\t\t\t\t\t\t\t\t\t\t\t\t\t\t<em class=\"tf_box\"\n\t\t\t\t\t\t\t\t\t\t\t\t style=\"color:#ffffff\"\t\t\t\t\t><svg  class=\"tf_fa tf-fab-facebook\" xmlns:xlink=\"http:\/\/www.w3.org\/1999\/xlink\" aria-hidden=\"true\"><use href=\"#tf-fab-facebook\" xlink:href=\"#tf-fab-facebook\"><\/use><\/svg><\/em>\n\t\t\t\t\t\t\t\t\t\t\t\t\t\t\t\t\t\t\t<span>Facebook<\/span>\n\t\t\t\t\t\t\t\t\t\t\t\t\t\t\t<\/div>\n\t<\/div>\n<!-- \/module icon -->\n<!-- module icon -->\n<div  class=\"module module-icon tb_bn4d929    icon_horizontal \" data-lazy=\"1\">\n\t\t\t<div class=\"module-icon-item\">\n\t\t\t\t\t\t\t\t\t\t\t\t\t\t\t\t<em class=\"tf_box\"\n\t\t\t\t\t\t\t\t\t\t\t\t style=\"color:#ffffff\"\t\t\t\t\t><svg  class=\"tf_fa tf-fab-x-twitter\" xmlns:xlink=\"http:\/\/www.w3.org\/1999\/xlink\" aria-hidden=\"true\"><use href=\"#tf-fab-x-twitter\" xlink:href=\"#tf-fab-x-twitter\"><\/use><\/svg><\/em>\n\t\t\t\t\t\t\t\t\t\t\t\t\t\t\t\t\t\t\t<span>X-Twitter<\/span>\n\t\t\t\t\t\t\t\t\t\t\t\t\t\t\t<\/div>\n\t<\/div>\n<!-- \/module icon -->\n<!-- module icon -->\n<div  class=\"module module-icon tb_zdcw929    icon_horizontal \" data-lazy=\"1\">\n\t\t\t<div class=\"module-icon-item\">\n\t\t\t\t\t\t\t\t\t\t\t\t\t\t\t\t<em class=\"tf_box\"\n\t\t\t\t\t\t\t\t\t\t\t\t style=\"color:#ffffff\"\t\t\t\t\t><svg  class=\"tf_fa tf-fab-tiktok\" xmlns:xlink=\"http:\/\/www.w3.org\/1999\/xlink\" aria-hidden=\"true\"><use href=\"#tf-fab-tiktok\" xlink:href=\"#tf-fab-tiktok\"><\/use><\/svg><\/em>\n\t\t\t\t\t\t\t\t\t\t\t\t\t\t\t\t\t\t\t<span>Tiktok<\/span>\n\t\t\t\t\t\t\t\t\t\t\t\t\t\t\t<\/div>\n\t<\/div>\n<!-- \/module icon -->\n        <\/div>\n                    <\/div>\n                <\/div>\n                    <\/div>\n                <\/div>\n                        <\/div>\n        <\/div>\n        <\/div>\n<!--\/themify_builder_content-->","protected":false},"excerpt":{"rendered":"<p>Legal notices World Academy of Human Movement (WAHM). Site Publisher World Academy of Human Movement (WAHM)Legal form: Company to be specified (e.g. SRL \/ SAS \/ LTD)Registered office: Address to be specifiedCompany registration number (BCE): To be specifiedVAT number: To be specifiedEmail: contact@wahm.comPublication manager: Name of founder or legal director Hosting The site is hosted [&hellip;]<\/p>\n","protected":false},"author":1,"featured_media":0,"parent":0,"menu_order":0,"comment_status":"closed","ping_status":"closed","template":"","meta":{"footnotes":""},"class_list":["post-2834","page","type-page","status-publish","hentry","has-post-title","has-post-date","has-post-category","has-post-tag","has-post-comment","has-post-author",""],"yoast_head":"<!-- This site is optimized with the Yoast SEO plugin v27.3 - https:\/\/yoast.com\/product\/yoast-seo-wordpress\/ -->\n<title>Legal notices - WAHM<\/title>\n<meta name=\"robots\" content=\"index, follow, max-snippet:-1, max-image-preview:large, max-video-preview:-1\" \/>\n<link rel=\"canonical\" href=\"https:\/\/worldacademyofhumanmovement.com\/en\/legal-notices\/\" \/>\n<meta property=\"og:locale\" content=\"en_US\" \/>\n<meta property=\"og:type\" content=\"article\" \/>\n<meta property=\"og:title\" content=\"Legal notices - WAHM\" \/>\n<meta property=\"og:description\" content=\"Legal notices World Academy of Human Movement (WAHM). Site Publisher World Academy of Human Movement (WAHM)Legal form: Company to be specified (e.g. SRL \/ SAS \/ LTD)Registered office: Address to be specifiedCompany registration number (BCE): To be specifiedVAT number: To be specifiedEmail: contact@wahm.comPublication manager: Name of founder or legal director Hosting The site is hosted [&hellip;]\" \/>\n<meta property=\"og:url\" content=\"https:\/\/worldacademyofhumanmovement.com\/en\/legal-notices\/\" \/>\n<meta property=\"og:site_name\" content=\"WAHM\" \/>\n<meta property=\"article:modified_time\" content=\"2026-03-12T22:25:23+00:00\" \/>\n<meta property=\"og:image\" content=\"https:\/\/worldacademyofhumanmovement.com\/wp-content\/uploads\/2025\/12\/WAHM-Main-Logo-800x600-1.jpg\" \/>\n<meta name=\"twitter:card\" content=\"summary_large_image\" \/>\n<meta name=\"twitter:label1\" content=\"Est. reading time\" \/>\n\t<meta name=\"twitter:data1\" content=\"1 minute\" \/>\n<script type=\"application\/ld+json\" class=\"yoast-schema-graph\">{\"@context\":\"https:\\\/\\\/schema.org\",\"@graph\":[{\"@type\":\"WebPage\",\"@id\":\"https:\\\/\\\/worldacademyofhumanmovement.com\\\/en\\\/legal-notices\\\/\",\"url\":\"https:\\\/\\\/worldacademyofhumanmovement.com\\\/en\\\/legal-notices\\\/\",\"name\":\"Legal notices - WAHM\",\"isPartOf\":{\"@id\":\"https:\\\/\\\/worldacademyofhumanmovement.com\\\/en\\\/#website\"},\"primaryImageOfPage\":{\"@id\":\"https:\\\/\\\/worldacademyofhumanmovement.com\\\/en\\\/legal-notices\\\/#primaryimage\"},\"image\":{\"@id\":\"https:\\\/\\\/worldacademyofhumanmovement.com\\\/en\\\/legal-notices\\\/#primaryimage\"},\"thumbnailUrl\":\"https:\\\/\\\/worldacademyofhumanmovement.com\\\/wp-content\\\/uploads\\\/2025\\\/12\\\/WAHM-Main-Logo-800x600-1.jpg\",\"datePublished\":\"2026-02-01T15:16:56+00:00\",\"dateModified\":\"2026-03-12T22:25:23+00:00\",\"breadcrumb\":{\"@id\":\"https:\\\/\\\/worldacademyofhumanmovement.com\\\/en\\\/legal-notices\\\/#breadcrumb\"},\"inLanguage\":\"en-US\",\"potentialAction\":[{\"@type\":\"ReadAction\",\"target\":[\"https:\\\/\\\/worldacademyofhumanmovement.com\\\/en\\\/legal-notices\\\/\"]}]},{\"@type\":\"ImageObject\",\"inLanguage\":\"en-US\",\"@id\":\"https:\\\/\\\/worldacademyofhumanmovement.com\\\/en\\\/legal-notices\\\/#primaryimage\",\"url\":\"https:\\\/\\\/worldacademyofhumanmovement.com\\\/wp-content\\\/uploads\\\/2025\\\/12\\\/WAHM-Main-Logo-800x600-1.jpg\",\"contentUrl\":\"https:\\\/\\\/worldacademyofhumanmovement.com\\\/wp-content\\\/uploads\\\/2025\\\/12\\\/WAHM-Main-Logo-800x600-1.jpg\"},{\"@type\":\"BreadcrumbList\",\"@id\":\"https:\\\/\\\/worldacademyofhumanmovement.com\\\/en\\\/legal-notices\\\/#breadcrumb\",\"itemListElement\":[{\"@type\":\"ListItem\",\"position\":1,\"name\":\"Accueil\",\"item\":\"https:\\\/\\\/worldacademyofhumanmovement.com\\\/en\\\/\"},{\"@type\":\"ListItem\",\"position\":2,\"name\":\"Legal notices\"}]},{\"@type\":\"WebSite\",\"@id\":\"https:\\\/\\\/worldacademyofhumanmovement.com\\\/en\\\/#website\",\"url\":\"https:\\\/\\\/worldacademyofhumanmovement.com\\\/en\\\/\",\"name\":\"WAHM\",\"description\":\"La plateforme mondiale qui r\u00e9unit les meilleures formations en sant\u00e9, coaching, bien-\u00eatre et performance.\",\"potentialAction\":[{\"@type\":\"SearchAction\",\"target\":{\"@type\":\"EntryPoint\",\"urlTemplate\":\"https:\\\/\\\/worldacademyofhumanmovement.com\\\/en\\\/?s={search_term_string}\"},\"query-input\":{\"@type\":\"PropertyValueSpecification\",\"valueRequired\":true,\"valueName\":\"search_term_string\"}}],\"inLanguage\":\"en-US\"}]}<\/script>\n<!-- \/ Yoast SEO plugin. -->","yoast_head_json":{"title":"Legal notices - WAHM","robots":{"index":"index","follow":"follow","max-snippet":"max-snippet:-1","max-image-preview":"max-image-preview:large","max-video-preview":"max-video-preview:-1"},"canonical":"https:\/\/worldacademyofhumanmovement.com\/en\/legal-notices\/","og_locale":"en_US","og_type":"article","og_title":"Legal notices - WAHM","og_description":"Legal notices World Academy of Human Movement (WAHM). Site Publisher World Academy of Human Movement (WAHM)Legal form: Company to be specified (e.g. SRL \/ SAS \/ LTD)Registered office: Address to be specifiedCompany registration number (BCE): To be specifiedVAT number: To be specifiedEmail: contact@wahm.comPublication manager: Name of founder or legal director Hosting The site is hosted [&hellip;]","og_url":"https:\/\/worldacademyofhumanmovement.com\/en\/legal-notices\/","og_site_name":"WAHM","article_modified_time":"2026-03-12T22:25:23+00:00","og_image":[{"url":"https:\/\/worldacademyofhumanmovement.com\/wp-content\/uploads\/2025\/12\/WAHM-Main-Logo-800x600-1.jpg","type":"","width":"","height":""}],"twitter_card":"summary_large_image","twitter_misc":{"Est. reading time":"1 minute"},"schema":{"@context":"https:\/\/schema.org","@graph":[{"@type":"WebPage","@id":"https:\/\/worldacademyofhumanmovement.com\/en\/legal-notices\/","url":"https:\/\/worldacademyofhumanmovement.com\/en\/legal-notices\/","name":"Legal notices - WAHM","isPartOf":{"@id":"https:\/\/worldacademyofhumanmovement.com\/en\/#website"},"primaryImageOfPage":{"@id":"https:\/\/worldacademyofhumanmovement.com\/en\/legal-notices\/#primaryimage"},"image":{"@id":"https:\/\/worldacademyofhumanmovement.com\/en\/legal-notices\/#primaryimage"},"thumbnailUrl":"https:\/\/worldacademyofhumanmovement.com\/wp-content\/uploads\/2025\/12\/WAHM-Main-Logo-800x600-1.jpg","datePublished":"2026-02-01T15:16:56+00:00","dateModified":"2026-03-12T22:25:23+00:00","breadcrumb":{"@id":"https:\/\/worldacademyofhumanmovement.com\/en\/legal-notices\/#breadcrumb"},"inLanguage":"en-US","potentialAction":[{"@type":"ReadAction","target":["https:\/\/worldacademyofhumanmovement.com\/en\/legal-notices\/"]}]},{"@type":"ImageObject","inLanguage":"en-US","@id":"https:\/\/worldacademyofhumanmovement.com\/en\/legal-notices\/#primaryimage","url":"https:\/\/worldacademyofhumanmovement.com\/wp-content\/uploads\/2025\/12\/WAHM-Main-Logo-800x600-1.jpg","contentUrl":"https:\/\/worldacademyofhumanmovement.com\/wp-content\/uploads\/2025\/12\/WAHM-Main-Logo-800x600-1.jpg"},{"@type":"BreadcrumbList","@id":"https:\/\/worldacademyofhumanmovement.com\/en\/legal-notices\/#breadcrumb","itemListElement":[{"@type":"ListItem","position":1,"name":"Accueil","item":"https:\/\/worldacademyofhumanmovement.com\/en\/"},{"@type":"ListItem","position":2,"name":"Legal notices"}]},{"@type":"WebSite","@id":"https:\/\/worldacademyofhumanmovement.com\/en\/#website","url":"https:\/\/worldacademyofhumanmovement.com\/en\/","name":"WAHM","description":"La plateforme mondiale qui r\u00e9unit les meilleures formations en sant\u00e9, coaching, bien-\u00eatre et performance.","potentialAction":[{"@type":"SearchAction","target":{"@type":"EntryPoint","urlTemplate":"https:\/\/worldacademyofhumanmovement.com\/en\/?s={search_term_string}"},"query-input":{"@type":"PropertyValueSpecification","valueRequired":true,"valueName":"search_term_string"}}],"inLanguage":"en-US"}]}},"builder_content":"<h2><strong>Legal notices<\/strong><\/h2>\n\n<p><strong><em>World Academy of Human Movement (WAHM).<\/em><\/strong><\/p>\n<h3>Site Publisher<\/h3> <p><strong>World Academy of Human Movement (WAHM)<\/strong><br>Legal form: <em>Company to be specified (e.g. SRL \/ SAS \/ LTD)<\/em><br>Registered office: <em>Address to be specified<\/em><br><em>Company registration number (BCE): To be specified<\/em><br>VAT number: <em>To be specified<\/em><br>Email: <em>contact@wahm.com<\/em><br>Publication manager: <em>Name of founder or legal director<\/em><\/p> <h3>Hosting<\/h3> <p>The site is hosted by: <b>o2switch<\/b><br>Address: Chem. des Pardiaux, 63000 Clermont-Ferrand, France<br>Website: https:\/\/worldacademyofhumanmovement.com\/ <\/p> <h3>Intellectual property<\/h3> <p>All site content (text, videos, images, logos, training courses, documents) is protected by copyright and remains the property of WAHM or its partner trainers.<br>Any unauthorized reproduction, distribution or use is strictly prohibited.<\/p> <h3>Personal data<\/h3> <p>WAHM collects only the necessary data:<\/p> <ul> <li>Last name, first name<\/li> <li>Email<\/li> <li>Payment information<\/li> <li>Purchase history<\/li> <li>Educational progress<\/li> <\/ul> <p>This data is used to:<br>\u2714 Manage your account<br>\u2714 Track your training courses<br>\u2714 Provide support<br>\u2714 Send communications related to your purchases<br>\u2714 Improve the service<\/p> <p>In accordance with the GDPR (General Data Protection Regulation), you may request:<br>Access, modification or deletion of your data<br>Portability<br>Limitation of processing<\/p> <p>Request: <strong>privacy@wahm.com<\/strong><\/p>\n<img src=\"https:\/\/worldacademyofhumanmovement.com\/wp-content\/uploads\/2025\/12\/WAHM-Main-Logo-800x600-1.jpg\" width=\"150\" title=\"Legal notices\" alt=\"Legal notices\">\n<p>Where elite professionals are trained.<\/p>\n\n<p><em>contact@wahm.com<\/em><\/p>\n<h4>Legal<\/h4>\n<p><a href=\"https:\/\/worldacademyofhumanmovement.com\/en\/?page_id=2834\">Legal notices<\/a><\/p>\n<p><a href=\"https:\/\/worldacademyofhumanmovement.com\/en\/general-terms-and-conditions-of-use-gtcu\/\">GTOU<\/a><\/p>\n<p><a href=\"https:\/\/worldacademyofhumanmovement.com\/en\/general-terms-and-conditions-gtc\/#\">GTCS<\/a><\/p>\n<h4>Support<\/h4>\n<h4>Social media<\/h4>\n<em style=\"color:#ffffff\" ><svg xmlns:xlink=\"http:\/\/www.w3.org\/1999\/xlink\" aria-hidden=\"true\"><use href=\"#tf-fab-instagram\" xlink:href=\"#tf-fab-instagram\"><\/use><\/svg><\/em> Instagram\n<em style=\"color:#ffffff\" ><svg xmlns:xlink=\"http:\/\/www.w3.org\/1999\/xlink\" aria-hidden=\"true\"><use href=\"#tf-fab-facebook\" xlink:href=\"#tf-fab-facebook\"><\/use><\/svg><\/em> Facebook\n<em style=\"color:#ffffff\" ><svg xmlns:xlink=\"http:\/\/www.w3.org\/1999\/xlink\" aria-hidden=\"true\"><use href=\"#tf-fab-x-twitter\" xlink:href=\"#tf-fab-x-twitter\"><\/use><\/svg><\/em> X-Twitter\n<em style=\"color:#ffffff\" ><svg xmlns:xlink=\"http:\/\/www.w3.org\/1999\/xlink\" aria-hidden=\"true\"><use href=\"#tf-fab-tiktok\" xlink:href=\"#tf-fab-tiktok\"><\/use><\/svg><\/em> Tiktok","_links":{"self":[{"href":"https:\/\/worldacademyofhumanmovement.com\/en\/wp-json\/wp\/v2\/pages\/2834","targetHints":{"allow":["GET"]}}],"collection":[{"href":"https:\/\/worldacademyofhumanmovement.com\/en\/wp-json\/wp\/v2\/pages"}],"about":[{"href":"https:\/\/worldacademyofhumanmovement.com\/en\/wp-json\/wp\/v2\/types\/page"}],"author":[{"embeddable":true,"href":"https:\/\/worldacademyofhumanmovement.com\/en\/wp-json\/wp\/v2\/users\/1"}],"replies":[{"embeddable":true,"href":"https:\/\/worldacademyofhumanmovement.com\/en\/wp-json\/wp\/v2\/comments?post=2834"}],"version-history":[{"count":7,"href":"https:\/\/worldacademyofhumanmovement.com\/en\/wp-json\/wp\/v2\/pages\/2834\/revisions"}],"predecessor-version":[{"id":2865,"href":"https:\/\/worldacademyofhumanmovement.com\/en\/wp-json\/wp\/v2\/pages\/2834\/revisions\/2865"}],"wp:attachment":[{"href":"https:\/\/worldacademyofhumanmovement.com\/en\/wp-json\/wp\/v2\/media?parent=2834"}],"curies":[{"name":"wp","href":"https:\/\/api.w.org\/{rel}","templated":true}]}}